{"id":11408,"date":"2023-06-23T16:19:56","date_gmt":"2023-06-23T20:19:56","guid":{"rendered":"https:\/\/c55978fc42.nxcli.io\/?post_type=product&#038;p=11408"},"modified":"2026-03-03T01:23:38","modified_gmt":"2026-03-03T06:23:38","slug":"identification-de-tuyau-dia-3-25-banniere-imprimee-avec-4-trous-13-75x8-25-standard-iz","status":"publish","type":"product","link":"https:\/\/ezsecur.elsnerdev.com\/fr\/product\/identification-de-tuyau-dia-3-25-banniere-imprimee-avec-4-trous-13-75x8-25-standard-iz\/","title":{"rendered":"Identification de tuyau dia 3.25 &#8211; Banni\u00e8re imprim\u00e9e avec 4 trous &#8211; 13.75&#215;8.25 &#8211; STANDARD IZ"},"content":{"rendered":"<p>*** Fabriqu\u00e9 au Qu\u00e9bec ***<\/p>\n<pre id=\"subvalue_PRODUCTCF11\" class=\"mL45 robotoRegular DV_textAreaLineClamp\" data-zcqa=\"value_Description - French\">\u00c9tiquette d'identification de tuyaux de diam\u00e8tre 3.25 environ. \r\nFond jaune, lettrage noir et pictogramme. \r\n4 trous aux coins 3\/8 2x: \r\nTie-rap inclus pour installation \r\nVISUEL: \r\nLettrage, consignes et identification \u00e0 confirmer. \r\nPrix unitaire pour un lot de 10<\/pre>\n","protected":false},"excerpt":{"rendered":"<p>*** Fabriqu\u00e9 au Qu\u00e9bec *** \u00c9tiquette d&rsquo;identification de tuyaux de diam\u00e8tre 3.25 environ. Fond jaune, lettrage noir et pictogramme. 4 trous aux coins 3\/8 2x: Tie-rap<span class=\"excerpt-hellip\"> [\u2026]<\/span><\/p>\n","protected":false},"featured_media":27836,"template":"","meta":[],"product_brand":[],"product_cat":[446,462],"product_tag":[],"class_list":{"0":"post-11408","1":"product","2":"type-product","3":"status-publish","4":"has-post-thumbnail","6":"product_cat-amelioration-continue","7":"product_cat-etiquettes-didentification-carnets-de-bord-carnets-dinspection-formulaires","8":"pa_organization-ezsecur","9":"pa_sku-std-id-tuy-jaun-dia3-25-13-75x8-25","10":"pa_unit-pqt","12":"first","13":"instock","14":"taxable","15":"shipping-taxable","16":"purchasable","17":"product-type-simple"},"_links":{"self":[{"href":"https:\/\/ezsecur.elsnerdev.com\/fr\/wp-json\/wp\/v2\/product\/11408","targetHints":{"allow":["GET"]}}],"collection":[{"href":"https:\/\/ezsecur.elsnerdev.com\/fr\/wp-json\/wp\/v2\/product"}],"about":[{"href":"https:\/\/ezsecur.elsnerdev.com\/fr\/wp-json\/wp\/v2\/types\/product"}],"wp:featuredmedia":[{"embeddable":true,"href":"https:\/\/ezsecur.elsnerdev.com\/fr\/wp-json\/wp\/v2\/media\/27836"}],"wp:attachment":[{"href":"https:\/\/ezsecur.elsnerdev.com\/fr\/wp-json\/wp\/v2\/media?parent=11408"}],"wp:term":[{"taxonomy":"product_brand","embeddable":true,"href":"https:\/\/ezsecur.elsnerdev.com\/fr\/wp-json\/wp\/v2\/product_brand?post=11408"},{"taxonomy":"product_cat","embeddable":true,"href":"https:\/\/ezsecur.elsnerdev.com\/fr\/wp-json\/wp\/v2\/product_cat?post=11408"},{"taxonomy":"product_tag","embeddable":true,"href":"https:\/\/ezsecur.elsnerdev.com\/fr\/wp-json\/wp\/v2\/product_tag?post=11408"}],"curies":[{"name":"wp","href":"https:\/\/api.w.org\/{rel}","templated":true}]}}