{"id":11412,"date":"2023-06-24T13:54:38","date_gmt":"2023-06-24T17:54:38","guid":{"rendered":"https:\/\/c55978fc42.nxcli.io\/?post_type=product&#038;p=11412"},"modified":"2026-03-03T01:23:39","modified_gmt":"2026-03-03T06:23:39","slug":"autocollant-nfpa-vinyle-hi-tack-imprime-lamine-glace-16x16-standard-iz","status":"publish","type":"product","link":"https:\/\/ezsecur.elsnerdev.com\/fr\/product\/autocollant-nfpa-vinyle-hi-tack-imprime-lamine-glace-16x16-standard-iz\/","title":{"rendered":"Autocollant &#8211; NFPA &#8211; Vinyle Hi-Tack Imprim\u00e9 Lamin\u00e9 Glac\u00e9 &#8211; 16&#215;16 &#8211; STANDARD IZ"},"content":{"rendered":"<p>*** Fabriqu\u00e9 au Qu\u00e9bec ***<\/p>\n<pre id=\"subvalue_PRODUCTCF11\" class=\"mL45 robotoRegular DV_textAreaLineClamp\" data-zcqa=\"value_Description - French\">Visuel au standard de la National Fire Protection Association. \r\nCarr\u00e9s rouge, jaune, bleu et blanc de 7.5x7.5 avec bordure noire.<\/pre>\n","protected":false},"excerpt":{"rendered":"<p>*** Fabriqu\u00e9 au Qu\u00e9bec *** Visuel au standard de la National Fire Protection Association. Carr\u00e9s rouge, jaune, bleu et blanc de 7.5&#215;7.5 avec bordure noire.<\/p>\n","protected":false},"featured_media":27837,"template":"","meta":[],"product_brand":[],"product_cat":[446,462],"product_tag":[],"class_list":{"0":"post-11412","1":"product","2":"type-product","3":"status-publish","4":"has-post-thumbnail","6":"product_cat-amelioration-continue","7":"product_cat-etiquettes-didentification-carnets-de-bord-carnets-dinspection-formulaires","8":"pa_organization-ezsecur","9":"pa_sku-std-aut-nfpa-064-hit-gla-16x16","10":"pa_unit-pcs","12":"first","13":"instock","14":"taxable","15":"shipping-taxable","16":"purchasable","17":"product-type-simple"},"_links":{"self":[{"href":"https:\/\/ezsecur.elsnerdev.com\/fr\/wp-json\/wp\/v2\/product\/11412","targetHints":{"allow":["GET"]}}],"collection":[{"href":"https:\/\/ezsecur.elsnerdev.com\/fr\/wp-json\/wp\/v2\/product"}],"about":[{"href":"https:\/\/ezsecur.elsnerdev.com\/fr\/wp-json\/wp\/v2\/types\/product"}],"wp:featuredmedia":[{"embeddable":true,"href":"https:\/\/ezsecur.elsnerdev.com\/fr\/wp-json\/wp\/v2\/media\/27837"}],"wp:attachment":[{"href":"https:\/\/ezsecur.elsnerdev.com\/fr\/wp-json\/wp\/v2\/media?parent=11412"}],"wp:term":[{"taxonomy":"product_brand","embeddable":true,"href":"https:\/\/ezsecur.elsnerdev.com\/fr\/wp-json\/wp\/v2\/product_brand?post=11412"},{"taxonomy":"product_cat","embeddable":true,"href":"https:\/\/ezsecur.elsnerdev.com\/fr\/wp-json\/wp\/v2\/product_cat?post=11412"},{"taxonomy":"product_tag","embeddable":true,"href":"https:\/\/ezsecur.elsnerdev.com\/fr\/wp-json\/wp\/v2\/product_tag?post=11412"}],"curies":[{"name":"wp","href":"https:\/\/api.w.org\/{rel}","templated":true}]}}