{"id":11448,"date":"2023-06-24T16:57:51","date_gmt":"2023-06-24T20:57:51","guid":{"rendered":"https:\/\/c55978fc42.nxcli.io\/?post_type=product&#038;p=11448"},"modified":"2026-03-03T01:23:43","modified_gmt":"2026-03-03T06:23:43","slug":"affiche-personnel-autorise-seulement-alumibest-vinyle-regulier-imprime-lamine-glace-10x7-standard-iz","status":"publish","type":"product","link":"https:\/\/ezsecur.elsnerdev.com\/fr\/product\/affiche-personnel-autorise-seulement-alumibest-vinyle-regulier-imprime-lamine-glace-10x7-standard-iz\/","title":{"rendered":"Affiche &#8211; Personnel autoris\u00e9 seulement &#8211; Alumibest &#8211; Vinyle r\u00e9gulier Imprim\u00e9 lamin\u00e9 glac\u00e9 &#8211; 10&#215;7 &#8211; STANDARD IZ"},"content":{"rendered":"<p>*** Fabriqu\u00e9 au Qu\u00e9bec ***<\/p>\n<pre id=\"subvalue_PRODUCTCF11\" class=\"mL45 robotoRegular DV_textAreaLineClamp\" data-zcqa=\"value_Description - French\">Fond orange, lettrage noir. \r\nAVERTISSEMENT, PERSONNEL AUTORIS\u00c9 SEULEMENT, D\u00c9FENSE D'ENTRER, \r\nPictogramme.<\/pre>\n","protected":false},"excerpt":{"rendered":"<p>*** Fabriqu\u00e9 au Qu\u00e9bec *** Fond orange, lettrage noir. AVERTISSEMENT, PERSONNEL AUTORIS\u00c9 SEULEMENT, D\u00c9FENSE D&rsquo;ENTRER, Pictogramme.<\/p>\n","protected":false},"featured_media":27845,"template":"","meta":[],"product_brand":[],"product_cat":[389,401],"product_tag":[],"class_list":{"0":"post-11448","1":"product","2":"type-product","3":"status-publish","4":"has-post-thumbnail","6":"product_cat-signalisation-industrielle-et-circulation-sur-site","7":"product_cat-affichage-industriel","8":"pa_organization-ezsecur","9":"pa_sku-std-aff-peraut-alub-reg-gla-10x7","10":"pa_unit-pcs","12":"first","13":"instock","14":"taxable","15":"shipping-taxable","16":"purchasable","17":"product-type-simple"},"_links":{"self":[{"href":"https:\/\/ezsecur.elsnerdev.com\/fr\/wp-json\/wp\/v2\/product\/11448","targetHints":{"allow":["GET"]}}],"collection":[{"href":"https:\/\/ezsecur.elsnerdev.com\/fr\/wp-json\/wp\/v2\/product"}],"about":[{"href":"https:\/\/ezsecur.elsnerdev.com\/fr\/wp-json\/wp\/v2\/types\/product"}],"wp:featuredmedia":[{"embeddable":true,"href":"https:\/\/ezsecur.elsnerdev.com\/fr\/wp-json\/wp\/v2\/media\/27845"}],"wp:attachment":[{"href":"https:\/\/ezsecur.elsnerdev.com\/fr\/wp-json\/wp\/v2\/media?parent=11448"}],"wp:term":[{"taxonomy":"product_brand","embeddable":true,"href":"https:\/\/ezsecur.elsnerdev.com\/fr\/wp-json\/wp\/v2\/product_brand?post=11448"},{"taxonomy":"product_cat","embeddable":true,"href":"https:\/\/ezsecur.elsnerdev.com\/fr\/wp-json\/wp\/v2\/product_cat?post=11448"},{"taxonomy":"product_tag","embeddable":true,"href":"https:\/\/ezsecur.elsnerdev.com\/fr\/wp-json\/wp\/v2\/product_tag?post=11448"}],"curies":[{"name":"wp","href":"https:\/\/api.w.org\/{rel}","templated":true}]}}