{"id":11488,"date":"2023-06-25T04:07:23","date_gmt":"2023-06-25T08:07:23","guid":{"rendered":"https:\/\/c55978fc42.nxcli.io\/?post_type=product&#038;p=11488"},"modified":"2026-03-03T01:23:50","modified_gmt":"2026-03-03T06:23:50","slug":"affiche-azote-aluminium-0-064-vinyle-grade-regulier-imprime-lamine-glace-12x8-type-2-standard-iz","status":"publish","type":"product","link":"https:\/\/ezsecur.elsnerdev.com\/fr\/product\/affiche-azote-aluminium-0-064-vinyle-grade-regulier-imprime-lamine-glace-12x8-type-2-standard-iz\/","title":{"rendered":"Affiche &#8211; Azote &#8211; Aluminium 0.064 &#8211; Vinyle grade r\u00e9gulier imprim\u00e9 lamin\u00e9 glac\u00e9 &#8211; 12&#215;8 &#8211; TYPE 2 &#8211; STANDARD IZ"},"content":{"rendered":"<p>*** Fabriqu\u00e9 au Qu\u00e9bec ***<\/p>\n<p>Fond gris, lettrage noir.<\/p>\n<p>Symbole d&rsquo;avertissement.<\/p>\n<p>Avec 2x trous dans les coins.<\/p>\n<p>Coins ronds.<\/p>\n<p>ALIMENTATION EN AZOTE.<\/p>\n","protected":false},"excerpt":{"rendered":"<p>*** Fabriqu\u00e9 au Qu\u00e9bec *** Fond gris, lettrage noir. Symbole d&rsquo;avertissement. Avec 2x trous dans les coins. Coins ronds. ALIMENTATION EN AZOTE.<\/p>\n","protected":false},"featured_media":27854,"template":"","meta":[],"product_brand":[],"product_cat":[389,401],"product_tag":[],"class_list":{"0":"post-11488","1":"product","2":"type-product","3":"status-publish","4":"has-post-thumbnail","6":"product_cat-signalisation-industrielle-et-circulation-sur-site","7":"product_cat-affichage-industriel","8":"pa_organization-ezsecur","9":"pa_sku-std-aff-aver-azot-064-reg-gla-12x8-type2","10":"pa_unit-pcs","12":"first","13":"instock","14":"taxable","15":"shipping-taxable","16":"purchasable","17":"product-type-simple"},"_links":{"self":[{"href":"https:\/\/ezsecur.elsnerdev.com\/fr\/wp-json\/wp\/v2\/product\/11488","targetHints":{"allow":["GET"]}}],"collection":[{"href":"https:\/\/ezsecur.elsnerdev.com\/fr\/wp-json\/wp\/v2\/product"}],"about":[{"href":"https:\/\/ezsecur.elsnerdev.com\/fr\/wp-json\/wp\/v2\/types\/product"}],"wp:featuredmedia":[{"embeddable":true,"href":"https:\/\/ezsecur.elsnerdev.com\/fr\/wp-json\/wp\/v2\/media\/27854"}],"wp:attachment":[{"href":"https:\/\/ezsecur.elsnerdev.com\/fr\/wp-json\/wp\/v2\/media?parent=11488"}],"wp:term":[{"taxonomy":"product_brand","embeddable":true,"href":"https:\/\/ezsecur.elsnerdev.com\/fr\/wp-json\/wp\/v2\/product_brand?post=11488"},{"taxonomy":"product_cat","embeddable":true,"href":"https:\/\/ezsecur.elsnerdev.com\/fr\/wp-json\/wp\/v2\/product_cat?post=11488"},{"taxonomy":"product_tag","embeddable":true,"href":"https:\/\/ezsecur.elsnerdev.com\/fr\/wp-json\/wp\/v2\/product_tag?post=11488"}],"curies":[{"name":"wp","href":"https:\/\/api.w.org\/{rel}","templated":true}]}}