{"id":11516,"date":"2023-06-25T04:47:54","date_gmt":"2023-06-25T08:47:54","guid":{"rendered":"https:\/\/c55978fc42.nxcli.io\/?post_type=product&#038;p=11516"},"modified":"2026-03-03T01:23:53","modified_gmt":"2026-03-03T06:23:53","slug":"affiche-zone-de-distribution-de-carburant-entree-ici-aluminium-0-080-vinyle-grade-diamant-vinyle-transparent-imprime-lamine-glace-32x56-standard-iz","status":"publish","type":"product","link":"https:\/\/ezsecur.elsnerdev.com\/fr\/product\/affiche-zone-de-distribution-de-carburant-entree-ici-aluminium-0-080-vinyle-grade-diamant-vinyle-transparent-imprime-lamine-glace-32x56-standard-iz\/","title":{"rendered":"Affiche &#8211; Zone de distribution de carburant, Entr\u00e9e ici &#8211; Aluminium 0.080 &#8211; Vinyle Grade Diamant Vinyle transparent imprim\u00e9 lamin\u00e9 glac\u00e9 &#8211; 32&#215;56 &#8211; STANDARD IZ"},"content":{"rendered":"<p>*** Fabriqu\u00e9 au Qu\u00e9bec ***<\/p>\n<p>Fond jaune et noir, lettrage blanc, pictogramme noir et blanc.<\/p>\n<p>ENTR\u00c9E ICI, Fl\u00e8che \u00e0 droite ou \u00e0 gauche.<\/p>\n<p>Affiche &#8211; Zone de distribution de carburant, Entr\u00e9e ICI &#8211; Aluminium 0.080 &#8211; Vinyle r\u00e9gulier imprim\u00e9, lamin\u00e9 brillant, qualit\u00e9 diamant &#8211; 32&#215;56 &#8211; STANDARD IZ<br \/>\nFond jaune et noir, lettrage blanc, pictogramme noir et blanc. ENTREZ ICI, Fl\u00e8che \u00e0 droite ou \u00e0 gauche.<\/p>\n","protected":false},"excerpt":{"rendered":"<p>*** Fabriqu\u00e9 au Qu\u00e9bec *** Fond jaune et noir, lettrage blanc, pictogramme noir et blanc. ENTR\u00c9E ICI, Fl\u00e8che \u00e0 droite ou \u00e0 gauche. Affiche &#8211; Zone<span class=\"excerpt-hellip\"> [\u2026]<\/span><\/p>\n","protected":false},"featured_media":27860,"template":"","meta":[],"product_brand":[],"product_cat":[389,401],"product_tag":[],"class_list":{"0":"post-11516","1":"product","2":"type-product","3":"status-publish","4":"has-post-thumbnail","6":"product_cat-signalisation-industrielle-et-circulation-sur-site","7":"product_cat-affichage-industriel","8":"pa_organization-ezsecur","9":"pa_sku-std-aff-carbentr-080-dia-tra-gla-32x56","10":"pa_unit-pcs","12":"first","13":"instock","14":"taxable","15":"shipping-taxable","16":"purchasable","17":"product-type-simple"},"_links":{"self":[{"href":"https:\/\/ezsecur.elsnerdev.com\/fr\/wp-json\/wp\/v2\/product\/11516","targetHints":{"allow":["GET"]}}],"collection":[{"href":"https:\/\/ezsecur.elsnerdev.com\/fr\/wp-json\/wp\/v2\/product"}],"about":[{"href":"https:\/\/ezsecur.elsnerdev.com\/fr\/wp-json\/wp\/v2\/types\/product"}],"wp:featuredmedia":[{"embeddable":true,"href":"https:\/\/ezsecur.elsnerdev.com\/fr\/wp-json\/wp\/v2\/media\/27860"}],"wp:attachment":[{"href":"https:\/\/ezsecur.elsnerdev.com\/fr\/wp-json\/wp\/v2\/media?parent=11516"}],"wp:term":[{"taxonomy":"product_brand","embeddable":true,"href":"https:\/\/ezsecur.elsnerdev.com\/fr\/wp-json\/wp\/v2\/product_brand?post=11516"},{"taxonomy":"product_cat","embeddable":true,"href":"https:\/\/ezsecur.elsnerdev.com\/fr\/wp-json\/wp\/v2\/product_cat?post=11516"},{"taxonomy":"product_tag","embeddable":true,"href":"https:\/\/ezsecur.elsnerdev.com\/fr\/wp-json\/wp\/v2\/product_tag?post=11516"}],"curies":[{"name":"wp","href":"https:\/\/api.w.org\/{rel}","templated":true}]}}