{"id":11524,"date":"2023-06-25T05:13:26","date_gmt":"2023-06-25T09:13:26","guid":{"rendered":"https:\/\/c55978fc42.nxcli.io\/?post_type=product&#038;p=11524"},"modified":"2026-03-03T01:23:54","modified_gmt":"2026-03-03T06:23:54","slug":"etiquette-info-alumibest-vinyle-regulier-imprime-lamine-glace-aimants-triple-a-lendos-2-25x0-625-standard-iz","status":"publish","type":"product","link":"https:\/\/ezsecur.elsnerdev.com\/fr\/product\/etiquette-info-alumibest-vinyle-regulier-imprime-lamine-glace-aimants-triple-a-lendos-2-25x0-625-standard-iz\/","title":{"rendered":"\u00c9tiquette INFO &#8211; Alumibest &#8211; Vinyle r\u00e9gulier imprim\u00e9 lamin\u00e9 glac\u00e9 &#8211; Aimants triple \u00e0 l&rsquo;endos &#8211; 2.25&#215;0.625 &#8211; STANDARD IZ"},"content":{"rendered":"<p>*** Fabriqu\u00e9 au Qu\u00e9bec ***<\/p>\n<pre id=\"subvalue_PRODUCTCF11\" class=\"mL45 robotoRegular DV_textAreaLineClamp\" data-zcqa=\"value_Description - French\">Fond jaune, lettrage noir. \r\nINFO. \r\nPrix unitaire pour un lot de 10.\r\n  \r\n  Etiquette INFO - Alumibest - Vinyle brillant imprim\u00e9 r\u00e9guli\u00e8rement - Triple aimant au dos - 2.25x0.625\r\n  - STANDARD IZ<\/pre>\n","protected":false},"excerpt":{"rendered":"<p>*** Fabriqu\u00e9 au Qu\u00e9bec *** Fond jaune, lettrage noir. INFO. Prix unitaire pour un lot de 10. Etiquette INFO &#8211; Alumibest &#8211; Vinyle brillant imprim\u00e9 r\u00e9guli\u00e8rement<span class=\"excerpt-hellip\"> [\u2026]<\/span><\/p>\n","protected":false},"featured_media":27862,"template":"","meta":[],"product_brand":[],"product_cat":[446,462],"product_tag":[],"class_list":{"0":"post-11524","1":"product","2":"type-product","3":"status-publish","4":"has-post-thumbnail","6":"product_cat-amelioration-continue","7":"product_cat-etiquettes-didentification-carnets-de-bord-carnets-dinspection-formulaires","8":"pa_organization-ezsecur","9":"pa_sku-std-eid-info-alub-reg-gla-2-25x0-625","10":"pa_unit-pcs","12":"first","13":"instock","14":"taxable","15":"shipping-taxable","16":"purchasable","17":"product-type-simple"},"_links":{"self":[{"href":"https:\/\/ezsecur.elsnerdev.com\/fr\/wp-json\/wp\/v2\/product\/11524","targetHints":{"allow":["GET"]}}],"collection":[{"href":"https:\/\/ezsecur.elsnerdev.com\/fr\/wp-json\/wp\/v2\/product"}],"about":[{"href":"https:\/\/ezsecur.elsnerdev.com\/fr\/wp-json\/wp\/v2\/types\/product"}],"wp:featuredmedia":[{"embeddable":true,"href":"https:\/\/ezsecur.elsnerdev.com\/fr\/wp-json\/wp\/v2\/media\/27862"}],"wp:attachment":[{"href":"https:\/\/ezsecur.elsnerdev.com\/fr\/wp-json\/wp\/v2\/media?parent=11524"}],"wp:term":[{"taxonomy":"product_brand","embeddable":true,"href":"https:\/\/ezsecur.elsnerdev.com\/fr\/wp-json\/wp\/v2\/product_brand?post=11524"},{"taxonomy":"product_cat","embeddable":true,"href":"https:\/\/ezsecur.elsnerdev.com\/fr\/wp-json\/wp\/v2\/product_cat?post=11524"},{"taxonomy":"product_tag","embeddable":true,"href":"https:\/\/ezsecur.elsnerdev.com\/fr\/wp-json\/wp\/v2\/product_tag?post=11524"}],"curies":[{"name":"wp","href":"https:\/\/api.w.org\/{rel}","templated":true}]}}