{"id":11528,"date":"2023-06-25T05:22:50","date_gmt":"2023-06-25T09:22:50","guid":{"rendered":"https:\/\/c55978fc42.nxcli.io\/?post_type=product&#038;p=11528"},"modified":"2026-03-03T01:23:55","modified_gmt":"2026-03-03T06:23:55","slug":"affiche-reco-verso-porte-a-faux-identification-caracteres-lettre-et-chiffres-aluminium-0-064-vinyle-regulier-imprime-lamine-glace-8x3-5-standard-iz","status":"publish","type":"product","link":"https:\/\/ezsecur.elsnerdev.com\/fr\/product\/affiche-reco-verso-porte-a-faux-identification-caracteres-lettre-et-chiffres-aluminium-0-064-vinyle-regulier-imprime-lamine-glace-8x3-5-standard-iz\/","title":{"rendered":"Affiche Reco Verso &#8211; Porte \u00e0 faux &#8211; Identification, caract\u00e8res, lettre et chiffres &#8211; Aluminium 0.064 &#8211; Vinyle R\u00e9gulier Imprim\u00e9 Lamin\u00e9 Glac\u00e9 &#8211; 8&#215;3.5 &#8211; STANDARD IZ"},"content":{"rendered":"<p>*** Fabriqu\u00e9 au Qu\u00e9bec ***<\/p>\n<p>Aluminium 0.064 avec pli de 1&Prime; sur le c\u00f4t\u00e9 pour installation en porte-\u00e0-faux vertical.<\/p>\n<p>Vinyle r\u00e9gulier er imprim\u00e9 lamin\u00e9 glac\u00e9.<\/p>\n<p>Fond blanc lettrage noir.<\/p>\n<p>LETTRES ET CHIFFRES \u00e0 confirmer.<\/p>\n<p>Prix unitaire pour un lot de 25<\/p>\n<p>Poster Recto Verso &#8211; Cantilever &#8211; Identification, caract\u00e8res, lettres et chiffres &#8211; Aluminium<br \/>\n0.064 &#8211; Vinyle r\u00e9gulier imprim\u00e9 lamin\u00e9 brillant &#8211; 8&#215;3.5 &#8211; STANDARD IZ<br \/>\nAluminium 0.064 avec pli lat\u00e9ral de 1&Prime; pour installation verticale en porte-\u00e0-faux. Vinyle imprim\u00e9 r\u00e9gulier lamin\u00e9 brillant. Fond blanc, lettrage noir.<\/p>\n<p>LETTRES ET NUM\u00c9ROS \u00e0 confirmer.<\/p>\n<p>Prix unitaire pour un ensemble de 25<\/p>\n","protected":false},"excerpt":{"rendered":"<p>*** Fabriqu\u00e9 au Qu\u00e9bec *** Aluminium 0.064 avec pli de 1&Prime; sur le c\u00f4t\u00e9 pour installation en porte-\u00e0-faux vertical. Vinyle r\u00e9gulier er imprim\u00e9 lamin\u00e9 glac\u00e9. Fond<span class=\"excerpt-hellip\"> [\u2026]<\/span><\/p>\n","protected":false},"featured_media":27863,"template":"","meta":[],"product_brand":[],"product_cat":[389,401],"product_tag":[],"class_list":{"0":"post-11528","1":"product","2":"type-product","3":"status-publish","4":"has-post-thumbnail","6":"product_cat-signalisation-industrielle-et-circulation-sur-site","7":"product_cat-affichage-industriel","8":"pa_organization-ezsecur","9":"pa_sku-std-aff-recver-paf-id-064-reg-gla-8x3-5","10":"pa_unit-pcs","12":"first","13":"instock","14":"taxable","15":"shipping-taxable","16":"purchasable","17":"product-type-simple"},"_links":{"self":[{"href":"https:\/\/ezsecur.elsnerdev.com\/fr\/wp-json\/wp\/v2\/product\/11528","targetHints":{"allow":["GET"]}}],"collection":[{"href":"https:\/\/ezsecur.elsnerdev.com\/fr\/wp-json\/wp\/v2\/product"}],"about":[{"href":"https:\/\/ezsecur.elsnerdev.com\/fr\/wp-json\/wp\/v2\/types\/product"}],"wp:featuredmedia":[{"embeddable":true,"href":"https:\/\/ezsecur.elsnerdev.com\/fr\/wp-json\/wp\/v2\/media\/27863"}],"wp:attachment":[{"href":"https:\/\/ezsecur.elsnerdev.com\/fr\/wp-json\/wp\/v2\/media?parent=11528"}],"wp:term":[{"taxonomy":"product_brand","embeddable":true,"href":"https:\/\/ezsecur.elsnerdev.com\/fr\/wp-json\/wp\/v2\/product_brand?post=11528"},{"taxonomy":"product_cat","embeddable":true,"href":"https:\/\/ezsecur.elsnerdev.com\/fr\/wp-json\/wp\/v2\/product_cat?post=11528"},{"taxonomy":"product_tag","embeddable":true,"href":"https:\/\/ezsecur.elsnerdev.com\/fr\/wp-json\/wp\/v2\/product_tag?post=11528"}],"curies":[{"name":"wp","href":"https:\/\/api.w.org\/{rel}","templated":true}]}}