{"id":11532,"date":"2023-06-25T05:43:11","date_gmt":"2023-06-25T09:43:11","guid":{"rendered":"https:\/\/c55978fc42.nxcli.io\/?post_type=product&#038;p=11532"},"modified":"2026-03-03T01:23:55","modified_gmt":"2026-03-03T06:23:55","slug":"affiche-operation-ferroviaire-arret-obligatoire-aluminium-0-064-vinyle-transparent-imprime-lamine-glace-sur-vinyle-grade-diamant-24x32-standard-iz","status":"publish","type":"product","link":"https:\/\/ezsecur.elsnerdev.com\/fr\/product\/affiche-operation-ferroviaire-arret-obligatoire-aluminium-0-064-vinyle-transparent-imprime-lamine-glace-sur-vinyle-grade-diamant-24x32-standard-iz\/","title":{"rendered":"Affiche &#8211; Op\u00e9ration ferroviaire, arr\u00eat obligatoire &#8211; Aluminium 0.064 &#8211; Vinyle transparent imprim\u00e9 lamin\u00e9 glac\u00e9 sur vinyle grade diamant &#8211; 24&#215;32 &#8211; STANDARD IZ"},"content":{"rendered":"<p>*** Fabriqu\u00e9 au Qu\u00e9bec ***<\/p>\n<p>Fond blanc, rouge et bleu.<\/p>\n<p>Lettrage noir et blanc, pictogramme rouge.<\/p>\n<p>OP\u00c9RATION FERROVIAIRE, OBLIGATOIRE, Affiche ARR\u00caT.<\/p>\n<p>Poster &#8211; Railway operation, mandatory stop &#8211; Aluminum 0.064 &#8211; Printed regular vinyl, gloss laminated, diamond grade &#8211; 24&#215;32 &#8211; STANDARD IZ<br \/>\nWhite, red and blue backgrouFond blanc, rouge et bleu.<\/p>\n<p>Lettrage noir et blanc, pictogramme rouge.<\/p>\n<p>OP\u00c9RATION FERROVIAIRE, OBLIGATOIRE, Affiche ARR\u00caT.<\/p>\n<p>Affiche &#8211; Exploitation ferroviaire, arr\u00eat obligatoire &#8211; Aluminium 0.064 &#8211; Vinyle r\u00e9gulier imprim\u00e9, lamin\u00e9 brillant, qualit\u00e9 diamant &#8211; 24&#215;32 &#8211; STANDARD IZ<br \/>\nFond blanc, rouge et bleu, lettrage noir et blanc, pictogramme rouge. Panneau RAIL OPERATION, MANDA- TORY, STOPnd, black and white lettering, red pictogram. RAIL OPERATION, MANDA- TORY, STOP sign<\/p>\n","protected":false},"excerpt":{"rendered":"<p>*** Fabriqu\u00e9 au Qu\u00e9bec *** Fond blanc, rouge et bleu. Lettrage noir et blanc, pictogramme rouge. OP\u00c9RATION FERROVIAIRE, OBLIGATOIRE, Affiche ARR\u00caT. Poster &#8211; Railway operation, mandatory<span class=\"excerpt-hellip\"> [\u2026]<\/span><\/p>\n","protected":false},"featured_media":27864,"template":"","meta":[],"product_brand":[],"product_cat":[389,401],"product_tag":[],"class_list":{"0":"post-11532","1":"product","2":"type-product","3":"status-publish","4":"has-post-thumbnail","6":"product_cat-signalisation-industrielle-et-circulation-sur-site","7":"product_cat-affichage-industriel","8":"pa_organization-ezsecur","9":"pa_sku-std-aff-ferro-064-dia-gla-24x32","10":"pa_unit-pcs","12":"first","13":"instock","14":"taxable","15":"shipping-taxable","16":"purchasable","17":"product-type-simple"},"_links":{"self":[{"href":"https:\/\/ezsecur.elsnerdev.com\/fr\/wp-json\/wp\/v2\/product\/11532","targetHints":{"allow":["GET"]}}],"collection":[{"href":"https:\/\/ezsecur.elsnerdev.com\/fr\/wp-json\/wp\/v2\/product"}],"about":[{"href":"https:\/\/ezsecur.elsnerdev.com\/fr\/wp-json\/wp\/v2\/types\/product"}],"wp:featuredmedia":[{"embeddable":true,"href":"https:\/\/ezsecur.elsnerdev.com\/fr\/wp-json\/wp\/v2\/media\/27864"}],"wp:attachment":[{"href":"https:\/\/ezsecur.elsnerdev.com\/fr\/wp-json\/wp\/v2\/media?parent=11532"}],"wp:term":[{"taxonomy":"product_brand","embeddable":true,"href":"https:\/\/ezsecur.elsnerdev.com\/fr\/wp-json\/wp\/v2\/product_brand?post=11532"},{"taxonomy":"product_cat","embeddable":true,"href":"https:\/\/ezsecur.elsnerdev.com\/fr\/wp-json\/wp\/v2\/product_cat?post=11532"},{"taxonomy":"product_tag","embeddable":true,"href":"https:\/\/ezsecur.elsnerdev.com\/fr\/wp-json\/wp\/v2\/product_tag?post=11532"}],"curies":[{"name":"wp","href":"https:\/\/api.w.org\/{rel}","templated":true}]}}