{"id":11548,"date":"2023-06-25T06:27:30","date_gmt":"2023-06-25T10:27:30","guid":{"rendered":"https:\/\/c55978fc42.nxcli.io\/?post_type=product&#038;p=11548"},"modified":"2026-03-03T01:23:57","modified_gmt":"2026-03-03T06:23:57","slug":"affiche-terrain-prive-aluminium-0-064-vinyle-regulier-imprime-lamine-glace-24x24-standard-iz","status":"publish","type":"product","link":"https:\/\/ezsecur.elsnerdev.com\/fr\/product\/affiche-terrain-prive-aluminium-0-064-vinyle-regulier-imprime-lamine-glace-24x24-standard-iz\/","title":{"rendered":"Affiche &#8211; Terrain priv\u00e9 &#8211; Aluminium 0.064 &#8211; Vinyle R\u00e9gulier Imprim\u00e9 Lamin\u00e9 Glac\u00e9 &#8211; 24&#215;24 &#8211; STANDARD IZ"},"content":{"rendered":"<p>*** Fabriqu\u00e9 au Qu\u00e9bec ***<\/p>\n<pre id=\"subvalue_PRODUCTCF11\" class=\"mL45 robotoRegular DV_textAreaLineClamp\" data-zcqa=\"value_Description - French\">Fond blanc, lettrage noir. \r\nTERRAIN PRIV\u00c9\r\n  \r\n  Poster - Lot priv\u00e9 - Aluminium 0.064 - Vinyle r\u00e9gulier imprim\u00e9 lamin\u00e9 brillant - 24x24 - STAN- DARD IZ\r\n  Fond blanc, lettrage noir. \r\nTERRAIN PRIV\u00c9<\/pre>\n","protected":false},"excerpt":{"rendered":"<p>*** Fabriqu\u00e9 au Qu\u00e9bec *** Fond blanc, lettrage noir. TERRAIN PRIV\u00c9 Poster &#8211; Lot priv\u00e9 &#8211; Aluminium 0.064 &#8211; Vinyle r\u00e9gulier imprim\u00e9 lamin\u00e9 brillant &#8211; 24&#215;24<span class=\"excerpt-hellip\"> [\u2026]<\/span><\/p>\n","protected":false},"featured_media":27868,"template":"","meta":[],"product_brand":[],"product_cat":[389,401],"product_tag":[],"class_list":{"0":"post-11548","1":"product","2":"type-product","3":"status-publish","4":"has-post-thumbnail","6":"product_cat-signalisation-industrielle-et-circulation-sur-site","7":"product_cat-affichage-industriel","8":"pa_organization-ezsecur","9":"pa_sku-std-aff-priv-064-reg-gla-24x24","10":"pa_unit-pcs","12":"first","13":"instock","14":"taxable","15":"shipping-taxable","16":"purchasable","17":"product-type-simple"},"_links":{"self":[{"href":"https:\/\/ezsecur.elsnerdev.com\/fr\/wp-json\/wp\/v2\/product\/11548","targetHints":{"allow":["GET"]}}],"collection":[{"href":"https:\/\/ezsecur.elsnerdev.com\/fr\/wp-json\/wp\/v2\/product"}],"about":[{"href":"https:\/\/ezsecur.elsnerdev.com\/fr\/wp-json\/wp\/v2\/types\/product"}],"wp:featuredmedia":[{"embeddable":true,"href":"https:\/\/ezsecur.elsnerdev.com\/fr\/wp-json\/wp\/v2\/media\/27868"}],"wp:attachment":[{"href":"https:\/\/ezsecur.elsnerdev.com\/fr\/wp-json\/wp\/v2\/media?parent=11548"}],"wp:term":[{"taxonomy":"product_brand","embeddable":true,"href":"https:\/\/ezsecur.elsnerdev.com\/fr\/wp-json\/wp\/v2\/product_brand?post=11548"},{"taxonomy":"product_cat","embeddable":true,"href":"https:\/\/ezsecur.elsnerdev.com\/fr\/wp-json\/wp\/v2\/product_cat?post=11548"},{"taxonomy":"product_tag","embeddable":true,"href":"https:\/\/ezsecur.elsnerdev.com\/fr\/wp-json\/wp\/v2\/product_tag?post=11548"}],"curies":[{"name":"wp","href":"https:\/\/api.w.org\/{rel}","templated":true}]}}