{"id":11552,"date":"2023-06-25T06:37:37","date_gmt":"2023-06-25T10:37:37","guid":{"rendered":"https:\/\/c55978fc42.nxcli.io\/?post_type=product&#038;p=11552"},"modified":"2026-03-03T01:23:58","modified_gmt":"2026-03-03T06:23:58","slug":"affiche-lettrage-miroir-attention-approche-ou-depart-du-quai-acier-galvanise-14g-vinyle-regulier-imprime-lamine-glace-36x24-standard-iz","status":"publish","type":"product","link":"https:\/\/ezsecur.elsnerdev.com\/fr\/product\/affiche-lettrage-miroir-attention-approche-ou-depart-du-quai-acier-galvanise-14g-vinyle-regulier-imprime-lamine-glace-36x24-standard-iz\/","title":{"rendered":"Affiche &#8211; LETTRAGE MIROIR &#8211; Attention, approche ou d\u00e9part du quai &#8211; Acier galvanis\u00e9 14G &#8211; Vinyle r\u00e9gulier imprim\u00e9 lamin\u00e9 glac\u00e9 &#8211; 36&#215;24 &#8211; STANDARD IZ"},"content":{"rendered":"<p>*** Fabriqu\u00e9 au Qu\u00e9bec ***<\/p>\n<p>Fond blanc, lettrage noir et rouge.<\/p>\n<p>LETTRAGE EN MIROIR:<\/p>\n<p>ATTENTION APPROCHE OU D\u00c9PART DU QUAI AU FEU VERT SEULEMENT, BACK IN OR PULL OUT DOCK ON GREEN LIGHT ONLY.<\/p>\n","protected":false},"excerpt":{"rendered":"<p>*** Fabriqu\u00e9 au Qu\u00e9bec *** Fond blanc, lettrage noir et rouge. LETTRAGE EN MIROIR: ATTENTION APPROCHE OU D\u00c9PART DU QUAI AU FEU VERT SEULEMENT, BACK IN<span class=\"excerpt-hellip\"> [\u2026]<\/span><\/p>\n","protected":false},"featured_media":27869,"template":"","meta":[],"product_brand":[],"product_cat":[389,401],"product_tag":[],"class_list":{"0":"post-11552","1":"product","2":"type-product","3":"status-publish","4":"has-post-thumbnail","6":"product_cat-signalisation-industrielle-et-circulation-sur-site","7":"product_cat-affichage-industriel","8":"pa_organization-ezsecur","9":"pa_sku-std-aff-mir-quai-aci-14g-galv-reg-gla-36x24","10":"pa_unit-pcs","12":"first","13":"instock","14":"taxable","15":"shipping-taxable","16":"purchasable","17":"product-type-simple"},"_links":{"self":[{"href":"https:\/\/ezsecur.elsnerdev.com\/fr\/wp-json\/wp\/v2\/product\/11552","targetHints":{"allow":["GET"]}}],"collection":[{"href":"https:\/\/ezsecur.elsnerdev.com\/fr\/wp-json\/wp\/v2\/product"}],"about":[{"href":"https:\/\/ezsecur.elsnerdev.com\/fr\/wp-json\/wp\/v2\/types\/product"}],"wp:featuredmedia":[{"embeddable":true,"href":"https:\/\/ezsecur.elsnerdev.com\/fr\/wp-json\/wp\/v2\/media\/27869"}],"wp:attachment":[{"href":"https:\/\/ezsecur.elsnerdev.com\/fr\/wp-json\/wp\/v2\/media?parent=11552"}],"wp:term":[{"taxonomy":"product_brand","embeddable":true,"href":"https:\/\/ezsecur.elsnerdev.com\/fr\/wp-json\/wp\/v2\/product_brand?post=11552"},{"taxonomy":"product_cat","embeddable":true,"href":"https:\/\/ezsecur.elsnerdev.com\/fr\/wp-json\/wp\/v2\/product_cat?post=11552"},{"taxonomy":"product_tag","embeddable":true,"href":"https:\/\/ezsecur.elsnerdev.com\/fr\/wp-json\/wp\/v2\/product_tag?post=11552"}],"curies":[{"name":"wp","href":"https:\/\/api.w.org\/{rel}","templated":true}]}}