{"id":11560,"date":"2023-06-25T06:48:20","date_gmt":"2023-06-25T10:48:20","guid":{"rendered":"https:\/\/c55978fc42.nxcli.io\/?post_type=product&#038;p=11560"},"modified":"2026-03-03T01:23:59","modified_gmt":"2026-03-03T06:23:59","slug":"etiquette-didentification-cadenas-autocollant-vinyle-lamine-brillant-imprime-regulier-5x05-standard-iz","status":"publish","type":"product","link":"https:\/\/ezsecur.elsnerdev.com\/fr\/product\/etiquette-didentification-cadenas-autocollant-vinyle-lamine-brillant-imprime-regulier-5x05-standard-iz\/","title":{"rendered":"\u00c9tiquette d&rsquo;identification cadenas &#8211; Autocollant &#8211; Vinyle lamin\u00e9 brillant imprim\u00e9 r\u00e9gulier &#8211; 5&#215;0,5 &#8211; STANDARD IZ"},"content":{"rendered":"<p>*** Fabriqu\u00e9 au Qu\u00e9bec ***<\/p>\n<pre id=\"subvalue_PRODUCTCF11\" class=\"mL45 robotoRegular DV_textAreaLineClamp\" data-zcqa=\"value_Description - French\">Fond et lettrage \u00e0 confirmer.\r\nIdentification des deux c\u00f4t\u00e9s.\r\nPrix \u200b\u200bunitaire pour un lot de 10.<\/pre>\n","protected":false},"excerpt":{"rendered":"<p>*** Fabriqu\u00e9 au Qu\u00e9bec *** Fond et lettrage \u00e0 confirmer. Identification des deux c\u00f4t\u00e9s. Prix \u200b\u200bunitaire pour un lot de 10.<\/p>\n","protected":false},"featured_media":27871,"template":"","meta":[],"product_brand":[],"product_cat":[446,462],"product_tag":[],"class_list":{"0":"post-11560","1":"product","2":"type-product","3":"status-publish","4":"has-post-thumbnail","6":"product_cat-amelioration-continue","7":"product_cat-etiquettes-didentification-carnets-de-bord-carnets-dinspection-formulaires","8":"pa_organization-ezsecur","9":"pa_sku-std-aut-id-cad-reg-gla-5x0-5","10":"pa_unit-pcs","12":"first","13":"instock","14":"taxable","15":"shipping-taxable","16":"purchasable","17":"product-type-simple"},"_links":{"self":[{"href":"https:\/\/ezsecur.elsnerdev.com\/fr\/wp-json\/wp\/v2\/product\/11560","targetHints":{"allow":["GET"]}}],"collection":[{"href":"https:\/\/ezsecur.elsnerdev.com\/fr\/wp-json\/wp\/v2\/product"}],"about":[{"href":"https:\/\/ezsecur.elsnerdev.com\/fr\/wp-json\/wp\/v2\/types\/product"}],"wp:featuredmedia":[{"embeddable":true,"href":"https:\/\/ezsecur.elsnerdev.com\/fr\/wp-json\/wp\/v2\/media\/27871"}],"wp:attachment":[{"href":"https:\/\/ezsecur.elsnerdev.com\/fr\/wp-json\/wp\/v2\/media?parent=11560"}],"wp:term":[{"taxonomy":"product_brand","embeddable":true,"href":"https:\/\/ezsecur.elsnerdev.com\/fr\/wp-json\/wp\/v2\/product_brand?post=11560"},{"taxonomy":"product_cat","embeddable":true,"href":"https:\/\/ezsecur.elsnerdev.com\/fr\/wp-json\/wp\/v2\/product_cat?post=11560"},{"taxonomy":"product_tag","embeddable":true,"href":"https:\/\/ezsecur.elsnerdev.com\/fr\/wp-json\/wp\/v2\/product_tag?post=11560"}],"curies":[{"name":"wp","href":"https:\/\/api.w.org\/{rel}","templated":true}]}}