{"id":11578,"date":"2023-06-25T09:55:54","date_gmt":"2023-06-25T13:55:54","guid":{"rendered":"https:\/\/c55978fc42.nxcli.io\/?post_type=product&#038;p=11578"},"modified":"2026-03-03T01:24:01","modified_gmt":"2026-03-03T06:24:01","slug":"tableau-5s-cresson-3-4-28-x-40-standard","status":"publish","type":"product","link":"https:\/\/ezsecur.elsnerdev.com\/fr\/product\/tableau-5s-cresson-3-4-28-x-40-standard\/","title":{"rendered":"Tableau 5S, cresson 3\/4&Prime;, 28&Prime; x 40&Prime; &#8211; STANDARD"},"content":{"rendered":"<p>*** Fabriqu\u00e9 au Qu\u00e9bec ***<\/p>\n<pre id=\"subvalue_PRODUCTCF11\" class=\"mL45 robotoRegular DV_textAreaLineClamp\" data-zcqa=\"value_Description - French\">Vinyle r\u00e9gulier imprim\u00e9 lamin\u00e9 glac\u00e9 \r\n4 pigeonneirs en plastic noir \r\n1 support en PVC 1\/2 noir \r\n4 3\/4\" x 6 1\/2\" x 3\" pour tablette \r\n3 supports en PVC 1\/2 noir pour \u00e9tiquettes et divers \r\n3 supports \u00e0 rouleau \r\n2 supports \u00e0 \u00e9tiquette \r\n1 support \u00e0 cadenas avec chainette \r\n2 supports divers \r\nKit d'installation murale<\/pre>\n","protected":false},"excerpt":{"rendered":"<p>*** Fabriqu\u00e9 au Qu\u00e9bec *** Vinyle r\u00e9gulier imprim\u00e9 lamin\u00e9 glac\u00e9 4 pigeonneirs en plastic noir 1 support en PVC 1\/2 noir 4 3\/4&Prime; x 6 1\/2&Prime;<span class=\"excerpt-hellip\"> [\u2026]<\/span><\/p>\n","protected":false},"featured_media":27875,"template":"","meta":[],"product_brand":[],"product_cat":[446,454],"product_tag":[],"class_list":{"0":"post-11578","1":"product","2":"type-product","3":"status-publish","4":"has-post-thumbnail","6":"product_cat-amelioration-continue","7":"product_cat-tableaux-5s-silhouettes-boitiers-de-rangement","8":"pa_organization-ezsecur","9":"pa_sku-std-tab-5s-cre0-75-28x40","10":"pa_unit-pcs","12":"first","13":"instock","14":"taxable","15":"shipping-taxable","16":"purchasable","17":"product-type-simple"},"_links":{"self":[{"href":"https:\/\/ezsecur.elsnerdev.com\/fr\/wp-json\/wp\/v2\/product\/11578","targetHints":{"allow":["GET"]}}],"collection":[{"href":"https:\/\/ezsecur.elsnerdev.com\/fr\/wp-json\/wp\/v2\/product"}],"about":[{"href":"https:\/\/ezsecur.elsnerdev.com\/fr\/wp-json\/wp\/v2\/types\/product"}],"wp:featuredmedia":[{"embeddable":true,"href":"https:\/\/ezsecur.elsnerdev.com\/fr\/wp-json\/wp\/v2\/media\/27875"}],"wp:attachment":[{"href":"https:\/\/ezsecur.elsnerdev.com\/fr\/wp-json\/wp\/v2\/media?parent=11578"}],"wp:term":[{"taxonomy":"product_brand","embeddable":true,"href":"https:\/\/ezsecur.elsnerdev.com\/fr\/wp-json\/wp\/v2\/product_brand?post=11578"},{"taxonomy":"product_cat","embeddable":true,"href":"https:\/\/ezsecur.elsnerdev.com\/fr\/wp-json\/wp\/v2\/product_cat?post=11578"},{"taxonomy":"product_tag","embeddable":true,"href":"https:\/\/ezsecur.elsnerdev.com\/fr\/wp-json\/wp\/v2\/product_tag?post=11578"}],"curies":[{"name":"wp","href":"https:\/\/api.w.org\/{rel}","templated":true}]}}