{"id":11594,"date":"2023-09-24T11:44:28","date_gmt":"2023-09-24T15:44:28","guid":{"rendered":"https:\/\/c55978fc42.nxcli.io\/?post_type=product&#038;p=11594"},"modified":"2026-03-03T01:24:05","modified_gmt":"2026-03-03T06:24:05","slug":"magnetic-dashboard-lauzonite-finish-anodized-aluminum-molding-vinyl-lettering-96x48-standard-iz","status":"publish","type":"product","link":"https:\/\/ezsecur.elsnerdev.com\/fr\/product\/magnetic-dashboard-lauzonite-finish-anodized-aluminum-molding-vinyl-lettering-96x48-standard-iz\/","title":{"rendered":"Tableau de bord magn\u00e9tique &#8211; Fini Lauzonite &#8211; Moulure en aluminium anodis\u00e9 &#8211; Lettrage en vinyle &#8211; 96&#215;48 &#8211; Standard IZ"},"content":{"rendered":"<pre id=\"subvalue_PRODUCTCF11\" class=\"mL45 robotoRegular DV_textAreaLineClamp\" data-zcqa=\"value_Description - French\">Lettrage et lignage en vinyle imprim\u00e9 d\u00e9coup\u00e9, laminage effa\u00e7able \u00e0 sec, auget 24\", kit efface crayon, kit d'installation murale Inclus 15 min d'infographie Visuel \u00e0 confirmer<\/pre>\n","protected":false},"excerpt":{"rendered":"<p>Lettrage et lignage en vinyle imprim\u00e9 d\u00e9coup\u00e9, laminage effa\u00e7able \u00e0 sec, auget 24&Prime;, kit efface crayon, kit d&rsquo;installation murale Inclus 15 min d&rsquo;infographie Visuel \u00e0 confirmer<\/p>\n","protected":false},"featured_media":27877,"template":"","meta":[],"product_brand":[],"product_cat":[446,450],"product_tag":[],"class_list":{"0":"post-11594","1":"product","2":"type-product","3":"status-publish","4":"has-post-thumbnail","6":"product_cat-amelioration-continue","7":"product_cat-tableaux-de-bord-et-accessoires","8":"pa_organization-ezsecur","9":"pa_sku-std-tab-lau-reg-96x48","10":"pa_unit-pcs","12":"first","13":"instock","14":"taxable","15":"shipping-taxable","16":"purchasable","17":"product-type-simple"},"_links":{"self":[{"href":"https:\/\/ezsecur.elsnerdev.com\/fr\/wp-json\/wp\/v2\/product\/11594","targetHints":{"allow":["GET"]}}],"collection":[{"href":"https:\/\/ezsecur.elsnerdev.com\/fr\/wp-json\/wp\/v2\/product"}],"about":[{"href":"https:\/\/ezsecur.elsnerdev.com\/fr\/wp-json\/wp\/v2\/types\/product"}],"wp:featuredmedia":[{"embeddable":true,"href":"https:\/\/ezsecur.elsnerdev.com\/fr\/wp-json\/wp\/v2\/media\/27877"}],"wp:attachment":[{"href":"https:\/\/ezsecur.elsnerdev.com\/fr\/wp-json\/wp\/v2\/media?parent=11594"}],"wp:term":[{"taxonomy":"product_brand","embeddable":true,"href":"https:\/\/ezsecur.elsnerdev.com\/fr\/wp-json\/wp\/v2\/product_brand?post=11594"},{"taxonomy":"product_cat","embeddable":true,"href":"https:\/\/ezsecur.elsnerdev.com\/fr\/wp-json\/wp\/v2\/product_cat?post=11594"},{"taxonomy":"product_tag","embeddable":true,"href":"https:\/\/ezsecur.elsnerdev.com\/fr\/wp-json\/wp\/v2\/product_tag?post=11594"}],"curies":[{"name":"wp","href":"https:\/\/api.w.org\/{rel}","templated":true}]}}