{"id":12732,"date":"2023-10-02T15:46:00","date_gmt":"2023-10-02T19:46:00","guid":{"rendered":"https:\/\/ezsecur.elsnerdev.com\/?post_type=product&#038;p=12732"},"modified":"2026-03-03T01:24:07","modified_gmt":"2026-03-03T06:24:07","slug":"projecteur-de-signalisation-virtuelle-fournitures-generales-de-securite-standard-iz","status":"publish","type":"product","link":"https:\/\/ezsecur.elsnerdev.com\/fr\/product\/projecteur-de-signalisation-virtuelle-fournitures-generales-de-securite-standard-iz\/","title":{"rendered":"Projecteur de signalisation &#8211; Int\u00e9rieur ou ext\u00e9rieur &#8211; 100 watts &#8211; 120 volts &#8211; Standards"},"content":{"rendered":"<p>Projecteur de signalisation<br \/>\n&#8211; 120 VAC<br \/>\n&#8211; 100 watts<br \/>\n&#8211; Utilisation int\u00e9rieur ou ext\u00e9rieur (minimum -20C)<br \/>\n&#8211; Distance de projection: 28 m\u00e8tres<br \/>\n&#8211; Diam\u00e8tre maximum: 15 m\u00e8tres<br \/>\nDimensions: 260mm x 130mm x 240mm<br \/>\n&#8211; Lentille : STD-LEN-PROJ<br \/>\n&#8211; Garantie 1 an<\/p>\n","protected":false},"excerpt":{"rendered":"<p>Projecteur de signalisation &#8211; 120 VAC &#8211; 100 watts &#8211; Utilisation int\u00e9rieur ou ext\u00e9rieur (minimum -20C) &#8211; Distance de projection: 28 m\u00e8tres &#8211; Diam\u00e8tre maximum: 15<span class=\"excerpt-hellip\"> [\u2026]<\/span><\/p>\n","protected":false},"featured_media":27879,"template":"","meta":[],"product_brand":[],"product_cat":[389,391],"product_tag":[],"class_list":{"0":"post-12732","1":"product","2":"type-product","3":"status-publish","4":"has-post-thumbnail","6":"product_cat-signalisation-industrielle-et-circulation-sur-site","7":"product_cat-signalisation-dynamique-activee-a-distance-alimentation-solaire","8":"pa_organization-ezsecur-2","9":"pa_sku-std-frnt-gen-sec-gobo","10":"pa_unit-pcs","12":"first","13":"instock","14":"taxable","15":"shipping-taxable","16":"purchasable","17":"product-type-simple"},"_links":{"self":[{"href":"https:\/\/ezsecur.elsnerdev.com\/fr\/wp-json\/wp\/v2\/product\/12732","targetHints":{"allow":["GET"]}}],"collection":[{"href":"https:\/\/ezsecur.elsnerdev.com\/fr\/wp-json\/wp\/v2\/product"}],"about":[{"href":"https:\/\/ezsecur.elsnerdev.com\/fr\/wp-json\/wp\/v2\/types\/product"}],"wp:featuredmedia":[{"embeddable":true,"href":"https:\/\/ezsecur.elsnerdev.com\/fr\/wp-json\/wp\/v2\/media\/27879"}],"wp:attachment":[{"href":"https:\/\/ezsecur.elsnerdev.com\/fr\/wp-json\/wp\/v2\/media?parent=12732"}],"wp:term":[{"taxonomy":"product_brand","embeddable":true,"href":"https:\/\/ezsecur.elsnerdev.com\/fr\/wp-json\/wp\/v2\/product_brand?post=12732"},{"taxonomy":"product_cat","embeddable":true,"href":"https:\/\/ezsecur.elsnerdev.com\/fr\/wp-json\/wp\/v2\/product_cat?post=12732"},{"taxonomy":"product_tag","embeddable":true,"href":"https:\/\/ezsecur.elsnerdev.com\/fr\/wp-json\/wp\/v2\/product_tag?post=12732"}],"curies":[{"name":"wp","href":"https:\/\/api.w.org\/{rel}","templated":true}]}}