{"id":12735,"date":"2023-09-24T10:38:58","date_gmt":"2023-09-24T14:38:58","guid":{"rendered":"https:\/\/c55978fc42.nxcli.io\/?post_type=product&#038;p=11199"},"modified":"2026-03-03T01:24:08","modified_gmt":"2026-03-03T06:24:08","slug":"dry-erase-magnetic-whiteboard-porcelain-finish-anodized-aluminum-moulding-96x48-standard-2","status":"publish","type":"product","link":"https:\/\/ezsecur.elsnerdev.com\/fr\/product\/dry-erase-magnetic-whiteboard-porcelain-finish-anodized-aluminum-moulding-96x48-standard-2\/","title":{"rendered":"Tableau blanc magn\u00e9tique effa\u00e7able \u00e0 sec &#8211; Fini porcelaine &#8211; Moulure en aluminium anodis\u00e9 &#8211; 96&#215;48 &#8211; STANDARD"},"content":{"rendered":"<pre id=\"subvalue_PRODUCTCF11\" class=\"mL45 robotoRegular DV_textAreaLineClamp\" data-zcqa=\"value_Description - French\">Tableau blanc en porcelaine, magn\u00e9tique effa\u00e7able \u00e0 sec avec moulure en aluminium anodis\u00e9\r\nkit d'installation murale inclus<\/pre>\n","protected":false},"excerpt":{"rendered":"<p>Tableau blanc en porcelaine, magn\u00e9tique effa\u00e7able \u00e0 sec avec moulure en aluminium anodis\u00e9 kit d&rsquo;installation murale inclus<\/p>\n","protected":false},"featured_media":27794,"template":"","meta":[],"product_brand":[],"product_cat":[446,450],"product_tag":[],"class_list":{"0":"post-12735","1":"product","2":"type-product","3":"status-publish","4":"has-post-thumbnail","6":"product_cat-amelioration-continue","7":"product_cat-tableaux-de-bord-et-accessoires","8":"pa_organization-ezsecur-2","9":"pa_sku-std-tab-por-96x48","10":"pa_unit-pcs","12":"first","13":"instock","14":"taxable","15":"shipping-taxable","16":"purchasable","17":"product-type-simple"},"_links":{"self":[{"href":"https:\/\/ezsecur.elsnerdev.com\/fr\/wp-json\/wp\/v2\/product\/12735","targetHints":{"allow":["GET"]}}],"collection":[{"href":"https:\/\/ezsecur.elsnerdev.com\/fr\/wp-json\/wp\/v2\/product"}],"about":[{"href":"https:\/\/ezsecur.elsnerdev.com\/fr\/wp-json\/wp\/v2\/types\/product"}],"wp:featuredmedia":[{"embeddable":true,"href":"https:\/\/ezsecur.elsnerdev.com\/fr\/wp-json\/wp\/v2\/media\/27794"}],"wp:attachment":[{"href":"https:\/\/ezsecur.elsnerdev.com\/fr\/wp-json\/wp\/v2\/media?parent=12735"}],"wp:term":[{"taxonomy":"product_brand","embeddable":true,"href":"https:\/\/ezsecur.elsnerdev.com\/fr\/wp-json\/wp\/v2\/product_brand?post=12735"},{"taxonomy":"product_cat","embeddable":true,"href":"https:\/\/ezsecur.elsnerdev.com\/fr\/wp-json\/wp\/v2\/product_cat?post=12735"},{"taxonomy":"product_tag","embeddable":true,"href":"https:\/\/ezsecur.elsnerdev.com\/fr\/wp-json\/wp\/v2\/product_tag?post=12735"}],"curies":[{"name":"wp","href":"https:\/\/api.w.org\/{rel}","templated":true}]}}