{"id":12747,"date":"2023-06-22T14:51:25","date_gmt":"2023-06-22T18:51:25","guid":{"rendered":"https:\/\/ezsecur.elsnerdev.com\/?post_type=product&#038;p=12747"},"modified":"2026-03-03T01:24:08","modified_gmt":"2026-03-03T06:24:08","slug":"base-amovible-pour-tableau-de-bord-magnetique-chariot-4-roues-aluminium-60x75x27-standard","status":"publish","type":"product","link":"https:\/\/ezsecur.elsnerdev.com\/fr\/product\/base-amovible-pour-tableau-de-bord-magnetique-chariot-4-roues-aluminium-60x75x27-standard\/","title":{"rendered":"Base amovible pour tableau de bord magn\u00e9tique &#8211; Chariot 4 roues &#8211; Aluminium &#8211; 60x75x27 &#8211; STANDARD"},"content":{"rendered":"<pre id=\"subvalue_PRODUCTCF11\" class=\"mL45 robotoRegular\" data-zcqa=\"value_Description - French\">Base amovible pour tableau de bord magn\u00e9tique, type chariot d\u00e9pla\u00e7able comprenant:\r\n - Structure tubulaire aluminium 1,5x1,5;\r\n- 4 roues directrice avec frein;\r\n- Poign\u00e9e\r\n- 4 crochets-guide pour accrochage\/d\u00e9crochage du tableau de bord\r\n- Peinture, couleur au choix\r\n\r\n*** Tableau de bord non fourni, prendre sku: IPEX-TAB-SANTSECU-LAU-60x48 ***<\/pre>\n","protected":false},"excerpt":{"rendered":"<p>Base amovible pour tableau de bord magn\u00e9tique, type chariot d\u00e9pla\u00e7able comprenant: &#8211; Structure tubulaire aluminium 1,5&#215;1,5; &#8211; 4 roues directrice avec frein; &#8211; Poign\u00e9e &#8211; 4<span class=\"excerpt-hellip\"> [\u2026]<\/span><\/p>\n","protected":false},"featured_media":27884,"template":"","meta":[],"product_brand":[],"product_cat":[446,450],"product_tag":[],"class_list":{"0":"post-12747","1":"product","2":"type-product","3":"status-publish","4":"has-post-thumbnail","6":"product_cat-amelioration-continue","7":"product_cat-tableaux-de-bord-et-accessoires","8":"pa_organization-ezsecur","9":"pa_sku-std-base-amo-tab-alu-60x75x27","10":"pa_unit-pcs","12":"first","13":"instock","14":"taxable","15":"shipping-taxable","16":"purchasable","17":"product-type-simple"},"_links":{"self":[{"href":"https:\/\/ezsecur.elsnerdev.com\/fr\/wp-json\/wp\/v2\/product\/12747","targetHints":{"allow":["GET"]}}],"collection":[{"href":"https:\/\/ezsecur.elsnerdev.com\/fr\/wp-json\/wp\/v2\/product"}],"about":[{"href":"https:\/\/ezsecur.elsnerdev.com\/fr\/wp-json\/wp\/v2\/types\/product"}],"wp:featuredmedia":[{"embeddable":true,"href":"https:\/\/ezsecur.elsnerdev.com\/fr\/wp-json\/wp\/v2\/media\/27884"}],"wp:attachment":[{"href":"https:\/\/ezsecur.elsnerdev.com\/fr\/wp-json\/wp\/v2\/media?parent=12747"}],"wp:term":[{"taxonomy":"product_brand","embeddable":true,"href":"https:\/\/ezsecur.elsnerdev.com\/fr\/wp-json\/wp\/v2\/product_brand?post=12747"},{"taxonomy":"product_cat","embeddable":true,"href":"https:\/\/ezsecur.elsnerdev.com\/fr\/wp-json\/wp\/v2\/product_cat?post=12747"},{"taxonomy":"product_tag","embeddable":true,"href":"https:\/\/ezsecur.elsnerdev.com\/fr\/wp-json\/wp\/v2\/product_tag?post=12747"}],"curies":[{"name":"wp","href":"https:\/\/api.w.org\/{rel}","templated":true}]}}