{"id":12780,"date":"2023-05-31T13:00:47","date_gmt":"2023-05-31T17:00:47","guid":{"rendered":"https:\/\/ezsecur.elsnerdev.com\/?post_type=product&#038;p=12780"},"modified":"2026-03-03T01:24:15","modified_gmt":"2026-03-03T06:24:15","slug":"verrouillage-boite-portative-aluminium-0-080-peinture-cuite-jaune-2-pin-7x6x5-standard-iz","status":"publish","type":"product","link":"https:\/\/ezsecur.elsnerdev.com\/fr\/product\/verrouillage-boite-portative-aluminium-0-080-peinture-cuite-jaune-2-pin-7x6x5-standard-iz\/","title":{"rendered":"Verrouillage &#8211; Boite portative &#8211; aluminium 0.080 &#8211; Peinture cuite jaune &#8211; 2 Pin &#8211; 7x6x5 &#8211; STANDARD IZ"},"content":{"rendered":"<p>*** Fabriqu\u00e9 au Qu\u00e9bec ***<\/p>\n<p>Boite en aluminium d\u00e9coup\u00e9 pli\u00e9, 2 PIN cr\u00e9nel\u00e9s pour cadenas, 2 crochets \u00e0 cl\u00e9s, porte en acrylique 1\/4 clair, pentures \u00e0 fermeture forc\u00e9e en acier chrom\u00e9, barrure \u00e0 5 cadenas plus cadenas maitre, poign\u00e9e en plastique, cable avec boucle<\/p>\n","protected":false},"excerpt":{"rendered":"<p>*** Fabriqu\u00e9 au Qu\u00e9bec *** Boite en aluminium d\u00e9coup\u00e9 pli\u00e9, 2 PIN cr\u00e9nel\u00e9s pour cadenas, 2 crochets \u00e0 cl\u00e9s, porte en acrylique 1\/4 clair, pentures \u00e0<span class=\"excerpt-hellip\"> [\u2026]<\/span><\/p>\n","protected":false},"featured_media":27897,"template":"","meta":[],"product_brand":[],"product_cat":[425,434],"product_tag":[],"class_list":{"0":"post-12780","1":"product","2":"type-product","3":"status-publish","4":"has-post-thumbnail","6":"product_cat-securite-machine-verrouillage-cadenassage","7":"product_cat-boites-de-cadenassage","9":"first","10":"instock","11":"taxable","12":"shipping-taxable","13":"purchasable","14":"product-type-simple"},"_links":{"self":[{"href":"https:\/\/ezsecur.elsnerdev.com\/fr\/wp-json\/wp\/v2\/product\/12780","targetHints":{"allow":["GET"]}}],"collection":[{"href":"https:\/\/ezsecur.elsnerdev.com\/fr\/wp-json\/wp\/v2\/product"}],"about":[{"href":"https:\/\/ezsecur.elsnerdev.com\/fr\/wp-json\/wp\/v2\/types\/product"}],"wp:featuredmedia":[{"embeddable":true,"href":"https:\/\/ezsecur.elsnerdev.com\/fr\/wp-json\/wp\/v2\/media\/27897"}],"wp:attachment":[{"href":"https:\/\/ezsecur.elsnerdev.com\/fr\/wp-json\/wp\/v2\/media?parent=12780"}],"wp:term":[{"taxonomy":"product_brand","embeddable":true,"href":"https:\/\/ezsecur.elsnerdev.com\/fr\/wp-json\/wp\/v2\/product_brand?post=12780"},{"taxonomy":"product_cat","embeddable":true,"href":"https:\/\/ezsecur.elsnerdev.com\/fr\/wp-json\/wp\/v2\/product_cat?post=12780"},{"taxonomy":"product_tag","embeddable":true,"href":"https:\/\/ezsecur.elsnerdev.com\/fr\/wp-json\/wp\/v2\/product_tag?post=12780"}],"curies":[{"name":"wp","href":"https:\/\/api.w.org\/{rel}","templated":true}]}}