{"id":12783,"date":"2023-05-30T16:19:32","date_gmt":"2023-05-30T20:19:32","guid":{"rendered":"https:\/\/ezsecur.elsnerdev.com\/?post_type=product&#038;p=12783"},"modified":"2026-03-03T01:24:16","modified_gmt":"2026-03-03T06:24:16","slug":"cadenas-american-lock-a1105-ka-standard","status":"publish","type":"product","link":"https:\/\/ezsecur.elsnerdev.com\/fr\/product\/cadenas-american-lock-a1105-ka-standard\/","title":{"rendered":"Cadenas American Lock A1105 &#8211; KA &#8211; STANDARD"},"content":{"rendered":"<pre id=\"subvalue_PRODUCTCF11\" class=\"mL45 robotoRegular\" data-zcqa=\"value_Description - French\">Ensemble 1 cadenas et 1 cl\u00e9\r\n KA (1 cl\u00e9 par s\u00e9rie) \r\nCouleurs au choix.\r\n\r\nOption de gravure sur 1 face, estampage de cl\u00e9, \u00e9tiquette d\u2019identification de cl\u00e9 en lamico\u00efde 1\/16 3x0.5\r\n\r\nCommande minimum de 6 cadenas<\/pre>\n","protected":false},"excerpt":{"rendered":"<p>Ensemble 1 cadenas et 1 cl\u00e9 KA (1 cl\u00e9 par s\u00e9rie) Couleurs au choix. Option de gravure sur 1 face, estampage de cl\u00e9, \u00e9tiquette d\u2019identification de<span class=\"excerpt-hellip\"> [\u2026]<\/span><\/p>\n","protected":false},"featured_media":27901,"template":"","meta":[],"product_brand":[],"product_cat":[425,438],"product_tag":[],"class_list":{"0":"post-12783","1":"product","2":"type-product","3":"status-publish","4":"has-post-thumbnail","6":"product_cat-securite-machine-verrouillage-cadenassage","7":"product_cat-dispositifs-de-verrouillage-et-de-cadenassage","9":"first","10":"instock","11":"taxable","12":"shipping-taxable","13":"purchasable","14":"product-type-simple"},"_links":{"self":[{"href":"https:\/\/ezsecur.elsnerdev.com\/fr\/wp-json\/wp\/v2\/product\/12783","targetHints":{"allow":["GET"]}}],"collection":[{"href":"https:\/\/ezsecur.elsnerdev.com\/fr\/wp-json\/wp\/v2\/product"}],"about":[{"href":"https:\/\/ezsecur.elsnerdev.com\/fr\/wp-json\/wp\/v2\/types\/product"}],"wp:featuredmedia":[{"embeddable":true,"href":"https:\/\/ezsecur.elsnerdev.com\/fr\/wp-json\/wp\/v2\/media\/27901"}],"wp:attachment":[{"href":"https:\/\/ezsecur.elsnerdev.com\/fr\/wp-json\/wp\/v2\/media?parent=12783"}],"wp:term":[{"taxonomy":"product_brand","embeddable":true,"href":"https:\/\/ezsecur.elsnerdev.com\/fr\/wp-json\/wp\/v2\/product_brand?post=12783"},{"taxonomy":"product_cat","embeddable":true,"href":"https:\/\/ezsecur.elsnerdev.com\/fr\/wp-json\/wp\/v2\/product_cat?post=12783"},{"taxonomy":"product_tag","embeddable":true,"href":"https:\/\/ezsecur.elsnerdev.com\/fr\/wp-json\/wp\/v2\/product_tag?post=12783"}],"curies":[{"name":"wp","href":"https:\/\/api.w.org\/{rel}","templated":true}]}}