{"id":12786,"date":"2023-05-30T16:05:54","date_gmt":"2023-05-30T20:05:54","guid":{"rendered":"https:\/\/ezsecur.elsnerdev.com\/?post_type=product&#038;p=12786"},"modified":"2026-03-03T01:24:16","modified_gmt":"2026-03-03T06:24:16","slug":"consignation-mallette-pedagogique-pour-formation-de-base-en-consignation-34x24x125-standard-iz","status":"publish","type":"product","link":"https:\/\/ezsecur.elsnerdev.com\/fr\/product\/consignation-mallette-pedagogique-pour-formation-de-base-en-consignation-34x24x125-standard-iz\/","title":{"rendered":"Consignation &#8211; Mallette p\u00e9dagogique pour formation de base en consignation &#8211; 34x24x12,5 &#8211; STANDARD IZ"},"content":{"rendered":"<p>*** Fabriqu\u00e9 au Qu\u00e9bec ***<\/p>\n<p>Mallette de formation pour la formation de base en mati\u00e8re de verrouillage\/\u00e9tiquetage.<\/p>\n<p>Permet la simulation de la proc\u00e9dure de consignation sur des \u00e9quipements r\u00e9els dispos\u00e9s sur l&rsquo;image de votre machine ou circuit.<\/p>\n<p>Un interrupteur de test avec voyants rouges ou verts permet de v\u00e9rifier que la proc\u00e9dure est correctement appliqu\u00e9e. Le dossier de formation comprend :<\/p>\n<p>&#8211; 1 valise Heavy Duty Pelican Protector mod\u00e8le 1730, taille 34x24x12. 5\u00a0;<\/p>\n<p>&#8211; Partie sup\u00e9rieure : planche de contreplaqu\u00e9 1 1\/2 avec photo de votre m\u00e9canisme, machine, circuit \u00e9lectrique, pneumatique ou hydraulique ;<\/p>\n<p>&#8211; Simulation de l&rsquo;alimentation avec un coffret d&rsquo;alimentation g\u00e9n\u00e9rale et un coffret \u00e9lectrique avec bouton rouge et vert ;<\/p>\n<p>&#8211; Jusqu&rsquo;\u00e0 5 pi\u00e8ces r\u00e9elles \u00e0 verrouiller (\u00e9lectriques, hydrauliques, pneumatiques ou m\u00e9caniques), selon les dimensions ;<\/p>\n<p>&#8211; Partie inf\u00e9rieure : alimentation 120VAC \/ 12 VDC, cordon d&rsquo;alimentation 120VAC ;<\/p>\n<p>&#8211; Testez l&rsquo;interrupteur avec lumi\u00e8re verte et rouge\u00a0;<\/p>\n<p>&#8211; Formulaires ETHAFOAM avec 5 cadenas de verrouillage ;<\/p>\n<p>&#8211; Jeu d&rsquo;\u00e9tiquettes de verrouillage ;<\/p>\n<p>&#8211; Ensemble d&rsquo;\u00e9quipements de verrouillage \u00e0 confirmer ;<\/p>\n<p>&#8211; Un coffret de consignation mobile 9x9x5.<\/p>\n<p>Prix \u200b\u200bunitaire, sans \u00e9quipement de consignation ni \u00e9quipement \u00e0 consigner qui doit \u00eatre confirm\u00e9.<\/p>\n","protected":false},"excerpt":{"rendered":"<p>*** Fabriqu\u00e9 au Qu\u00e9bec *** Mallette de formation pour la formation de base en mati\u00e8re de verrouillage\/\u00e9tiquetage. Permet la simulation de la proc\u00e9dure de consignation sur<span class=\"excerpt-hellip\"> [\u2026]<\/span><\/p>\n","protected":false},"featured_media":27903,"template":"","meta":[],"product_brand":[],"product_cat":[425,434],"product_tag":[],"class_list":{"0":"post-12786","1":"product","2":"type-product","3":"status-publish","4":"has-post-thumbnail","6":"product_cat-securite-machine-verrouillage-cadenassage","7":"product_cat-boites-de-cadenassage","9":"first","10":"instock","11":"taxable","12":"shipping-taxable","13":"purchasable","14":"product-type-simple"},"_links":{"self":[{"href":"https:\/\/ezsecur.elsnerdev.com\/fr\/wp-json\/wp\/v2\/product\/12786","targetHints":{"allow":["GET"]}}],"collection":[{"href":"https:\/\/ezsecur.elsnerdev.com\/fr\/wp-json\/wp\/v2\/product"}],"about":[{"href":"https:\/\/ezsecur.elsnerdev.com\/fr\/wp-json\/wp\/v2\/types\/product"}],"wp:featuredmedia":[{"embeddable":true,"href":"https:\/\/ezsecur.elsnerdev.com\/fr\/wp-json\/wp\/v2\/media\/27903"}],"wp:attachment":[{"href":"https:\/\/ezsecur.elsnerdev.com\/fr\/wp-json\/wp\/v2\/media?parent=12786"}],"wp:term":[{"taxonomy":"product_brand","embeddable":true,"href":"https:\/\/ezsecur.elsnerdev.com\/fr\/wp-json\/wp\/v2\/product_brand?post=12786"},{"taxonomy":"product_cat","embeddable":true,"href":"https:\/\/ezsecur.elsnerdev.com\/fr\/wp-json\/wp\/v2\/product_cat?post=12786"},{"taxonomy":"product_tag","embeddable":true,"href":"https:\/\/ezsecur.elsnerdev.com\/fr\/wp-json\/wp\/v2\/product_tag?post=12786"}],"curies":[{"name":"wp","href":"https:\/\/api.w.org\/{rel}","templated":true}]}}