{"id":12795,"date":"2023-05-29T02:48:06","date_gmt":"2023-05-29T06:48:06","guid":{"rendered":"https:\/\/ezsecur.elsnerdev.com\/?post_type=product&#038;p=12795"},"modified":"2026-03-03T01:24:18","modified_gmt":"2026-03-03T06:24:18","slug":"verrouillage-tableau-8-boites-de-verrouillage-60x48-standard-iz","status":"publish","type":"product","link":"https:\/\/ezsecur.elsnerdev.com\/fr\/product\/verrouillage-tableau-8-boites-de-verrouillage-60x48-standard-iz\/","title":{"rendered":"Verrouillage &#8211; Tableau &#8211; 8 boites de verrouillage &#8211; 60&#215;48 &#8211; STANDARD IZ"},"content":{"rendered":"<p>*** Fabriqu\u00e9 au Qu\u00e9bec ***<\/p>\n<pre id=\"subvalue_PRODUCTCF11\" class=\"mL45 robotoRegular DV_textAreaLineClamp\" data-zcqa=\"value_Description - French\">Station de verrouillage recto. \r\nCadre en tube d'aluminium 1.5x1.5 avec 4 roulettes grand diam\u00e8tre pour surface in\u00e9gale dont 2 libres, 2x poign\u00e9es de mobilit\u00e9, faces en aluminium 0.125, visuels en vinyle r\u00e9gulier imprim\u00e9 lamin\u00e9 glac\u00e9, 8 boites de verrouillage 4 pin en aluminium peinture cuite jaune 9x9x5, 8 enveloppes en plastique transparent \u00e0 feuille 8.5x11 mobiles avec crochet et barrure.<\/pre>\n","protected":false},"excerpt":{"rendered":"<p>*** Fabriqu\u00e9 au Qu\u00e9bec *** Station de verrouillage recto. Cadre en tube d&rsquo;aluminium 1.5&#215;1.5 avec 4 roulettes grand diam\u00e8tre pour surface in\u00e9gale dont 2 libres, 2x<span class=\"excerpt-hellip\"> [\u2026]<\/span><\/p>\n","protected":false},"featured_media":27907,"template":"","meta":[],"product_brand":[],"product_cat":[425,430],"product_tag":[],"class_list":{"0":"post-12795","1":"product","2":"type-product","3":"status-publish","4":"has-post-thumbnail","6":"product_cat-securite-machine-verrouillage-cadenassage","7":"product_cat-stations-de-verrouillage","9":"first","10":"instock","11":"taxable","12":"shipping-taxable","13":"purchasable","14":"product-type-simple"},"_links":{"self":[{"href":"https:\/\/ezsecur.elsnerdev.com\/fr\/wp-json\/wp\/v2\/product\/12795","targetHints":{"allow":["GET"]}}],"collection":[{"href":"https:\/\/ezsecur.elsnerdev.com\/fr\/wp-json\/wp\/v2\/product"}],"about":[{"href":"https:\/\/ezsecur.elsnerdev.com\/fr\/wp-json\/wp\/v2\/types\/product"}],"wp:featuredmedia":[{"embeddable":true,"href":"https:\/\/ezsecur.elsnerdev.com\/fr\/wp-json\/wp\/v2\/media\/27907"}],"wp:attachment":[{"href":"https:\/\/ezsecur.elsnerdev.com\/fr\/wp-json\/wp\/v2\/media?parent=12795"}],"wp:term":[{"taxonomy":"product_brand","embeddable":true,"href":"https:\/\/ezsecur.elsnerdev.com\/fr\/wp-json\/wp\/v2\/product_brand?post=12795"},{"taxonomy":"product_cat","embeddable":true,"href":"https:\/\/ezsecur.elsnerdev.com\/fr\/wp-json\/wp\/v2\/product_cat?post=12795"},{"taxonomy":"product_tag","embeddable":true,"href":"https:\/\/ezsecur.elsnerdev.com\/fr\/wp-json\/wp\/v2\/product_tag?post=12795"}],"curies":[{"name":"wp","href":"https:\/\/api.w.org\/{rel}","templated":true}]}}