{"id":12801,"date":"2023-06-24T16:03:16","date_gmt":"2023-06-24T20:03:16","guid":{"rendered":"https:\/\/ezsecur.elsnerdev.com\/?post_type=product&#038;p=12801"},"modified":"2026-03-03T01:24:20","modified_gmt":"2026-03-03T06:24:20","slug":"tableau-de-bord-magnetique-fini-porcelaine-avec-2-panneaux-coulissants-blanc-moulure-en-aluminium-anodise-108x48-standard-iz","status":"publish","type":"product","link":"https:\/\/ezsecur.elsnerdev.com\/fr\/product\/tableau-de-bord-magnetique-fini-porcelaine-avec-2-panneaux-coulissants-blanc-moulure-en-aluminium-anodise-108x48-standard-iz\/","title":{"rendered":"Tableau de bord magn\u00e9tique fini porcelaine avec 2 panneaux coulissants blanc &#8211; Moulure en aluminium anodis\u00e9 &#8211; 108&#215;48 &#8211; STANDARD IZ"},"content":{"rendered":"<p>Tableau magn\u00e9tique blanc fini porcelaine 108&#215;48. 2 panneaux coulissants 54&#215;48. Auget, kit efface crayon. Kit d&rsquo;installation murale.<\/p>\n","protected":false},"excerpt":{"rendered":"<p>Tableau magn\u00e9tique blanc fini porcelaine 108&#215;48. 2 panneaux coulissants 54&#215;48. Auget, kit efface crayon. Kit d&rsquo;installation murale.<\/p>\n","protected":false},"featured_media":27912,"template":"","meta":[],"product_brand":[],"product_cat":[446,450],"product_tag":[],"class_list":{"0":"post-12801","1":"product","2":"type-product","3":"status-publish","4":"has-post-thumbnail","6":"product_cat-amelioration-continue","7":"product_cat-tableaux-de-bord-et-accessoires","9":"first","10":"instock","11":"taxable","12":"shipping-taxable","13":"purchasable","14":"product-type-simple"},"_links":{"self":[{"href":"https:\/\/ezsecur.elsnerdev.com\/fr\/wp-json\/wp\/v2\/product\/12801","targetHints":{"allow":["GET"]}}],"collection":[{"href":"https:\/\/ezsecur.elsnerdev.com\/fr\/wp-json\/wp\/v2\/product"}],"about":[{"href":"https:\/\/ezsecur.elsnerdev.com\/fr\/wp-json\/wp\/v2\/types\/product"}],"wp:featuredmedia":[{"embeddable":true,"href":"https:\/\/ezsecur.elsnerdev.com\/fr\/wp-json\/wp\/v2\/media\/27912"}],"wp:attachment":[{"href":"https:\/\/ezsecur.elsnerdev.com\/fr\/wp-json\/wp\/v2\/media?parent=12801"}],"wp:term":[{"taxonomy":"product_brand","embeddable":true,"href":"https:\/\/ezsecur.elsnerdev.com\/fr\/wp-json\/wp\/v2\/product_brand?post=12801"},{"taxonomy":"product_cat","embeddable":true,"href":"https:\/\/ezsecur.elsnerdev.com\/fr\/wp-json\/wp\/v2\/product_cat?post=12801"},{"taxonomy":"product_tag","embeddable":true,"href":"https:\/\/ezsecur.elsnerdev.com\/fr\/wp-json\/wp\/v2\/product_tag?post=12801"}],"curies":[{"name":"wp","href":"https:\/\/api.w.org\/{rel}","templated":true}]}}