{"id":12810,"date":"2023-06-23T06:17:01","date_gmt":"2023-06-23T10:17:01","guid":{"rendered":"https:\/\/ezsecur.elsnerdev.com\/?post_type=product&#038;p=12810"},"modified":"2026-03-03T01:24:22","modified_gmt":"2026-03-03T06:24:22","slug":"pigeonnier-13-compartiments-aluminium-0-050-16x33-5x11-5-standard-iz","status":"publish","type":"product","link":"https:\/\/ezsecur.elsnerdev.com\/fr\/product\/pigeonnier-13-compartiments-aluminium-0-050-16x33-5x11-5-standard-iz\/","title":{"rendered":"Pigeonnier 13 compartiments &#8211; Aluminium 0.050 &#8211; 16&#215;33.5&#215;11.5 &#8211; STANDARD IZ"},"content":{"rendered":"<p>*** Fabriqu\u00e9 au Qu\u00e9bec ***<\/p>\n<p>Pigeonnier peinture \u00e9maille couleur gris avec 8 autocollants d&rsquo;identification incluant;<\/p>\n<p>&#8211; 8 compartiments \u00e0 l&rsquo;avant pour formulaire permis de travail 8.5&#215;14.<\/p>\n<p>&#8211; 1 compartiment double \u00e0 droite pour carton 3.75&#215;6.75<\/p>\n<p>&#8211; 1 compartiment double 4.5x5x1.75<\/p>\n<p>&#8211; 1 gros compartiments \u00e0 l&rsquo;avant 12&#215;12.5&#215;4<\/p>\n","protected":false},"excerpt":{"rendered":"<p>*** Fabriqu\u00e9 au Qu\u00e9bec *** Pigeonnier peinture \u00e9maille couleur gris avec 8 autocollants d&rsquo;identification incluant; &#8211; 8 compartiments \u00e0 l&rsquo;avant pour formulaire permis de travail 8.5&#215;14.<span class=\"excerpt-hellip\"> [\u2026]<\/span><\/p>\n","protected":false},"featured_media":27913,"template":"","meta":[],"product_brand":[],"product_cat":[446,454],"product_tag":[],"class_list":{"0":"post-12810","1":"product","2":"type-product","3":"status-publish","4":"has-post-thumbnail","6":"product_cat-amelioration-continue","7":"product_cat-tableaux-5s-silhouettes-boitiers-de-rangement","9":"first","10":"instock","11":"taxable","12":"shipping-taxable","13":"purchasable","14":"product-type-simple"},"_links":{"self":[{"href":"https:\/\/ezsecur.elsnerdev.com\/fr\/wp-json\/wp\/v2\/product\/12810","targetHints":{"allow":["GET"]}}],"collection":[{"href":"https:\/\/ezsecur.elsnerdev.com\/fr\/wp-json\/wp\/v2\/product"}],"about":[{"href":"https:\/\/ezsecur.elsnerdev.com\/fr\/wp-json\/wp\/v2\/types\/product"}],"wp:featuredmedia":[{"embeddable":true,"href":"https:\/\/ezsecur.elsnerdev.com\/fr\/wp-json\/wp\/v2\/media\/27913"}],"wp:attachment":[{"href":"https:\/\/ezsecur.elsnerdev.com\/fr\/wp-json\/wp\/v2\/media?parent=12810"}],"wp:term":[{"taxonomy":"product_brand","embeddable":true,"href":"https:\/\/ezsecur.elsnerdev.com\/fr\/wp-json\/wp\/v2\/product_brand?post=12810"},{"taxonomy":"product_cat","embeddable":true,"href":"https:\/\/ezsecur.elsnerdev.com\/fr\/wp-json\/wp\/v2\/product_cat?post=12810"},{"taxonomy":"product_tag","embeddable":true,"href":"https:\/\/ezsecur.elsnerdev.com\/fr\/wp-json\/wp\/v2\/product_tag?post=12810"}],"curies":[{"name":"wp","href":"https:\/\/api.w.org\/{rel}","templated":true}]}}