{"id":12819,"date":"2023-05-27T05:10:52","date_gmt":"2023-05-27T09:10:52","guid":{"rendered":"https:\/\/ezsecur.elsnerdev.com\/?post_type=product&#038;p=12819"},"modified":"2026-03-03T01:24:22","modified_gmt":"2026-03-03T06:24:22","slug":"cadenas-american-lock-a1105-kd-standard","status":"publish","type":"product","link":"https:\/\/ezsecur.elsnerdev.com\/fr\/product\/cadenas-american-lock-a1105-kd-standard\/","title":{"rendered":"Cadenas American Lock A1105 &#8211; KD &#8211; STANDARD"},"content":{"rendered":"<pre id=\"subvalue_PRODUCTCF11\" class=\"mL45 robotoRegular\" data-zcqa=\"value_Description - French\">Ensemble de 1 cadenas et 1 cl\u00e9\r\nCl\u00e9s diff\u00e9rentes (KD)\r\n1 cl\u00e9 diff\u00e9rent pour chaque cadenas\r\nCouleurs au choix.\r\n\r\nOption de gravure sur 1 face, estampage de cl\u00e9, \u00e9tiquette d\u2019identification de cl\u00e9 en lamico\u00efde 1\/16 3x0.5 : +10$\r\n\r\nCommande minimum de 6 cadenas<\/pre>\n","protected":false},"excerpt":{"rendered":"<p>Ensemble de 1 cadenas et 1 cl\u00e9 Cl\u00e9s diff\u00e9rentes (KD) 1 cl\u00e9 diff\u00e9rent pour chaque cadenas Couleurs au choix. Option de gravure sur 1 face, estampage<span class=\"excerpt-hellip\"> [\u2026]<\/span><\/p>\n","protected":false},"featured_media":27918,"template":"","meta":[],"product_brand":[],"product_cat":[425,438],"product_tag":[],"class_list":{"0":"post-12819","1":"product","2":"type-product","3":"status-publish","4":"has-post-thumbnail","6":"product_cat-securite-machine-verrouillage-cadenassage","7":"product_cat-dispositifs-de-verrouillage-et-de-cadenassage","9":"first","10":"instock","11":"taxable","12":"shipping-taxable","13":"purchasable","14":"product-type-simple"},"_links":{"self":[{"href":"https:\/\/ezsecur.elsnerdev.com\/fr\/wp-json\/wp\/v2\/product\/12819","targetHints":{"allow":["GET"]}}],"collection":[{"href":"https:\/\/ezsecur.elsnerdev.com\/fr\/wp-json\/wp\/v2\/product"}],"about":[{"href":"https:\/\/ezsecur.elsnerdev.com\/fr\/wp-json\/wp\/v2\/types\/product"}],"wp:featuredmedia":[{"embeddable":true,"href":"https:\/\/ezsecur.elsnerdev.com\/fr\/wp-json\/wp\/v2\/media\/27918"}],"wp:attachment":[{"href":"https:\/\/ezsecur.elsnerdev.com\/fr\/wp-json\/wp\/v2\/media?parent=12819"}],"wp:term":[{"taxonomy":"product_brand","embeddable":true,"href":"https:\/\/ezsecur.elsnerdev.com\/fr\/wp-json\/wp\/v2\/product_brand?post=12819"},{"taxonomy":"product_cat","embeddable":true,"href":"https:\/\/ezsecur.elsnerdev.com\/fr\/wp-json\/wp\/v2\/product_cat?post=12819"},{"taxonomy":"product_tag","embeddable":true,"href":"https:\/\/ezsecur.elsnerdev.com\/fr\/wp-json\/wp\/v2\/product_tag?post=12819"}],"curies":[{"name":"wp","href":"https:\/\/api.w.org\/{rel}","templated":true}]}}