{"id":12822,"date":"2023-05-30T09:30:20","date_gmt":"2023-05-30T13:30:20","guid":{"rendered":"https:\/\/ezsecur.elsnerdev.com\/?post_type=product&#038;p=12822"},"modified":"2026-03-03T01:24:23","modified_gmt":"2026-03-03T06:24:23","slug":"base-de-beton-renforcee-250lbs-cage-en-acier-peinture-jaune-avec-plaque-en-acier-3-16-12x18x18x30-standard-iz","status":"publish","type":"product","link":"https:\/\/ezsecur.elsnerdev.com\/fr\/product\/base-de-beton-renforcee-250lbs-cage-en-acier-peinture-jaune-avec-plaque-en-acier-3-16-12x18x18x30-standard-iz\/","title":{"rendered":"Base de b\u00e9ton renforc\u00e9e &#8211; 250Lbs &#8211; Cage en acier peinture jaune avec plaque en acier 3\/16 &#8211; 12x18x18x30- STANDARD IZ"},"content":{"rendered":"<p>*** Fabriqu\u00e9 au Qu\u00e9bec ***<\/p>\n<pre id=\"subvalue_PRODUCTCF11\" class=\"mL45 robotoRegular DV_textAreaLineClamp\" data-zcqa=\"value_Description - French\">Cage en acier pli\u00e9, soud\u00e9, hexagonale, b\u00e9ton coul\u00e9, support pour poteau 2x2. \r\nPeinture jaune et noire.\r\nTransportable par chariot \u00e9l\u00e9vateur. Espace pour les fourches de 6\"x2\" Renforcement avec plaque soud\u00e9e en acier 1\/4 hexagonale 34x34, 6 perforations 1\/2 pour ancrage au sol.<\/pre>\n","protected":false},"excerpt":{"rendered":"<p>*** Fabriqu\u00e9 au Qu\u00e9bec *** Cage en acier pli\u00e9, soud\u00e9, hexagonale, b\u00e9ton coul\u00e9, support pour poteau 2&#215;2. Peinture jaune et noire. Transportable par chariot \u00e9l\u00e9vateur. Espace<span class=\"excerpt-hellip\"> [\u2026]<\/span><\/p>\n","protected":false},"featured_media":27919,"template":"","meta":[],"product_brand":[],"product_cat":[389,421],"product_tag":[],"class_list":{"0":"post-12822","1":"product","2":"type-product","3":"status-publish","4":"has-post-thumbnail","6":"product_cat-signalisation-industrielle-et-circulation-sur-site","7":"product_cat-poteaux-supports-bases-accessoires","9":"first","10":"instock","11":"taxable","12":"shipping-taxable","13":"purchasable","14":"product-type-simple"},"_links":{"self":[{"href":"https:\/\/ezsecur.elsnerdev.com\/fr\/wp-json\/wp\/v2\/product\/12822","targetHints":{"allow":["GET"]}}],"collection":[{"href":"https:\/\/ezsecur.elsnerdev.com\/fr\/wp-json\/wp\/v2\/product"}],"about":[{"href":"https:\/\/ezsecur.elsnerdev.com\/fr\/wp-json\/wp\/v2\/types\/product"}],"wp:featuredmedia":[{"embeddable":true,"href":"https:\/\/ezsecur.elsnerdev.com\/fr\/wp-json\/wp\/v2\/media\/27919"}],"wp:attachment":[{"href":"https:\/\/ezsecur.elsnerdev.com\/fr\/wp-json\/wp\/v2\/media?parent=12822"}],"wp:term":[{"taxonomy":"product_brand","embeddable":true,"href":"https:\/\/ezsecur.elsnerdev.com\/fr\/wp-json\/wp\/v2\/product_brand?post=12822"},{"taxonomy":"product_cat","embeddable":true,"href":"https:\/\/ezsecur.elsnerdev.com\/fr\/wp-json\/wp\/v2\/product_cat?post=12822"},{"taxonomy":"product_tag","embeddable":true,"href":"https:\/\/ezsecur.elsnerdev.com\/fr\/wp-json\/wp\/v2\/product_tag?post=12822"}],"curies":[{"name":"wp","href":"https:\/\/api.w.org\/{rel}","templated":true}]}}