{"id":13241,"date":"2023-10-02T14:23:52","date_gmt":"2023-10-02T18:23:52","guid":{"rendered":"https:\/\/ezsecur.elsnerdev.com\/?post_type=product&#038;p=13241"},"modified":"2026-03-03T01:24:24","modified_gmt":"2026-03-03T06:24:24","slug":"anticollision-miroir-36-gyrophare-2x-detecteurs-de-mouvement-standard-iz-2","status":"publish","type":"product","link":"https:\/\/ezsecur.elsnerdev.com\/fr\/product\/anticollision-miroir-36-gyrophare-2x-detecteurs-de-mouvement-standard-iz-2\/","title":{"rendered":"Anticollision &#8211; Miroir 36&Prime; &#8211; Gyrophare &#8211; 2x d\u00e9tecteurs de mouvement &#8211; STANDARD IZ"},"content":{"rendered":"<p>*** Fabriqu\u00e9 au Qu\u00e9bec ***<\/p>\n<p>Anticollision &#8211; Miroir 36\u201d &#8211; Gyrophare &#8211; 2x d\u00e9tecteurs de mouvement &#8211; STANDARD Kit anti-collision comprenant:<\/p>\n<p>&#8211; 1x miroir en d\u00f4me dia 36\u201d, acrylique, 4 cha\u00eenettes et un crochet de suspension,<\/p>\n<p>&#8211; 1 balise rotative orange;<\/p>\n<p>&#8211; 2 d\u00e9tecteurs de mouvement Heavy Duty, PIR et Microwave, d\u00e9tection r\u00e9glable jusqu\u2019\u00e0 135 pieds,<\/p>\n<p>&#8211; Alimentation 120VAC.<\/p>\n<p>Gyrophare activ\u00e9 d\u00e8s 1x d\u00e9tection.<\/p>\n","protected":false},"excerpt":{"rendered":"<p>*** Fabriqu\u00e9 au Qu\u00e9bec *** Anticollision &#8211; Miroir 36\u201d &#8211; Gyrophare &#8211; 2x d\u00e9tecteurs de mouvement &#8211; STANDARD Kit anti-collision comprenant: &#8211; 1x miroir en d\u00f4me<span class=\"excerpt-hellip\"> [\u2026]<\/span><\/p>\n","protected":false},"featured_media":27583,"template":"","meta":[],"product_brand":[],"product_cat":[389,397],"product_tag":[],"class_list":{"0":"post-13241","1":"product","2":"type-product","3":"status-publish","4":"has-post-thumbnail","6":"product_cat-signalisation-industrielle-et-circulation-sur-site","7":"product_cat-systemes-anti-collision","9":"first","10":"instock","11":"taxable","12":"shipping-taxable","13":"purchasable","14":"product-type-simple"},"_links":{"self":[{"href":"https:\/\/ezsecur.elsnerdev.com\/fr\/wp-json\/wp\/v2\/product\/13241","targetHints":{"allow":["GET"]}}],"collection":[{"href":"https:\/\/ezsecur.elsnerdev.com\/fr\/wp-json\/wp\/v2\/product"}],"about":[{"href":"https:\/\/ezsecur.elsnerdev.com\/fr\/wp-json\/wp\/v2\/types\/product"}],"wp:featuredmedia":[{"embeddable":true,"href":"https:\/\/ezsecur.elsnerdev.com\/fr\/wp-json\/wp\/v2\/media\/27583"}],"wp:attachment":[{"href":"https:\/\/ezsecur.elsnerdev.com\/fr\/wp-json\/wp\/v2\/media?parent=13241"}],"wp:term":[{"taxonomy":"product_brand","embeddable":true,"href":"https:\/\/ezsecur.elsnerdev.com\/fr\/wp-json\/wp\/v2\/product_brand?post=13241"},{"taxonomy":"product_cat","embeddable":true,"href":"https:\/\/ezsecur.elsnerdev.com\/fr\/wp-json\/wp\/v2\/product_cat?post=13241"},{"taxonomy":"product_tag","embeddable":true,"href":"https:\/\/ezsecur.elsnerdev.com\/fr\/wp-json\/wp\/v2\/product_tag?post=13241"}],"curies":[{"name":"wp","href":"https:\/\/api.w.org\/{rel}","templated":true}]}}