{"id":13249,"date":"2023-10-02T14:54:26","date_gmt":"2023-10-02T18:54:26","guid":{"rendered":"https:\/\/ezsecur.elsnerdev.com\/?post_type=product&#038;p=13249"},"modified":"2026-03-03T01:24:28","modified_gmt":"2026-03-03T06:24:28","slug":"porte-industrielle-coulissante-sur-roulettes-tubes-en-acier-2x2-144x72-standard-iz","status":"publish","type":"product","link":"https:\/\/ezsecur.elsnerdev.com\/fr\/product\/porte-industrielle-coulissante-sur-roulettes-tubes-en-acier-2x2-144x72-standard-iz\/","title":{"rendered":"Porte industrielle coulissante sur roulettes &#8211; Tubes en acier 2&#215;2, 144&#215;72 &#8211; STANDARD IZ"},"content":{"rendered":"<pre id=\"subvalue_PRODUCTCF11\" class=\"mL45 robotoRegular DV_textAreaLineClamp\" data-zcqa=\"value_Description - French\">Cadre en tube d'acier 1\/8 2x2, peinture jaune. Grillage en acier en losange \u00e0 plat de 1.5\", 4 kit de m\u00e2choire \u00e0 roulette de maintien, 2 roulettes de roulement \u00e0 terre, 1 locket de fermeture. Ajustable sur poteau en acier.<\/pre>\n","protected":false},"excerpt":{"rendered":"<p>Cadre en tube d&rsquo;acier 1\/8 2&#215;2, peinture jaune. Grillage en acier en losange \u00e0 plat de 1.5&Prime;, 4 kit de m\u00e2choire \u00e0 roulette de maintien, 2<span class=\"excerpt-hellip\"> [\u2026]<\/span><\/p>\n","protected":false},"featured_media":27924,"template":"","meta":[],"product_brand":[],"product_cat":[389,409],"product_tag":[],"class_list":{"0":"post-13249","1":"product","2":"type-product","3":"status-publish","4":"has-post-thumbnail","6":"product_cat-signalisation-industrielle-et-circulation-sur-site","7":"product_cat-barrieres-passages-pietons-mains-courantes","9":"first","10":"instock","11":"taxable","12":"shipping-taxable","13":"purchasable","14":"product-type-simple"},"_links":{"self":[{"href":"https:\/\/ezsecur.elsnerdev.com\/fr\/wp-json\/wp\/v2\/product\/13249","targetHints":{"allow":["GET"]}}],"collection":[{"href":"https:\/\/ezsecur.elsnerdev.com\/fr\/wp-json\/wp\/v2\/product"}],"about":[{"href":"https:\/\/ezsecur.elsnerdev.com\/fr\/wp-json\/wp\/v2\/types\/product"}],"wp:featuredmedia":[{"embeddable":true,"href":"https:\/\/ezsecur.elsnerdev.com\/fr\/wp-json\/wp\/v2\/media\/27924"}],"wp:attachment":[{"href":"https:\/\/ezsecur.elsnerdev.com\/fr\/wp-json\/wp\/v2\/media?parent=13249"}],"wp:term":[{"taxonomy":"product_brand","embeddable":true,"href":"https:\/\/ezsecur.elsnerdev.com\/fr\/wp-json\/wp\/v2\/product_brand?post=13249"},{"taxonomy":"product_cat","embeddable":true,"href":"https:\/\/ezsecur.elsnerdev.com\/fr\/wp-json\/wp\/v2\/product_cat?post=13249"},{"taxonomy":"product_tag","embeddable":true,"href":"https:\/\/ezsecur.elsnerdev.com\/fr\/wp-json\/wp\/v2\/product_tag?post=13249"}],"curies":[{"name":"wp","href":"https:\/\/api.w.org\/{rel}","templated":true}]}}