{"id":13775,"date":"2023-10-25T16:59:45","date_gmt":"2023-10-25T20:59:45","guid":{"rendered":"https:\/\/ezsecur.elsnerdev.com\/?post_type=product&#038;p=13775"},"modified":"2026-03-03T01:24:31","modified_gmt":"2026-03-03T06:24:31","slug":"verrouillage-station-5-boites-aluminium-0-125-peinture-cuite-jaune-36x31x12-standard-iz","status":"publish","type":"product","link":"https:\/\/ezsecur.elsnerdev.com\/fr\/product\/verrouillage-station-5-boites-aluminium-0-125-peinture-cuite-jaune-36x31x12-standard-iz\/","title":{"rendered":"Verrouillage &#8211; Station &#8211; 5 boites &#8211; Aluminium 0.125 &#8211; Peinture cuite jaune &#8211; 36x31x12 &#8211; STANDARD IZ"},"content":{"rendered":"<p>*** Fabriqu\u00e9 au Qu\u00e9bec ***<\/p>\n<pre id=\"subvalue_PRODUCTCF11\" class=\"mL45 robotoRegular\" data-zcqa=\"value_Description - French\">Boitier en aluminium 1\/8, peinture cuite jaune, pour accessoires de cadenassage.\r\nCompartiment de 36''x24''x10'' Incluant:\r\n- 2 portes en acrylique 1\/4 clair avec 4 pentures en acier chrom\u00e9 \u00e0 fermeture forc\u00e9e,\r\n- 2 poign\u00e9es et 1 barrure,\r\n- Fond avec Visuel sur vinyle imprim\u00e9 lamin\u00e9 glac\u00e9;\r\n-Possibilit\u00e9 de 40 crochets \u00e0 cadenas et \u00e0 cl\u00e9s\r\n- Cap de s\u00e9curit\u00e9 avec identification de la station\r\n- Boitier d'isolation en aluminium: 2 boitier simple (2 cadenas), 1 boitier double (4 cadenas), 1 boitier pleine longueur (10 cadenas)\r\n- 5 boites de verrouillage 9x9x5 en aluminium 1\/8, 4 pin, 4 porte-cl\u00e9 en acrylique, barrure cadenassable, installation sur les c\u00f4t\u00e9s et l'arri\u00e8re de la station. \r\n- 5 pad \u00e0 clip pour feuilles 8.5x11, installation sur les c\u00f4t\u00e9s et l'arri\u00e8re de la station.<\/pre>\n","protected":false},"excerpt":{"rendered":"<p>*** Fabriqu\u00e9 au Qu\u00e9bec *** Boitier en aluminium 1\/8, peinture cuite jaune, pour accessoires de cadenassage. Compartiment de 36\u00a0\u00bbx24\u00a0\u00bbx10\u00a0\u00bb Incluant: &#8211; 2 portes en acrylique 1\/4<span class=\"excerpt-hellip\"> [\u2026]<\/span><\/p>\n","protected":false},"featured_media":27928,"template":"","meta":[],"product_brand":[],"product_cat":[425,430],"product_tag":[],"class_list":{"0":"post-13775","1":"product","2":"type-product","3":"status-publish","4":"has-post-thumbnail","6":"product_cat-securite-machine-verrouillage-cadenassage","7":"product_cat-stations-de-verrouillage","9":"first","10":"instock","11":"taxable","12":"shipping-taxable","13":"purchasable","14":"product-type-simple"},"_links":{"self":[{"href":"https:\/\/ezsecur.elsnerdev.com\/fr\/wp-json\/wp\/v2\/product\/13775","targetHints":{"allow":["GET"]}}],"collection":[{"href":"https:\/\/ezsecur.elsnerdev.com\/fr\/wp-json\/wp\/v2\/product"}],"about":[{"href":"https:\/\/ezsecur.elsnerdev.com\/fr\/wp-json\/wp\/v2\/types\/product"}],"wp:featuredmedia":[{"embeddable":true,"href":"https:\/\/ezsecur.elsnerdev.com\/fr\/wp-json\/wp\/v2\/media\/27928"}],"wp:attachment":[{"href":"https:\/\/ezsecur.elsnerdev.com\/fr\/wp-json\/wp\/v2\/media?parent=13775"}],"wp:term":[{"taxonomy":"product_brand","embeddable":true,"href":"https:\/\/ezsecur.elsnerdev.com\/fr\/wp-json\/wp\/v2\/product_brand?post=13775"},{"taxonomy":"product_cat","embeddable":true,"href":"https:\/\/ezsecur.elsnerdev.com\/fr\/wp-json\/wp\/v2\/product_cat?post=13775"},{"taxonomy":"product_tag","embeddable":true,"href":"https:\/\/ezsecur.elsnerdev.com\/fr\/wp-json\/wp\/v2\/product_tag?post=13775"}],"curies":[{"name":"wp","href":"https:\/\/api.w.org\/{rel}","templated":true}]}}