{"id":13777,"date":"2023-10-25T18:24:07","date_gmt":"2023-10-25T22:24:07","guid":{"rendered":"https:\/\/ezsecur.elsnerdev.com\/?post_type=product&#038;p=13777"},"modified":"2026-03-03T01:24:32","modified_gmt":"2026-03-03T06:24:32","slug":"barriere-en-aluminium-avec-support-pour-installation-sur-surface-horizontale-4x1x48-standard-iz","status":"publish","type":"product","link":"https:\/\/ezsecur.elsnerdev.com\/fr\/product\/barriere-en-aluminium-avec-support-pour-installation-sur-surface-horizontale-4x1x48-standard-iz\/","title":{"rendered":"Barri\u00e8re en aluminium avec support pour installation sur surface horizontale &#8211; 4x1x48 &#8211; STANDARD IZ"},"content":{"rendered":"<p>*** Fabriqu\u00e9 au Qu\u00e9bec ***<\/p>\n<p>Kit de barri\u00e8re manuelle \u00e0 ouverture verticale de 48&Prime; pour installation sur support plat horizontal ou grosse base de b\u00e9ton<\/p>\n<p>SKU: STD-BAS-BET-3500, incluant:<\/p>\n<p>&#8211; Profil\u00e9 en aluminium rectangulaire coins carr\u00e9s 4&Prime; x 1&Prime; x 48&Prime;, avec vinyle grade diamant blanc et rouge sur les 2 faces;<\/p>\n<p>&#8211; Support en U en acier 1\/4 peinture noire, avec 2 arr\u00eats horizontal et vertical.<\/p>\n<p>goupille de barrure.<\/p>\n","protected":false},"excerpt":{"rendered":"<p>*** Fabriqu\u00e9 au Qu\u00e9bec *** Kit de barri\u00e8re manuelle \u00e0 ouverture verticale de 48&Prime; pour installation sur support plat horizontal ou grosse base de b\u00e9ton SKU:<span class=\"excerpt-hellip\"> [\u2026]<\/span><\/p>\n","protected":false},"featured_media":27934,"template":"","meta":[],"product_brand":[],"product_cat":[389,409],"product_tag":[],"class_list":{"0":"post-13777","1":"product","2":"type-product","3":"status-publish","4":"has-post-thumbnail","6":"product_cat-signalisation-industrielle-et-circulation-sur-site","7":"product_cat-barrieres-passages-pietons-mains-courantes","8":"pa_unit-pcs","10":"first","11":"instock","12":"taxable","13":"shipping-taxable","14":"purchasable","15":"product-type-simple"},"_links":{"self":[{"href":"https:\/\/ezsecur.elsnerdev.com\/fr\/wp-json\/wp\/v2\/product\/13777","targetHints":{"allow":["GET"]}}],"collection":[{"href":"https:\/\/ezsecur.elsnerdev.com\/fr\/wp-json\/wp\/v2\/product"}],"about":[{"href":"https:\/\/ezsecur.elsnerdev.com\/fr\/wp-json\/wp\/v2\/types\/product"}],"wp:featuredmedia":[{"embeddable":true,"href":"https:\/\/ezsecur.elsnerdev.com\/fr\/wp-json\/wp\/v2\/media\/27934"}],"wp:attachment":[{"href":"https:\/\/ezsecur.elsnerdev.com\/fr\/wp-json\/wp\/v2\/media?parent=13777"}],"wp:term":[{"taxonomy":"product_brand","embeddable":true,"href":"https:\/\/ezsecur.elsnerdev.com\/fr\/wp-json\/wp\/v2\/product_brand?post=13777"},{"taxonomy":"product_cat","embeddable":true,"href":"https:\/\/ezsecur.elsnerdev.com\/fr\/wp-json\/wp\/v2\/product_cat?post=13777"},{"taxonomy":"product_tag","embeddable":true,"href":"https:\/\/ezsecur.elsnerdev.com\/fr\/wp-json\/wp\/v2\/product_tag?post=13777"}],"curies":[{"name":"wp","href":"https:\/\/api.w.org\/{rel}","templated":true}]}}