{"id":13919,"date":"2023-10-30T09:24:36","date_gmt":"2023-10-30T13:24:36","guid":{"rendered":"https:\/\/ezsecur.elsnerdev.com\/?post_type=product&#038;p=13919"},"modified":"2026-03-03T01:24:35","modified_gmt":"2026-03-03T06:24:35","slug":"station-des-permis-et-de-calibrage-tout-aluminium-82x80x24-standard-iz","status":"publish","type":"product","link":"https:\/\/ezsecur.elsnerdev.com\/fr\/product\/station-des-permis-et-de-calibrage-tout-aluminium-82x80x24-standard-iz\/","title":{"rendered":"Station des permis et de calibrage &#8211; Tout aluminium &#8211; 82x80x24 &#8211; STANDARD IZ"},"content":{"rendered":"<p>*** Fabriqu\u00e9 au Qu\u00e9bec ***<\/p>\n<pre id=\"subvalue_PRODUCTCF11\" class=\"mL45 robotoRegular\" data-zcqa=\"value_Description - French\">Comptoir des permis de travail et de calibration des d\u00e9tecteurs de gaz.\r\n Base de station, 82x37x24, incluant:\r\n - Cadre en tube d'aluminium 2\" x 2\" soud\u00e9\r\n - Cappage en aluminium jaune 064, peinture cuite jaune s\u00e9curit\u00e9, d\u00e9coup\u00e9 pli\u00e9 rivet\u00e9\r\n - Tablette en acier inoxydable 18Ga\r\n - 1 chute avec porte basculante et r\u00e9ceptacle en plastic\r\n - Une porte de placard pour la chute, avec barrure a cadenas\r\n - Un tiroir avec barrure a cadenas\r\n - Une porte a double battant d'acces au compartiment a bouteilles\r\n - Un rack pour supporter 12 bouteilles diam\u00e8tre 4 1\/2\"\r\n - 1 compartiment avec trappe d'acc\u00e8s aux utilit\u00e9s\r\n - Support pour 5 bumper\r\n - Visuel sur vinyle imprim\u00e9 lamin\u00e9 glac\u00e9.\r\n Haut de station, 82x43x24, incluant:\r\n - Ensemble de pigeonnier, cadre en tube d'aluminium 2\" x 2\" soud\u00e9, cappage en aluminium jaune 064, peinture cuite jaune s\u00e9curit\u00e9, d\u00e9coup\u00e9 pli\u00e9 rivet\u00e9, 9 tablettes en alumibest avec identification, une porte en acrylique 1\/4, 2x pentures a fermeture forc\u00e9e, visuel sur vinyle imprim\u00e9 lamin\u00e9 glac\u00e9\r\n - 2 supports a feuille\r\n - 2 ensembles de crochets a feuille pour formulaire\r\n - 1 ensemble de 5 pigeonniers pour IDERS5\r\n - 1 ensemble de compteur de jour avec cadre en tube d'aluminium 2\" x 2\" soud\u00e9, cappage en aluminium jaune 064 peinture cuite jaune s\u00e9curit\u00e9, d\u00e9coup\u00e9 pli\u00e9 rivet\u00e9, un compteur de jour 4 digit verts, avec commande \u00e0 distance, visuel sur vinyle imprim\u00e9 lamin\u00e9 glac\u00e9\r\n - Fond de comptoir avec cadre en tube d'aluminium 2\" x 2\" soud\u00e9, fond en alumibest, visuel sur vinyle imprim\u00e9 lamin\u00e9 glac\u00e9\r\n - Identifications et logos sur mesure.<\/pre>\n","protected":false},"excerpt":{"rendered":"<p>*** Fabriqu\u00e9 au Qu\u00e9bec *** Comptoir des permis de travail et de calibration des d\u00e9tecteurs de gaz. Base de station, 82x37x24, incluant: &#8211; Cadre en tube<span class=\"excerpt-hellip\"> [\u2026]<\/span><\/p>\n","protected":false},"featured_media":27935,"template":"","meta":[],"product_brand":[],"product_cat":[446,458],"product_tag":[],"class_list":{"0":"post-13919","1":"product","2":"type-product","3":"status-publish","4":"has-post-thumbnail","6":"product_cat-amelioration-continue","7":"product_cat-compteurs-armoires","9":"first","10":"instock","11":"taxable","12":"shipping-taxable","13":"purchasable","14":"product-type-simple"},"_links":{"self":[{"href":"https:\/\/ezsecur.elsnerdev.com\/fr\/wp-json\/wp\/v2\/product\/13919","targetHints":{"allow":["GET"]}}],"collection":[{"href":"https:\/\/ezsecur.elsnerdev.com\/fr\/wp-json\/wp\/v2\/product"}],"about":[{"href":"https:\/\/ezsecur.elsnerdev.com\/fr\/wp-json\/wp\/v2\/types\/product"}],"wp:featuredmedia":[{"embeddable":true,"href":"https:\/\/ezsecur.elsnerdev.com\/fr\/wp-json\/wp\/v2\/media\/27935"}],"wp:attachment":[{"href":"https:\/\/ezsecur.elsnerdev.com\/fr\/wp-json\/wp\/v2\/media?parent=13919"}],"wp:term":[{"taxonomy":"product_brand","embeddable":true,"href":"https:\/\/ezsecur.elsnerdev.com\/fr\/wp-json\/wp\/v2\/product_brand?post=13919"},{"taxonomy":"product_cat","embeddable":true,"href":"https:\/\/ezsecur.elsnerdev.com\/fr\/wp-json\/wp\/v2\/product_cat?post=13919"},{"taxonomy":"product_tag","embeddable":true,"href":"https:\/\/ezsecur.elsnerdev.com\/fr\/wp-json\/wp\/v2\/product_tag?post=13919"}],"curies":[{"name":"wp","href":"https:\/\/api.w.org\/{rel}","templated":true}]}}