{"id":14037,"date":"2023-11-20T13:39:06","date_gmt":"2023-11-20T18:39:06","guid":{"rendered":"https:\/\/ezsecur.elsnerdev.com\/?post_type=product&#038;p=14037"},"modified":"2026-03-03T01:24:37","modified_gmt":"2026-03-03T06:24:37","slug":"standard-affiche-interdiction-de-passer-aluminium-0-125-recto-2x-lumieres-vinyle-grade-diamant-36x48","status":"publish","type":"product","link":"https:\/\/ezsecur.elsnerdev.com\/fr\/product\/standard-affiche-interdiction-de-passer-aluminium-0-125-recto-2x-lumieres-vinyle-grade-diamant-36x48\/","title":{"rendered":"STANDARD &#8211; Affiche &#8211; Interdiction de passer &#8211; Aluminium 0.125 &#8211; Recto &#8211; 2x lumi\u00e8res &#8211; Vinyle grade diamant &#8211; 36&#215;48"},"content":{"rendered":"<p>*** Fabriqu\u00e9 au Qu\u00e9bec ***<\/p>\n<p>Affiche en aluminium 0.125 lumineuse; incluant :<\/p>\n<ul>\n<li>Visuel Recto en vinyle grade diamant<\/li>\n<li>Vinyle transparent imprim\u00e9 lamin\u00e9 glac\u00e9; 2x lumi\u00e8res rouge 12 VDC 4&Prime;<\/li>\n<li>Module clignotant<\/li>\n<li>Interrupteur<\/li>\n<li>Visuel: DANGER ARR\u00caTEZ-VOUS LORSQUE LES FEUX ROUGES CLIGNOTENT. VOUS POUVEZ COMMENCER \u00c0 BOUGER SEULEMENT QUAND IL N&rsquo;Y A PAS DE LUMI\u00c8RES ROUGES CLIGNOTANTES.<br \/>\n*** Alimentation solaire non incluse ***<\/li>\n<\/ul>\n<p>Option de Commande :<\/p>\n<ul>\n<li>Bouton : ON\/OFF<\/li>\n<li>\u00c0 distance par des manettes<\/li>\n<\/ul>\n<p>Option d&rsquo;installation et fixation :<\/p>\n<ul>\n<li>Murale<\/li>\n<li>Base de beton 3500 lbs : Sku : STD-BAS-BET-3500<\/li>\n<\/ul>\n<p>Option d&rsquo;alimenation :<\/p>\n<ul>\n<li>Courant 120 Volts<\/li>\n<li>Kit panneau solaire Sku : STD-SOL-PAN-100W<\/li>\n<\/ul>\n","protected":false},"excerpt":{"rendered":"<p>*** Fabriqu\u00e9 au Qu\u00e9bec *** Affiche en aluminium 0.125 lumineuse; incluant : Visuel Recto en vinyle grade diamant Vinyle transparent imprim\u00e9 lamin\u00e9 glac\u00e9; 2x lumi\u00e8res rouge<span class=\"excerpt-hellip\"> [\u2026]<\/span><\/p>\n","protected":false},"featured_media":27946,"template":"","meta":[],"product_brand":[],"product_cat":[389,391],"product_tag":[],"class_list":{"0":"post-14037","1":"product","2":"type-product","3":"status-publish","4":"has-post-thumbnail","6":"product_cat-signalisation-industrielle-et-circulation-sur-site","7":"product_cat-signalisation-dynamique-activee-a-distance-alimentation-solaire","9":"first","10":"instock","11":"taxable","12":"shipping-taxable","13":"purchasable","14":"product-type-simple"},"_links":{"self":[{"href":"https:\/\/ezsecur.elsnerdev.com\/fr\/wp-json\/wp\/v2\/product\/14037","targetHints":{"allow":["GET"]}}],"collection":[{"href":"https:\/\/ezsecur.elsnerdev.com\/fr\/wp-json\/wp\/v2\/product"}],"about":[{"href":"https:\/\/ezsecur.elsnerdev.com\/fr\/wp-json\/wp\/v2\/types\/product"}],"wp:featuredmedia":[{"embeddable":true,"href":"https:\/\/ezsecur.elsnerdev.com\/fr\/wp-json\/wp\/v2\/media\/27946"}],"wp:attachment":[{"href":"https:\/\/ezsecur.elsnerdev.com\/fr\/wp-json\/wp\/v2\/media?parent=14037"}],"wp:term":[{"taxonomy":"product_brand","embeddable":true,"href":"https:\/\/ezsecur.elsnerdev.com\/fr\/wp-json\/wp\/v2\/product_brand?post=14037"},{"taxonomy":"product_cat","embeddable":true,"href":"https:\/\/ezsecur.elsnerdev.com\/fr\/wp-json\/wp\/v2\/product_cat?post=14037"},{"taxonomy":"product_tag","embeddable":true,"href":"https:\/\/ezsecur.elsnerdev.com\/fr\/wp-json\/wp\/v2\/product_tag?post=14037"}],"curies":[{"name":"wp","href":"https:\/\/api.w.org\/{rel}","templated":true}]}}