{"id":14049,"date":"2023-11-20T15:37:37","date_gmt":"2023-11-20T20:37:37","guid":{"rendered":"https:\/\/ezsecur.elsnerdev.com\/?post_type=product&#038;p=14049"},"modified":"2026-03-03T01:24:38","modified_gmt":"2026-03-03T06:24:38","slug":"standard-affiche-lumineuse-alimentation-solaire-traverse-vehicules-lourds-aluminium-0-080-recto-verso-4x-lumieres-oranges-vinyle-grade-diamant-36x48x4","status":"publish","type":"product","link":"https:\/\/ezsecur.elsnerdev.com\/fr\/product\/standard-affiche-lumineuse-alimentation-solaire-traverse-vehicules-lourds-aluminium-0-080-recto-verso-4x-lumieres-oranges-vinyle-grade-diamant-36x48x4\/","title":{"rendered":"STANDARD &#8211; Affiche &#8211; Lumineuse &#8211; Alimentation Solaire &#8211; Traverse v\u00e9hicules lourds &#8211; Aluminium 0.080 &#8211; Recto\/verso- 4x lumi\u00e8res oranges &#8211; Vinyle grade diamant &#8211; 36x48x4"},"content":{"rendered":"<p>*** Fabriqu\u00e9 au Qu\u00e9bec ***<\/p>\n<p>Affiche en aluminium 36x48x4 lumineuse; incluant :<\/p>\n<ul>\n<li>Boitier en aluminium 0.080\u00a0\u00bb<\/li>\n<li>Visuel Recto\/Verso en vinyle grade ing\u00e9nieur imprim\u00e9 glac\u00e9<\/li>\n<li>4x lumi\u00e8res oranges 12 VDC de diametre 4.2&Prime; (2 de chaque cot\u00e9s)<\/li>\n<li>1x composants \u00e9lectriques (Module timer, connecteurs, fillage&#8230;) &#8211;<\/li>\n<li>1x interrupteur marche\/arr\u00eat;<\/li>\n<li>Visuel: ATTENTION PASSAGE DE V\u00c9HICULES LOURDS + Picotgramme de camion lourd<br \/>\n*** Alimentation solaire non incluse ***<\/li>\n<\/ul>\n<p>Option de Commande :<\/p>\n<ul>\n<li>Bouton : ON\/OFF<\/li>\n<li>\u00c0 distance par des manettes<\/li>\n<\/ul>\n<p>Option d&rsquo;installation et fixation :<\/p>\n<ul>\n<li>Glissi\u00e8re de beton: Sku : STD-FRNT-GLISS-BET-72&#215;32<\/li>\n<\/ul>\n<p>Option d&rsquo;alimenation :<\/p>\n<ul>\n<li>Courant 120 Volts<\/li>\n<li>Kit panneau solaire Sku : STD-SOL-PAN-100W<\/li>\n<\/ul>\n","protected":false},"excerpt":{"rendered":"<p>*** Fabriqu\u00e9 au Qu\u00e9bec *** Affiche en aluminium 36x48x4 lumineuse; incluant : Boitier en aluminium 0.080\u00a0\u00bb Visuel Recto\/Verso en vinyle grade ing\u00e9nieur imprim\u00e9 glac\u00e9 4x lumi\u00e8res<span class=\"excerpt-hellip\"> [\u2026]<\/span><\/p>\n","protected":false},"featured_media":27949,"template":"","meta":[],"product_brand":[],"product_cat":[389,391],"product_tag":[],"class_list":{"0":"post-14049","1":"product","2":"type-product","3":"status-publish","4":"has-post-thumbnail","6":"product_cat-signalisation-industrielle-et-circulation-sur-site","7":"product_cat-signalisation-dynamique-activee-a-distance-alimentation-solaire","9":"first","10":"instock","11":"taxable","12":"shipping-taxable","13":"product-type-simple"},"_links":{"self":[{"href":"https:\/\/ezsecur.elsnerdev.com\/fr\/wp-json\/wp\/v2\/product\/14049","targetHints":{"allow":["GET"]}}],"collection":[{"href":"https:\/\/ezsecur.elsnerdev.com\/fr\/wp-json\/wp\/v2\/product"}],"about":[{"href":"https:\/\/ezsecur.elsnerdev.com\/fr\/wp-json\/wp\/v2\/types\/product"}],"wp:featuredmedia":[{"embeddable":true,"href":"https:\/\/ezsecur.elsnerdev.com\/fr\/wp-json\/wp\/v2\/media\/27949"}],"wp:attachment":[{"href":"https:\/\/ezsecur.elsnerdev.com\/fr\/wp-json\/wp\/v2\/media?parent=14049"}],"wp:term":[{"taxonomy":"product_brand","embeddable":true,"href":"https:\/\/ezsecur.elsnerdev.com\/fr\/wp-json\/wp\/v2\/product_brand?post=14049"},{"taxonomy":"product_cat","embeddable":true,"href":"https:\/\/ezsecur.elsnerdev.com\/fr\/wp-json\/wp\/v2\/product_cat?post=14049"},{"taxonomy":"product_tag","embeddable":true,"href":"https:\/\/ezsecur.elsnerdev.com\/fr\/wp-json\/wp\/v2\/product_tag?post=14049"}],"curies":[{"name":"wp","href":"https:\/\/api.w.org\/{rel}","templated":true}]}}