{"id":14159,"date":"2023-11-29T10:23:34","date_gmt":"2023-11-29T15:23:34","guid":{"rendered":"https:\/\/ezsecur.elsnerdev.com\/?post_type=product&#038;p=14159"},"modified":"2026-03-03T01:24:39","modified_gmt":"2026-03-03T06:24:39","slug":"standard-anticollision-miroir-18-boite-avec-signe-arret-grade-ingenieur-lamine-glace-24x24x12","status":"publish","type":"product","link":"https:\/\/ezsecur.elsnerdev.com\/fr\/product\/standard-anticollision-miroir-18-boite-avec-signe-arret-grade-ingenieur-lamine-glace-24x24x12\/","title":{"rendered":"STANDARD &#8211; Anticollision &#8211; Miroir 18&Prime; &#8211; Boite avec signe Arr\u00eat &#8211; Grade ing\u00e9nieur lamin\u00e9 glac\u00e9 &#8211; 24x24x12"},"content":{"rendered":"<p>*** Fabriqu\u00e9 au Qu\u00e9bec ***<\/p>\n<p>Kit anti-collision centrale comprenant<\/p>\n<ul>\n<li>\u00a0Une boite en aluminium de dimension 24\u201dx24\u201dx12\u201d avec 4 cha\u00eenettes de longueur 12\u201d, crochet de suspension.<\/li>\n<li>Un visuel sur les 4 cot\u00e9s : signe Arr\u00eat, grade ing\u00e9nieur lamin\u00e9 glac\u00e9 24\u201dx12\u201d<\/li>\n<li>Un miroir en d\u00f4me dia 18\u2033 de type acrylique,<\/li>\n<\/ul>\n","protected":false},"excerpt":{"rendered":"<p>*** Fabriqu\u00e9 au Qu\u00e9bec *** Kit anti-collision centrale comprenant \u00a0Une boite en aluminium de dimension 24\u201dx24\u201dx12\u201d avec 4 cha\u00eenettes de longueur 12\u201d, crochet de suspension. Un<span class=\"excerpt-hellip\"> [\u2026]<\/span><\/p>\n","protected":false},"featured_media":27952,"template":"","meta":[],"product_brand":[],"product_cat":[389,397],"product_tag":[],"class_list":{"0":"post-14159","1":"product","2":"type-product","3":"status-publish","4":"has-post-thumbnail","6":"product_cat-signalisation-industrielle-et-circulation-sur-site","7":"product_cat-systemes-anti-collision","9":"first","10":"instock","11":"taxable","12":"shipping-taxable","13":"purchasable","14":"product-type-simple"},"_links":{"self":[{"href":"https:\/\/ezsecur.elsnerdev.com\/fr\/wp-json\/wp\/v2\/product\/14159","targetHints":{"allow":["GET"]}}],"collection":[{"href":"https:\/\/ezsecur.elsnerdev.com\/fr\/wp-json\/wp\/v2\/product"}],"about":[{"href":"https:\/\/ezsecur.elsnerdev.com\/fr\/wp-json\/wp\/v2\/types\/product"}],"wp:featuredmedia":[{"embeddable":true,"href":"https:\/\/ezsecur.elsnerdev.com\/fr\/wp-json\/wp\/v2\/media\/27952"}],"wp:attachment":[{"href":"https:\/\/ezsecur.elsnerdev.com\/fr\/wp-json\/wp\/v2\/media?parent=14159"}],"wp:term":[{"taxonomy":"product_brand","embeddable":true,"href":"https:\/\/ezsecur.elsnerdev.com\/fr\/wp-json\/wp\/v2\/product_brand?post=14159"},{"taxonomy":"product_cat","embeddable":true,"href":"https:\/\/ezsecur.elsnerdev.com\/fr\/wp-json\/wp\/v2\/product_cat?post=14159"},{"taxonomy":"product_tag","embeddable":true,"href":"https:\/\/ezsecur.elsnerdev.com\/fr\/wp-json\/wp\/v2\/product_tag?post=14159"}],"curies":[{"name":"wp","href":"https:\/\/api.w.org\/{rel}","templated":true}]}}