{"id":14167,"date":"2023-11-29T10:41:54","date_gmt":"2023-11-29T15:41:54","guid":{"rendered":"https:\/\/ezsecur.elsnerdev.com\/?post_type=product&#038;p=14167"},"modified":"2026-03-03T01:24:39","modified_gmt":"2026-03-03T06:24:39","slug":"pochette-plastique-transparente-pour-permis-dechafaudage-4-5x14-standard-iz","status":"publish","type":"product","link":"https:\/\/ezsecur.elsnerdev.com\/fr\/product\/pochette-plastique-transparente-pour-permis-dechafaudage-4-5x14-standard-iz\/","title":{"rendered":"Pochette plastique transparente pour permis d&rsquo;\u00e9chafaudage &#8211; 4.5&#215;14 &#8211; Standard IZ"},"content":{"rendered":"<p>*** Fabriqu\u00e9 au Qu\u00e9bec ***<\/p>\n<p>Pochette plastique transparente avec poign\u00e9e pour permis d&rsquo;\u00e9chafaudage, rabat avec velcro pour fermeture de c\u00f4t\u00e9.<\/p>\n","protected":false},"excerpt":{"rendered":"<p>*** Fabriqu\u00e9 au Qu\u00e9bec *** Pochette plastique transparente avec poign\u00e9e pour permis d&rsquo;\u00e9chafaudage, rabat avec velcro pour fermeture de c\u00f4t\u00e9.<\/p>\n","protected":false},"featured_media":27954,"template":"","meta":[],"product_brand":[],"product_cat":[425,442],"product_tag":[],"class_list":{"0":"post-14167","1":"product","2":"type-product","3":"status-publish","4":"has-post-thumbnail","6":"product_cat-securite-machine-verrouillage-cadenassage","7":"product_cat-etiquettes-imprimerie-specialisee-en-cadenassage","9":"first","10":"instock","11":"taxable","12":"shipping-taxable","13":"purchasable","14":"product-type-simple"},"_links":{"self":[{"href":"https:\/\/ezsecur.elsnerdev.com\/fr\/wp-json\/wp\/v2\/product\/14167","targetHints":{"allow":["GET"]}}],"collection":[{"href":"https:\/\/ezsecur.elsnerdev.com\/fr\/wp-json\/wp\/v2\/product"}],"about":[{"href":"https:\/\/ezsecur.elsnerdev.com\/fr\/wp-json\/wp\/v2\/types\/product"}],"wp:featuredmedia":[{"embeddable":true,"href":"https:\/\/ezsecur.elsnerdev.com\/fr\/wp-json\/wp\/v2\/media\/27954"}],"wp:attachment":[{"href":"https:\/\/ezsecur.elsnerdev.com\/fr\/wp-json\/wp\/v2\/media?parent=14167"}],"wp:term":[{"taxonomy":"product_brand","embeddable":true,"href":"https:\/\/ezsecur.elsnerdev.com\/fr\/wp-json\/wp\/v2\/product_brand?post=14167"},{"taxonomy":"product_cat","embeddable":true,"href":"https:\/\/ezsecur.elsnerdev.com\/fr\/wp-json\/wp\/v2\/product_cat?post=14167"},{"taxonomy":"product_tag","embeddable":true,"href":"https:\/\/ezsecur.elsnerdev.com\/fr\/wp-json\/wp\/v2\/product_tag?post=14167"}],"curies":[{"name":"wp","href":"https:\/\/api.w.org\/{rel}","templated":true}]}}