{"id":14172,"date":"2023-11-29T13:22:03","date_gmt":"2023-11-29T18:22:03","guid":{"rendered":"https:\/\/ezsecur.elsnerdev.com\/?post_type=product&#038;p=14172"},"modified":"2026-03-03T01:24:41","modified_gmt":"2026-03-03T06:24:41","slug":"standard-verrouillage-kit-complet-petite-boite-de-verrouillage-pour-equipement-mobile-2-cadenas-plastic-heavy-duty-10-2x7-9x4-5","status":"publish","type":"product","link":"https:\/\/ezsecur.elsnerdev.com\/fr\/product\/standard-verrouillage-kit-complet-petite-boite-de-verrouillage-pour-equipement-mobile-2-cadenas-plastic-heavy-duty-10-2x7-9x4-5\/","title":{"rendered":"Standard &#8211; Verrouillage &#8211; Kit complet petite bo\u00eete de verrouillage pour \u00e9quipement mobile &#8211; 2 cadenas &#8211; Plastic Heavy-Duty &#8211; 10.2\u00d77.9\u00d74.5"},"content":{"rendered":"<p>*** Fabriqu\u00e9 au Qu\u00e9bec ***<\/p>\n<p>Boitier de cadenassage mobile incluant<\/p>\n<ul>\n<li>Valise en r\u00e9sine de polypropyl\u00e8ne heavy duty<\/li>\n<li>\u00c8tanche \u00e0 l\u2019eau<\/li>\n<li>Poign\u00e9e et barrure de verrouillage<\/li>\n<li>Fen\u00eatre en polycarbonate transparent<\/li>\n<li>Compartiment en Ethafoam pour 2 cadenas<\/li>\n<li>Visuel en vinyle lamin\u00e9 glac\u00e9 sur le couvercle (identification \u00e0 confirmer.)<\/li>\n<li>Option : 2 supports pour lamicoide (Identification de cl\u00e9)<\/li>\n<li>Option : Aimants haute densit\u00e9 (2) (installation sur \u00e9quipement mobile)<\/li>\n<\/ul>\n","protected":false},"excerpt":{"rendered":"<p>*** Fabriqu\u00e9 au Qu\u00e9bec *** Boitier de cadenassage mobile incluant Valise en r\u00e9sine de polypropyl\u00e8ne heavy duty \u00c8tanche \u00e0 l\u2019eau Poign\u00e9e et barrure de verrouillage Fen\u00eatre<span class=\"excerpt-hellip\"> [\u2026]<\/span><\/p>\n","protected":false},"featured_media":27955,"template":"","meta":[],"product_brand":[],"product_cat":[425,434],"product_tag":[],"class_list":{"0":"post-14172","1":"product","2":"type-product","3":"status-publish","4":"has-post-thumbnail","6":"product_cat-securite-machine-verrouillage-cadenassage","7":"product_cat-boites-de-cadenassage","9":"first","10":"instock","11":"taxable","12":"shipping-taxable","13":"purchasable","14":"product-type-simple"},"_links":{"self":[{"href":"https:\/\/ezsecur.elsnerdev.com\/fr\/wp-json\/wp\/v2\/product\/14172","targetHints":{"allow":["GET"]}}],"collection":[{"href":"https:\/\/ezsecur.elsnerdev.com\/fr\/wp-json\/wp\/v2\/product"}],"about":[{"href":"https:\/\/ezsecur.elsnerdev.com\/fr\/wp-json\/wp\/v2\/types\/product"}],"wp:featuredmedia":[{"embeddable":true,"href":"https:\/\/ezsecur.elsnerdev.com\/fr\/wp-json\/wp\/v2\/media\/27955"}],"wp:attachment":[{"href":"https:\/\/ezsecur.elsnerdev.com\/fr\/wp-json\/wp\/v2\/media?parent=14172"}],"wp:term":[{"taxonomy":"product_brand","embeddable":true,"href":"https:\/\/ezsecur.elsnerdev.com\/fr\/wp-json\/wp\/v2\/product_brand?post=14172"},{"taxonomy":"product_cat","embeddable":true,"href":"https:\/\/ezsecur.elsnerdev.com\/fr\/wp-json\/wp\/v2\/product_cat?post=14172"},{"taxonomy":"product_tag","embeddable":true,"href":"https:\/\/ezsecur.elsnerdev.com\/fr\/wp-json\/wp\/v2\/product_tag?post=14172"}],"curies":[{"name":"wp","href":"https:\/\/api.w.org\/{rel}","templated":true}]}}