{"id":14301,"date":"2023-12-08T13:48:14","date_gmt":"2023-12-08T18:48:14","guid":{"rendered":"https:\/\/ezsecur.elsnerdev.com\/?post_type=product&#038;p=14301"},"modified":"2026-03-03T01:24:42","modified_gmt":"2026-03-03T06:24:42","slug":"cadenassage-robinet-vanne-a-bride-dia0-25x5-standard","status":"publish","type":"product","link":"https:\/\/ezsecur.elsnerdev.com\/fr\/product\/cadenassage-robinet-vanne-a-bride-dia0-25x5-standard\/","title":{"rendered":"Cadenassage &#8211; Robinet, vanne \u00e0 bride &#8211; DIA0.25&#215;5 &#8211; STANDARD"},"content":{"rendered":"<p>Cadenassage pour robinets ou vannes<\/p>\n<ul>\n<li>Diam\u00e8tre 0.5 \u00e0 5 pouces. 2.63&Prime; hauteur<\/li>\n<li>Boitier en ABS r\u00e9sistant<\/li>\n<li>Supporte les temp\u00e9rature de -20\u00b0C \u00e0 90\u00b0C<\/li>\n<li>Accueil 1 cadenas de 8mm.<\/li>\n<li>Autocollant de consignes et d&rsquo;identification.<\/li>\n<\/ul>\n","protected":false},"excerpt":{"rendered":"<p>Cadenassage pour robinets ou vannes Diam\u00e8tre 0.5 \u00e0 5 pouces. 2.63&Prime; hauteur Boitier en ABS r\u00e9sistant Supporte les temp\u00e9rature de -20\u00b0C \u00e0 90\u00b0C Accueil 1 cadenas<span class=\"excerpt-hellip\"> [\u2026]<\/span><\/p>\n","protected":false},"featured_media":27960,"template":"","meta":[],"product_brand":[],"product_cat":[425,438],"product_tag":[],"class_list":{"0":"post-14301","1":"product","2":"type-product","3":"status-publish","4":"has-post-thumbnail","6":"product_cat-securite-machine-verrouillage-cadenassage","7":"product_cat-dispositifs-de-verrouillage-et-de-cadenassage","9":"first","10":"instock","11":"taxable","12":"shipping-taxable","13":"purchasable","14":"product-type-simple"},"_links":{"self":[{"href":"https:\/\/ezsecur.elsnerdev.com\/fr\/wp-json\/wp\/v2\/product\/14301","targetHints":{"allow":["GET"]}}],"collection":[{"href":"https:\/\/ezsecur.elsnerdev.com\/fr\/wp-json\/wp\/v2\/product"}],"about":[{"href":"https:\/\/ezsecur.elsnerdev.com\/fr\/wp-json\/wp\/v2\/types\/product"}],"wp:featuredmedia":[{"embeddable":true,"href":"https:\/\/ezsecur.elsnerdev.com\/fr\/wp-json\/wp\/v2\/media\/27960"}],"wp:attachment":[{"href":"https:\/\/ezsecur.elsnerdev.com\/fr\/wp-json\/wp\/v2\/media?parent=14301"}],"wp:term":[{"taxonomy":"product_brand","embeddable":true,"href":"https:\/\/ezsecur.elsnerdev.com\/fr\/wp-json\/wp\/v2\/product_brand?post=14301"},{"taxonomy":"product_cat","embeddable":true,"href":"https:\/\/ezsecur.elsnerdev.com\/fr\/wp-json\/wp\/v2\/product_cat?post=14301"},{"taxonomy":"product_tag","embeddable":true,"href":"https:\/\/ezsecur.elsnerdev.com\/fr\/wp-json\/wp\/v2\/product_tag?post=14301"}],"curies":[{"name":"wp","href":"https:\/\/api.w.org\/{rel}","templated":true}]}}