{"id":14315,"date":"2023-12-08T14:48:37","date_gmt":"2023-12-08T19:48:37","guid":{"rendered":"https:\/\/ezsecur.elsnerdev.com\/?post_type=product&#038;p=14315"},"modified":"2026-03-03T01:24:44","modified_gmt":"2026-03-03T06:24:44","slug":"cadenassage-verrouillage-de-robinet-vanne-a-bille-8-35x3-standard-2","status":"publish","type":"product","link":"https:\/\/ezsecur.elsnerdev.com\/fr\/product\/cadenassage-verrouillage-de-robinet-vanne-a-bille-8-35x3-standard-2\/","title":{"rendered":"Cadenassage &#8211; Verrouillage de robinet, vanne \u00e0 bille &#8211; 8.35&#215;3 &#8211; STANDARD"},"content":{"rendered":"<p>Cadenassage pour robinets ou vannes \u00e0 billes<\/p>\n<ul>\n<li>Pour tuyaux de diam\u00e8tre 0.5 \u00e0 2.75 pouces.<\/li>\n<li>Boitier en ABS r\u00e9sistant<\/li>\n<li>Supporte les temp\u00e9rature de -20\u00b0C \u00e0 90\u00b0C<\/li>\n<li>Plaque arri\u00e8re auxiliaire pour barrer les valves \u00e0 double rouleau avec pied avant et arri\u00e8re<\/li>\n<li>Autocollant de consignes et d&rsquo;identification.<\/li>\n<\/ul>\n","protected":false},"excerpt":{"rendered":"<p>Cadenassage pour robinets ou vannes \u00e0 billes Pour tuyaux de diam\u00e8tre 0.5 \u00e0 2.75 pouces. Boitier en ABS r\u00e9sistant Supporte les temp\u00e9rature de -20\u00b0C \u00e0 90\u00b0C<span class=\"excerpt-hellip\"> [\u2026]<\/span><\/p>\n","protected":false},"featured_media":27963,"template":"","meta":[],"product_brand":[],"product_cat":[425,438],"product_tag":[],"class_list":{"0":"post-14315","1":"product","2":"type-product","3":"status-publish","4":"has-post-thumbnail","6":"product_cat-securite-machine-verrouillage-cadenassage","7":"product_cat-dispositifs-de-verrouillage-et-de-cadenassage","9":"first","10":"instock","11":"taxable","12":"shipping-taxable","13":"purchasable","14":"product-type-simple"},"_links":{"self":[{"href":"https:\/\/ezsecur.elsnerdev.com\/fr\/wp-json\/wp\/v2\/product\/14315","targetHints":{"allow":["GET"]}}],"collection":[{"href":"https:\/\/ezsecur.elsnerdev.com\/fr\/wp-json\/wp\/v2\/product"}],"about":[{"href":"https:\/\/ezsecur.elsnerdev.com\/fr\/wp-json\/wp\/v2\/types\/product"}],"wp:featuredmedia":[{"embeddable":true,"href":"https:\/\/ezsecur.elsnerdev.com\/fr\/wp-json\/wp\/v2\/media\/27963"}],"wp:attachment":[{"href":"https:\/\/ezsecur.elsnerdev.com\/fr\/wp-json\/wp\/v2\/media?parent=14315"}],"wp:term":[{"taxonomy":"product_brand","embeddable":true,"href":"https:\/\/ezsecur.elsnerdev.com\/fr\/wp-json\/wp\/v2\/product_brand?post=14315"},{"taxonomy":"product_cat","embeddable":true,"href":"https:\/\/ezsecur.elsnerdev.com\/fr\/wp-json\/wp\/v2\/product_cat?post=14315"},{"taxonomy":"product_tag","embeddable":true,"href":"https:\/\/ezsecur.elsnerdev.com\/fr\/wp-json\/wp\/v2\/product_tag?post=14315"}],"curies":[{"name":"wp","href":"https:\/\/api.w.org\/{rel}","templated":true}]}}