{"id":14319,"date":"2023-12-08T14:55:00","date_gmt":"2023-12-08T19:55:00","guid":{"rendered":"https:\/\/ezsecur.elsnerdev.com\/?post_type=product&#038;p=14319"},"modified":"2026-03-03T01:24:44","modified_gmt":"2026-03-03T06:24:44","slug":"cadenassage-verrouillage-de-robinet-vanne-a-bille-3-3x2-3-standard","status":"publish","type":"product","link":"https:\/\/ezsecur.elsnerdev.com\/fr\/product\/cadenassage-verrouillage-de-robinet-vanne-a-bille-3-3x2-3-standard\/","title":{"rendered":"Cadenassage &#8211; Verrouillage de robinet, vanne \u00e0 bille &#8211; 3.3&#215;2.3 &#8211; STANDARD"},"content":{"rendered":"<p>Cadenassage pour robinets ou vannes \u00e0 billes<\/p>\n<ul>\n<li>Fabriqu\u00e9 en acier tremp\u00e9 avec traitement haute temp\u00e9rature, r\u00e9sistant \u00e0 la rouille.<\/li>\n<li>Pour valve \u00e0 bille de format 1\/4 \u00e0 1 pouce.<\/li>\n<li>Jusqu&rsquo;\u00e0 6 cadenas avec arceau 9.8mm<\/li>\n<\/ul>\n<p>Option :<\/p>\n<ul>\n<li>Dimension : 6.1&#215;4.3 : sku : STD-79-BVALVE-L02<\/li>\n<\/ul>\n","protected":false},"excerpt":{"rendered":"<p>Cadenassage pour robinets ou vannes \u00e0 billes Fabriqu\u00e9 en acier tremp\u00e9 avec traitement haute temp\u00e9rature, r\u00e9sistant \u00e0 la rouille. Pour valve \u00e0 bille de format 1\/4<span class=\"excerpt-hellip\"> [\u2026]<\/span><\/p>\n","protected":false},"featured_media":27964,"template":"","meta":[],"product_brand":[],"product_cat":[425,438],"product_tag":[],"class_list":{"0":"post-14319","1":"product","2":"type-product","3":"status-publish","4":"has-post-thumbnail","6":"product_cat-securite-machine-verrouillage-cadenassage","7":"product_cat-dispositifs-de-verrouillage-et-de-cadenassage","9":"first","10":"instock","11":"taxable","12":"shipping-taxable","13":"purchasable","14":"product-type-simple"},"_links":{"self":[{"href":"https:\/\/ezsecur.elsnerdev.com\/fr\/wp-json\/wp\/v2\/product\/14319","targetHints":{"allow":["GET"]}}],"collection":[{"href":"https:\/\/ezsecur.elsnerdev.com\/fr\/wp-json\/wp\/v2\/product"}],"about":[{"href":"https:\/\/ezsecur.elsnerdev.com\/fr\/wp-json\/wp\/v2\/types\/product"}],"wp:featuredmedia":[{"embeddable":true,"href":"https:\/\/ezsecur.elsnerdev.com\/fr\/wp-json\/wp\/v2\/media\/27964"}],"wp:attachment":[{"href":"https:\/\/ezsecur.elsnerdev.com\/fr\/wp-json\/wp\/v2\/media?parent=14319"}],"wp:term":[{"taxonomy":"product_brand","embeddable":true,"href":"https:\/\/ezsecur.elsnerdev.com\/fr\/wp-json\/wp\/v2\/product_brand?post=14319"},{"taxonomy":"product_cat","embeddable":true,"href":"https:\/\/ezsecur.elsnerdev.com\/fr\/wp-json\/wp\/v2\/product_cat?post=14319"},{"taxonomy":"product_tag","embeddable":true,"href":"https:\/\/ezsecur.elsnerdev.com\/fr\/wp-json\/wp\/v2\/product_tag?post=14319"}],"curies":[{"name":"wp","href":"https:\/\/api.w.org\/{rel}","templated":true}]}}