{"id":14329,"date":"2023-12-08T15:19:14","date_gmt":"2023-12-08T20:19:14","guid":{"rendered":"https:\/\/ezsecur.elsnerdev.com\/?post_type=product&#038;p=14329"},"modified":"2026-03-03T01:24:45","modified_gmt":"2026-03-03T06:24:45","slug":"cadenassage-cable-4mm-en-acier-reglable-72-standard","status":"publish","type":"product","link":"https:\/\/ezsecur.elsnerdev.com\/fr\/product\/cadenassage-cable-4mm-en-acier-reglable-72-standard\/","title":{"rendered":"Cadenassage &#8211; C\u00e2ble 4mm en acier r\u00e9glable &#8211; 72 &#8211; STANDARD"},"content":{"rendered":"<p>Moraillon \u00e0 c\u00e2ble r\u00e9glable.<\/p>\n<ul>\n<li>Boitier en ABS r\u00e9sistant<\/li>\n<li>Accueil 3 cadenas de 8.5mm.<\/li>\n<li>C\u00e2ble en acier de 4mm de diam\u00e8tre, 6 pieds de long, avec rev\u00eatement plastique transparent.<\/li>\n<li>Autocollant de consignes et d&rsquo;identification.<\/li>\n<\/ul>\n<p>Option :<\/p>\n<ul>\n<li>C\u00e2ble en acier de6mm de diam\u00e8tre : STD-112-CABLE-6X78<\/li>\n<\/ul>\n","protected":false},"excerpt":{"rendered":"<p>Moraillon \u00e0 c\u00e2ble r\u00e9glable. Boitier en ABS r\u00e9sistant Accueil 3 cadenas de 8.5mm. C\u00e2ble en acier de 4mm de diam\u00e8tre, 6 pieds de long, avec rev\u00eatement<span class=\"excerpt-hellip\"> [\u2026]<\/span><\/p>\n","protected":false},"featured_media":27966,"template":"","meta":[],"product_brand":[],"product_cat":[425,438],"product_tag":[],"class_list":{"0":"post-14329","1":"product","2":"type-product","3":"status-publish","4":"has-post-thumbnail","6":"product_cat-securite-machine-verrouillage-cadenassage","7":"product_cat-dispositifs-de-verrouillage-et-de-cadenassage","9":"first","10":"instock","11":"taxable","12":"shipping-taxable","13":"purchasable","14":"product-type-simple"},"_links":{"self":[{"href":"https:\/\/ezsecur.elsnerdev.com\/fr\/wp-json\/wp\/v2\/product\/14329","targetHints":{"allow":["GET"]}}],"collection":[{"href":"https:\/\/ezsecur.elsnerdev.com\/fr\/wp-json\/wp\/v2\/product"}],"about":[{"href":"https:\/\/ezsecur.elsnerdev.com\/fr\/wp-json\/wp\/v2\/types\/product"}],"wp:featuredmedia":[{"embeddable":true,"href":"https:\/\/ezsecur.elsnerdev.com\/fr\/wp-json\/wp\/v2\/media\/27966"}],"wp:attachment":[{"href":"https:\/\/ezsecur.elsnerdev.com\/fr\/wp-json\/wp\/v2\/media?parent=14329"}],"wp:term":[{"taxonomy":"product_brand","embeddable":true,"href":"https:\/\/ezsecur.elsnerdev.com\/fr\/wp-json\/wp\/v2\/product_brand?post=14329"},{"taxonomy":"product_cat","embeddable":true,"href":"https:\/\/ezsecur.elsnerdev.com\/fr\/wp-json\/wp\/v2\/product_cat?post=14329"},{"taxonomy":"product_tag","embeddable":true,"href":"https:\/\/ezsecur.elsnerdev.com\/fr\/wp-json\/wp\/v2\/product_tag?post=14329"}],"curies":[{"name":"wp","href":"https:\/\/api.w.org\/{rel}","templated":true}]}}