{"id":14335,"date":"2023-12-08T15:30:22","date_gmt":"2023-12-08T20:30:22","guid":{"rendered":"https:\/\/ezsecur.elsnerdev.com\/?post_type=product&#038;p=14335"},"modified":"2026-03-03T01:24:46","modified_gmt":"2026-03-03T06:24:46","slug":"cadenassage-cable-en-acier-reglable-type-moraillon-72-standard","status":"publish","type":"product","link":"https:\/\/ezsecur.elsnerdev.com\/fr\/product\/cadenassage-cable-en-acier-reglable-type-moraillon-72-standard\/","title":{"rendered":"Cadenassage &#8211; C\u00e2ble en acier r\u00e9glable type moraillon &#8211; 72 &#8211; STANDARD"},"content":{"rendered":"<p>Moraillon \u00e0 c\u00e2ble r\u00e9glable.<\/p>\n<ul>\n<li>Bo\u00eetier en nylon renforc\u00e9<\/li>\n<li>Supporte les temp\u00e9rature de -20\u00b0C \u00e0 + 80\u00b0C<\/li>\n<li>Accepte jusqu&rsquo;\u00e0 5 cadenas 8mm<\/li>\n<li>C\u00e2ble recouvert d&rsquo;un rev\u00eatement plastique transparent isolant<\/li>\n<li>C\u00e2ble de diam\u00e8tre 3.8mm , 2 m\u00e8tres de long<\/li>\n<\/ul>\n","protected":false},"excerpt":{"rendered":"<p>Moraillon \u00e0 c\u00e2ble r\u00e9glable. Bo\u00eetier en nylon renforc\u00e9 Supporte les temp\u00e9rature de -20\u00b0C \u00e0 + 80\u00b0C Accepte jusqu&rsquo;\u00e0 5 cadenas 8mm C\u00e2ble recouvert d&rsquo;un rev\u00eatement plastique<span class=\"excerpt-hellip\"> [\u2026]<\/span><\/p>\n","protected":false},"featured_media":27967,"template":"","meta":[],"product_brand":[],"product_cat":[425,438],"product_tag":[],"class_list":{"0":"post-14335","1":"product","2":"type-product","3":"status-publish","4":"has-post-thumbnail","6":"product_cat-securite-machine-verrouillage-cadenassage","7":"product_cat-dispositifs-de-verrouillage-et-de-cadenassage","9":"first","10":"instock","11":"taxable","12":"shipping-taxable","13":"purchasable","14":"product-type-simple"},"_links":{"self":[{"href":"https:\/\/ezsecur.elsnerdev.com\/fr\/wp-json\/wp\/v2\/product\/14335","targetHints":{"allow":["GET"]}}],"collection":[{"href":"https:\/\/ezsecur.elsnerdev.com\/fr\/wp-json\/wp\/v2\/product"}],"about":[{"href":"https:\/\/ezsecur.elsnerdev.com\/fr\/wp-json\/wp\/v2\/types\/product"}],"wp:featuredmedia":[{"embeddable":true,"href":"https:\/\/ezsecur.elsnerdev.com\/fr\/wp-json\/wp\/v2\/media\/27967"}],"wp:attachment":[{"href":"https:\/\/ezsecur.elsnerdev.com\/fr\/wp-json\/wp\/v2\/media?parent=14335"}],"wp:term":[{"taxonomy":"product_brand","embeddable":true,"href":"https:\/\/ezsecur.elsnerdev.com\/fr\/wp-json\/wp\/v2\/product_brand?post=14335"},{"taxonomy":"product_cat","embeddable":true,"href":"https:\/\/ezsecur.elsnerdev.com\/fr\/wp-json\/wp\/v2\/product_cat?post=14335"},{"taxonomy":"product_tag","embeddable":true,"href":"https:\/\/ezsecur.elsnerdev.com\/fr\/wp-json\/wp\/v2\/product_tag?post=14335"}],"curies":[{"name":"wp","href":"https:\/\/api.w.org\/{rel}","templated":true}]}}