{"id":14344,"date":"2023-12-08T15:47:57","date_gmt":"2023-12-08T20:47:57","guid":{"rendered":"https:\/\/ezsecur.elsnerdev.com\/?post_type=product&#038;p=14344"},"modified":"2026-03-03T01:24:46","modified_gmt":"2026-03-03T06:24:46","slug":"cadenassage-moraillon-en-nylon-4-cadenas-anse-0-125-2-40x4-20-standard","status":"publish","type":"product","link":"https:\/\/ezsecur.elsnerdev.com\/fr\/product\/cadenassage-moraillon-en-nylon-4-cadenas-anse-0-125-2-40x4-20-standard\/","title":{"rendered":"Cadenassage &#8211; Moraillon en nylon 4 cadenas, anse 0.125 &#8211; 2.40&#215;4.20 &#8211; STANDARD"},"content":{"rendered":"<p>Moraillon de cadenassage en nylon<\/p>\n<ul>\n<li>Jusqu&rsquo;\u00e0 4 cadenas 7mm diam\u00e8tre<\/li>\n<li>Anse et corps en nylon<\/li>\n<li>Anse 0.125 pouce de diam\u00e8tre<\/li>\n<\/ul>\n<p>Option :<\/p>\n<ul>\n<li>Anse 0.25 pouce de diam\u00e8tre int\u00e9rieur : STD-148-NHASP-05<\/li>\n<\/ul>\n","protected":false},"excerpt":{"rendered":"<p>Moraillon de cadenassage en nylon Jusqu&rsquo;\u00e0 4 cadenas 7mm diam\u00e8tre Anse et corps en nylon Anse 0.125 pouce de diam\u00e8tre Option : Anse 0.25 pouce de<span class=\"excerpt-hellip\"> [\u2026]<\/span><\/p>\n","protected":false},"featured_media":27968,"template":"","meta":[],"product_brand":[],"product_cat":[425,438],"product_tag":[],"class_list":{"0":"post-14344","1":"product","2":"type-product","3":"status-publish","4":"has-post-thumbnail","6":"product_cat-securite-machine-verrouillage-cadenassage","7":"product_cat-dispositifs-de-verrouillage-et-de-cadenassage","9":"first","10":"instock","11":"taxable","12":"shipping-taxable","13":"purchasable","14":"product-type-simple"},"_links":{"self":[{"href":"https:\/\/ezsecur.elsnerdev.com\/fr\/wp-json\/wp\/v2\/product\/14344","targetHints":{"allow":["GET"]}}],"collection":[{"href":"https:\/\/ezsecur.elsnerdev.com\/fr\/wp-json\/wp\/v2\/product"}],"about":[{"href":"https:\/\/ezsecur.elsnerdev.com\/fr\/wp-json\/wp\/v2\/types\/product"}],"wp:featuredmedia":[{"embeddable":true,"href":"https:\/\/ezsecur.elsnerdev.com\/fr\/wp-json\/wp\/v2\/media\/27968"}],"wp:attachment":[{"href":"https:\/\/ezsecur.elsnerdev.com\/fr\/wp-json\/wp\/v2\/media?parent=14344"}],"wp:term":[{"taxonomy":"product_brand","embeddable":true,"href":"https:\/\/ezsecur.elsnerdev.com\/fr\/wp-json\/wp\/v2\/product_brand?post=14344"},{"taxonomy":"product_cat","embeddable":true,"href":"https:\/\/ezsecur.elsnerdev.com\/fr\/wp-json\/wp\/v2\/product_cat?post=14344"},{"taxonomy":"product_tag","embeddable":true,"href":"https:\/\/ezsecur.elsnerdev.com\/fr\/wp-json\/wp\/v2\/product_tag?post=14344"}],"curies":[{"name":"wp","href":"https:\/\/api.w.org\/{rel}","templated":true}]}}