{"id":14532,"date":"2024-01-24T14:47:18","date_gmt":"2024-01-24T19:47:18","guid":{"rendered":"https:\/\/ezsecur.elsnerdev.com\/?post_type=product&#038;p=14532"},"modified":"2026-03-03T01:24:47","modified_gmt":"2026-03-03T06:24:47","slug":"affiche-acces-interdit-aux-camions-aluminium-0-064-vinyle-ingenieur-imprime-lamine-glace-24x24-standard","status":"publish","type":"product","link":"https:\/\/ezsecur.elsnerdev.com\/fr\/product\/affiche-acces-interdit-aux-camions-aluminium-0-064-vinyle-ingenieur-imprime-lamine-glace-24x24-standard\/","title":{"rendered":"Affiche &#8211; Acc\u00e8s Interdit aux Camions &#8211; Aluminium 0.064 &#8211; Vinyle ing\u00e9nieur Imprim\u00e9 Lamin\u00e9 Glac\u00e9 &#8211; 24&#215;24 &#8211; STANDARD"},"content":{"rendered":"<p>Fond blanc, pictogramme rouge et noir. PICTOGRAMME ACC\u00c8S INTERDIT AUX CAMIONS<\/p>\n","protected":false},"excerpt":{"rendered":"<p>Fond blanc, pictogramme rouge et noir. PICTOGRAMME ACC\u00c8S INTERDIT AUX CAMIONS<\/p>\n","protected":false},"featured_media":27969,"template":"","meta":[],"product_brand":[],"product_cat":[2624,389,405],"product_tag":[],"class_list":{"0":"post-14532","1":"product","2":"type-product","3":"status-publish","4":"has-post-thumbnail","6":"product_cat-signalisation-de-prescription","7":"product_cat-signalisation-industrielle-et-circulation-sur-site","8":"product_cat-panneaux-de-signalisation-routiere","9":"pa_sku-std-aff-int-cam-064-ing-gla-24x24","10":"pa_unit-pc","12":"first","13":"instock","14":"taxable","15":"shipping-taxable","16":"purchasable","17":"product-type-simple"},"_links":{"self":[{"href":"https:\/\/ezsecur.elsnerdev.com\/fr\/wp-json\/wp\/v2\/product\/14532","targetHints":{"allow":["GET"]}}],"collection":[{"href":"https:\/\/ezsecur.elsnerdev.com\/fr\/wp-json\/wp\/v2\/product"}],"about":[{"href":"https:\/\/ezsecur.elsnerdev.com\/fr\/wp-json\/wp\/v2\/types\/product"}],"wp:featuredmedia":[{"embeddable":true,"href":"https:\/\/ezsecur.elsnerdev.com\/fr\/wp-json\/wp\/v2\/media\/27969"}],"wp:attachment":[{"href":"https:\/\/ezsecur.elsnerdev.com\/fr\/wp-json\/wp\/v2\/media?parent=14532"}],"wp:term":[{"taxonomy":"product_brand","embeddable":true,"href":"https:\/\/ezsecur.elsnerdev.com\/fr\/wp-json\/wp\/v2\/product_brand?post=14532"},{"taxonomy":"product_cat","embeddable":true,"href":"https:\/\/ezsecur.elsnerdev.com\/fr\/wp-json\/wp\/v2\/product_cat?post=14532"},{"taxonomy":"product_tag","embeddable":true,"href":"https:\/\/ezsecur.elsnerdev.com\/fr\/wp-json\/wp\/v2\/product_tag?post=14532"}],"curies":[{"name":"wp","href":"https:\/\/api.w.org\/{rel}","templated":true}]}}