{"id":18449,"date":"2025-03-20T12:10:19","date_gmt":"2025-03-20T16:10:19","guid":{"rendered":"https:\/\/ezsecur.elsnerdev.com\/?post_type=product&#038;p=18449"},"modified":"2026-03-03T01:24:53","modified_gmt":"2026-03-03T06:24:53","slug":"ensemble-de-lumieres-bleu-arriere-2-cotes-chariots","status":"publish","type":"product","link":"https:\/\/ezsecur.elsnerdev.com\/fr\/product\/ensemble-de-lumieres-bleu-arriere-2-cotes-chariots\/","title":{"rendered":"Ensemble de lumi\u00e8res &#8211; Bleu &#8211; Arri\u00e8re &#8211; 2 cot\u00e9s &#8211; Chariots"},"content":{"rendered":"<p>Ensemble de lumi\u00e8res pour chariot<br \/>\nInclus:<br \/>\n&#8211; Lumi\u00e8res bleus pour les cot\u00e9s (2)<br \/>\n&#8211; Lumi\u00e8re bleu pour l&rsquo;arri\u00e8re (1)<br \/>\n&#8211; Kit de fixation inclus<\/p>\n","protected":false},"excerpt":{"rendered":"<p><img loading=\"lazy\" decoding=\"async\" src=\"https:\/\/ezsecur.com\/wp-content\/uploads\/2025\/03\/MAQ2-STD-KIT-LUM-BLEU-CHAR-ARR-COTE_1-300x300.jpg\" alt=\"\" width=\"300\" height=\"300\" class=\"alignnone size-medium wp-image-18450\" srcset=\"https:\/\/ezsecur.elsnerdev.com\/wp-content\/uploads\/2025\/03\/MAQ2-STD-KIT-LUM-BLEU-CHAR-ARR-COTE_1-300x300.jpg 300w, https:\/\/ezsecur.elsnerdev.com\/wp-content\/uploads\/2025\/03\/MAQ2-STD-KIT-LUM-BLEU-CHAR-ARR-COTE_1-150x150.jpg 150w, https:\/\/ezsecur.elsnerdev.com\/wp-content\/uploads\/2025\/03\/MAQ2-STD-KIT-LUM-BLEU-CHAR-ARR-COTE_1-75x75.jpg 75w, https:\/\/ezsecur.elsnerdev.com\/wp-content\/uploads\/2025\/03\/MAQ2-STD-KIT-LUM-BLEU-CHAR-ARR-COTE_1-350x350.jpg 350w, https:\/\/ezsecur.elsnerdev.com\/wp-content\/uploads\/2025\/03\/MAQ2-STD-KIT-LUM-BLEU-CHAR-ARR-COTE_1.jpg 500w\" sizes=\"auto, (max-width:767px) 300px, 300px\" \/><\/p>\n","protected":false},"featured_media":27974,"template":"","meta":[],"product_brand":[],"product_cat":[389,397],"product_tag":[],"class_list":{"0":"post-18449","1":"product","2":"type-product","3":"status-publish","4":"has-post-thumbnail","6":"product_cat-signalisation-industrielle-et-circulation-sur-site","7":"product_cat-systemes-anti-collision","9":"first","10":"instock","11":"taxable","12":"shipping-taxable","13":"purchasable","14":"product-type-simple"},"_links":{"self":[{"href":"https:\/\/ezsecur.elsnerdev.com\/fr\/wp-json\/wp\/v2\/product\/18449","targetHints":{"allow":["GET"]}}],"collection":[{"href":"https:\/\/ezsecur.elsnerdev.com\/fr\/wp-json\/wp\/v2\/product"}],"about":[{"href":"https:\/\/ezsecur.elsnerdev.com\/fr\/wp-json\/wp\/v2\/types\/product"}],"wp:featuredmedia":[{"embeddable":true,"href":"https:\/\/ezsecur.elsnerdev.com\/fr\/wp-json\/wp\/v2\/media\/27974"}],"wp:attachment":[{"href":"https:\/\/ezsecur.elsnerdev.com\/fr\/wp-json\/wp\/v2\/media?parent=18449"}],"wp:term":[{"taxonomy":"product_brand","embeddable":true,"href":"https:\/\/ezsecur.elsnerdev.com\/fr\/wp-json\/wp\/v2\/product_brand?post=18449"},{"taxonomy":"product_cat","embeddable":true,"href":"https:\/\/ezsecur.elsnerdev.com\/fr\/wp-json\/wp\/v2\/product_cat?post=18449"},{"taxonomy":"product_tag","embeddable":true,"href":"https:\/\/ezsecur.elsnerdev.com\/fr\/wp-json\/wp\/v2\/product_tag?post=18449"}],"curies":[{"name":"wp","href":"https:\/\/api.w.org\/{rel}","templated":true}]}}