{"id":20072,"date":"2025-03-31T10:43:57","date_gmt":"2025-03-31T14:43:57","guid":{"rendered":"https:\/\/ezsecur.elsnerdev.com\/?post_type=product&#038;p=20072"},"modified":"2026-03-03T01:24:55","modified_gmt":"2026-03-03T06:24:55","slug":"boitier-aluminium-guenilles-couvercle-20x30x10-standard","status":"publish","type":"product","link":"https:\/\/ezsecur.elsnerdev.com\/fr\/product\/boitier-aluminium-guenilles-couvercle-20x30x10-standard\/","title":{"rendered":"Boitier &#8211; Aluminium &#8211; Guenilles &#8211; Couvercle &#8211; 20x30x10 &#8211; STANDARD"},"content":{"rendered":"<p>*** Fabriqu\u00e9 au Qu\u00e9bec ***<\/p>\n<p>Boitier \u00e0 guenilles avec couvercle<br \/>\n&#8211; Aluminium 0.064\u00a0\u00bb;<br \/>\n&#8211; ouverture de 10\u00a0\u00bbx6\u00a0\u00bb (Demi cercle);<br \/>\n&#8211; Couvercle avec penture piano;<br \/>\n&#8211; Fixation murale;<br \/>\n&#8211; Peinture bleu;<\/p>\n","protected":false},"excerpt":{"rendered":"<p>*** Fabriqu\u00e9 au Qu\u00e9bec *** Boitier \u00e0 guenilles avec couvercle &#8211; Aluminium 0.064\u00a0\u00bb; &#8211; ouverture de 10\u00a0\u00bbx6\u00a0\u00bb (Demi cercle); &#8211; Couvercle avec penture piano; &#8211; Fixation<span class=\"excerpt-hellip\"> [\u2026]<\/span><\/p>\n","protected":false},"featured_media":27977,"template":"","meta":[],"product_brand":[],"product_cat":[446,454],"product_tag":[],"class_list":{"0":"post-20072","1":"product","2":"type-product","3":"status-publish","4":"has-post-thumbnail","6":"product_cat-amelioration-continue","7":"product_cat-tableaux-5s-silhouettes-boitiers-de-rangement","9":"first","10":"instock","11":"taxable","12":"shipping-taxable","13":"purchasable","14":"product-type-simple"},"_links":{"self":[{"href":"https:\/\/ezsecur.elsnerdev.com\/fr\/wp-json\/wp\/v2\/product\/20072","targetHints":{"allow":["GET"]}}],"collection":[{"href":"https:\/\/ezsecur.elsnerdev.com\/fr\/wp-json\/wp\/v2\/product"}],"about":[{"href":"https:\/\/ezsecur.elsnerdev.com\/fr\/wp-json\/wp\/v2\/types\/product"}],"wp:featuredmedia":[{"embeddable":true,"href":"https:\/\/ezsecur.elsnerdev.com\/fr\/wp-json\/wp\/v2\/media\/27977"}],"wp:attachment":[{"href":"https:\/\/ezsecur.elsnerdev.com\/fr\/wp-json\/wp\/v2\/media?parent=20072"}],"wp:term":[{"taxonomy":"product_brand","embeddable":true,"href":"https:\/\/ezsecur.elsnerdev.com\/fr\/wp-json\/wp\/v2\/product_brand?post=20072"},{"taxonomy":"product_cat","embeddable":true,"href":"https:\/\/ezsecur.elsnerdev.com\/fr\/wp-json\/wp\/v2\/product_cat?post=20072"},{"taxonomy":"product_tag","embeddable":true,"href":"https:\/\/ezsecur.elsnerdev.com\/fr\/wp-json\/wp\/v2\/product_tag?post=20072"}],"curies":[{"name":"wp","href":"https:\/\/api.w.org\/{rel}","templated":true}]}}