{"id":24067,"date":"2025-05-06T13:11:31","date_gmt":"2025-05-06T17:11:31","guid":{"rendered":"https:\/\/ezsecur.elsnerdev.com\/?post_type=product&#038;p=24067"},"modified":"2026-03-03T01:24:56","modified_gmt":"2026-03-03T06:24:56","slug":"barriere-bavette-de-limitation-de-hauteur-avec-alarme-78x5-standard","status":"publish","type":"product","link":"https:\/\/ezsecur.elsnerdev.com\/fr\/product\/barriere-bavette-de-limitation-de-hauteur-avec-alarme-78x5-standard\/","title":{"rendered":"Barriere &#8211; Bavette de limitation de hauteur avec alarme &#8211; 78&#215;5 &#8211; STANDARD"},"content":{"rendered":"<p>Barri\u00e8re Bavette de limitation de hauteur avec alarme<br \/>\n&#8211; Dimension : 78&#215;5<br \/>\n&#8211; Pour pr\u00e9venir les conducteurs de la hauteur limit\u00e9e dans les garages et les voies de service au volant.<br \/>\n&#8211; Barre de d\u00e9gagement mont\u00e9e au plafond fournit des alarmes sonores et visuelles<br \/>\n&#8211; Cha\u00eene de fixation.<\/p>\n","protected":false},"excerpt":{"rendered":"<p>Barri\u00e8re Bavette de limitation de hauteur avec alarme &#8211; Dimension : 78&#215;5 &#8211; Pour pr\u00e9venir les conducteurs de la hauteur limit\u00e9e dans les garages et les<span class=\"excerpt-hellip\"> [\u2026]<\/span><\/p>\n","protected":false},"featured_media":27983,"template":"","meta":[],"product_brand":[],"product_cat":[389,397],"product_tag":[],"class_list":{"0":"post-24067","1":"product","2":"type-product","3":"status-publish","4":"has-post-thumbnail","6":"product_cat-signalisation-industrielle-et-circulation-sur-site","7":"product_cat-systemes-anti-collision","9":"first","10":"instock","11":"taxable","12":"shipping-taxable","13":"purchasable","14":"product-type-simple"},"_links":{"self":[{"href":"https:\/\/ezsecur.elsnerdev.com\/fr\/wp-json\/wp\/v2\/product\/24067","targetHints":{"allow":["GET"]}}],"collection":[{"href":"https:\/\/ezsecur.elsnerdev.com\/fr\/wp-json\/wp\/v2\/product"}],"about":[{"href":"https:\/\/ezsecur.elsnerdev.com\/fr\/wp-json\/wp\/v2\/types\/product"}],"wp:featuredmedia":[{"embeddable":true,"href":"https:\/\/ezsecur.elsnerdev.com\/fr\/wp-json\/wp\/v2\/media\/27983"}],"wp:attachment":[{"href":"https:\/\/ezsecur.elsnerdev.com\/fr\/wp-json\/wp\/v2\/media?parent=24067"}],"wp:term":[{"taxonomy":"product_brand","embeddable":true,"href":"https:\/\/ezsecur.elsnerdev.com\/fr\/wp-json\/wp\/v2\/product_brand?post=24067"},{"taxonomy":"product_cat","embeddable":true,"href":"https:\/\/ezsecur.elsnerdev.com\/fr\/wp-json\/wp\/v2\/product_cat?post=24067"},{"taxonomy":"product_tag","embeddable":true,"href":"https:\/\/ezsecur.elsnerdev.com\/fr\/wp-json\/wp\/v2\/product_tag?post=24067"}],"curies":[{"name":"wp","href":"https:\/\/api.w.org\/{rel}","templated":true}]}}