{"id":24162,"date":"2025-06-16T14:28:54","date_gmt":"2025-06-16T18:28:54","guid":{"rendered":"https:\/\/ezsecur.elsnerdev.com\/?post_type=product&#038;p=24162"},"modified":"2026-03-03T01:24:57","modified_gmt":"2026-03-03T06:24:57","slug":"affiche-espaces-clos-aluminium-0-064-vinyle-regulier-imprime-lamine-glace-16x12-standard-iz","status":"publish","type":"product","link":"https:\/\/ezsecur.elsnerdev.com\/fr\/product\/affiche-espaces-clos-aluminium-0-064-vinyle-regulier-imprime-lamine-glace-16x12-standard-iz\/","title":{"rendered":"AFFICHE &#8211; Espaces clos &#8211; Aluminium 0.064, vinyle r\u00e9gulier imprim\u00e9 lamin\u00e9 glac\u00e9 &#8211; 16&#215;12 &#8211; STANDARD IZ"},"content":{"rendered":"<p>Coins arrondis. Fond blanc, lettrage noir, pictogramme rouge DANGER, ESPACE CLOS, CONFINED SPACE, PERMIS OBLIGATOIRE, PERMIT MANDATORY, IDENTIFICATION DE L&rsquo;ESPACE \u00e0 confirmer.<\/p>\n","protected":false},"excerpt":{"rendered":"<p>Coins arrondis. Fond blanc, lettrage noir, pictogramme rouge DANGER, ESPACE CLOS, CONFINED SPACE, PERMIS OBLIGATOIRE, PERMIT MANDATORY, IDENTIFICATION DE L&rsquo;ESPACE \u00e0 confirmer.<\/p>\n","protected":false},"featured_media":27986,"template":"","meta":[],"product_brand":[],"product_cat":[389,401],"product_tag":[],"class_list":{"0":"post-24162","1":"product","2":"type-product","3":"status-publish","4":"has-post-thumbnail","6":"product_cat-signalisation-industrielle-et-circulation-sur-site","7":"product_cat-affichage-industriel","9":"first","10":"instock","11":"taxable","12":"shipping-taxable","13":"purchasable","14":"product-type-simple"},"_links":{"self":[{"href":"https:\/\/ezsecur.elsnerdev.com\/fr\/wp-json\/wp\/v2\/product\/24162","targetHints":{"allow":["GET"]}}],"collection":[{"href":"https:\/\/ezsecur.elsnerdev.com\/fr\/wp-json\/wp\/v2\/product"}],"about":[{"href":"https:\/\/ezsecur.elsnerdev.com\/fr\/wp-json\/wp\/v2\/types\/product"}],"wp:featuredmedia":[{"embeddable":true,"href":"https:\/\/ezsecur.elsnerdev.com\/fr\/wp-json\/wp\/v2\/media\/27986"}],"wp:attachment":[{"href":"https:\/\/ezsecur.elsnerdev.com\/fr\/wp-json\/wp\/v2\/media?parent=24162"}],"wp:term":[{"taxonomy":"product_brand","embeddable":true,"href":"https:\/\/ezsecur.elsnerdev.com\/fr\/wp-json\/wp\/v2\/product_brand?post=24162"},{"taxonomy":"product_cat","embeddable":true,"href":"https:\/\/ezsecur.elsnerdev.com\/fr\/wp-json\/wp\/v2\/product_cat?post=24162"},{"taxonomy":"product_tag","embeddable":true,"href":"https:\/\/ezsecur.elsnerdev.com\/fr\/wp-json\/wp\/v2\/product_tag?post=24162"}],"curies":[{"name":"wp","href":"https:\/\/api.w.org\/{rel}","templated":true}]}}