{"id":24188,"date":"2025-06-16T15:42:35","date_gmt":"2025-06-16T19:42:35","guid":{"rendered":"https:\/\/ezsecur.elsnerdev.com\/?post_type=product&#038;p=24188"},"modified":"2026-03-03T01:24:58","modified_gmt":"2026-03-03T06:24:58","slug":"compteur-de-jour-affiche-en-aluminium-080-compteur-manuel-3-digit-h4-vinyle-regulier-imprime-lamine-glace-24x30-standard","status":"publish","type":"product","link":"https:\/\/ezsecur.elsnerdev.com\/fr\/product\/compteur-de-jour-affiche-en-aluminium-080-compteur-manuel-3-digit-h4-vinyle-regulier-imprime-lamine-glace-24x30-standard\/","title":{"rendered":"Compteur de jour &#8211; Affiche en aluminium .080 &#8211; Compteur manuel 3 Digit H4&Prime; &#8211; Vinyle r\u00e9gulier imprim\u00e9 lamin\u00e9 glac\u00e9 24&#215;30 &#8211; STANDARD"},"content":{"rendered":"<p>Affiche 24&#215;30, comprenant: &#8211; Base t\u00f4le aluminium en 0.080, &#8211; Visuel sur vinyle r\u00e9gulier imprim\u00e9 lamin\u00e9 glac\u00e9, &#8211; Kit de compteur de jour manuel 3 digits, lamico\u00efde 3&Prime;X4&Prime; (3 de chaque); &#8211; Glissi\u00e8re de 10&#215;4 &#8211; Kit d&rsquo;installation murale.<\/p>\n","protected":false},"excerpt":{"rendered":"<p>Affiche 24&#215;30, comprenant: &#8211; Base t\u00f4le aluminium en 0.080, &#8211; Visuel sur vinyle r\u00e9gulier imprim\u00e9 lamin\u00e9 glac\u00e9, &#8211; Kit de compteur de jour manuel 3 digits,<span class=\"excerpt-hellip\"> [\u2026]<\/span><\/p>\n","protected":false},"featured_media":27988,"template":"","meta":[],"product_brand":[],"product_cat":[446,458],"product_tag":[],"class_list":{"0":"post-24188","1":"product","2":"type-product","3":"status-publish","4":"has-post-thumbnail","6":"product_cat-amelioration-continue","7":"product_cat-compteurs-armoires","9":"first","10":"instock","11":"taxable","12":"shipping-taxable","13":"purchasable","14":"product-type-simple"},"_links":{"self":[{"href":"https:\/\/ezsecur.elsnerdev.com\/fr\/wp-json\/wp\/v2\/product\/24188","targetHints":{"allow":["GET"]}}],"collection":[{"href":"https:\/\/ezsecur.elsnerdev.com\/fr\/wp-json\/wp\/v2\/product"}],"about":[{"href":"https:\/\/ezsecur.elsnerdev.com\/fr\/wp-json\/wp\/v2\/types\/product"}],"wp:featuredmedia":[{"embeddable":true,"href":"https:\/\/ezsecur.elsnerdev.com\/fr\/wp-json\/wp\/v2\/media\/27988"}],"wp:attachment":[{"href":"https:\/\/ezsecur.elsnerdev.com\/fr\/wp-json\/wp\/v2\/media?parent=24188"}],"wp:term":[{"taxonomy":"product_brand","embeddable":true,"href":"https:\/\/ezsecur.elsnerdev.com\/fr\/wp-json\/wp\/v2\/product_brand?post=24188"},{"taxonomy":"product_cat","embeddable":true,"href":"https:\/\/ezsecur.elsnerdev.com\/fr\/wp-json\/wp\/v2\/product_cat?post=24188"},{"taxonomy":"product_tag","embeddable":true,"href":"https:\/\/ezsecur.elsnerdev.com\/fr\/wp-json\/wp\/v2\/product_tag?post=24188"}],"curies":[{"name":"wp","href":"https:\/\/api.w.org\/{rel}","templated":true}]}}