{"id":24258,"date":"2025-08-12T07:22:12","date_gmt":"2025-08-12T11:22:12","guid":{"rendered":"https:\/\/ezsecur.elsnerdev.com\/?post_type=product&#038;p=24258"},"modified":"2026-03-03T01:24:59","modified_gmt":"2026-03-03T06:24:59","slug":"armoire-industrielle-heavy-avec-deshumidificateur-deshydratant-pour-sechage-rapide-de-vetements-acier-16ga-60x84x24-standard-iz-copy","status":"publish","type":"product","link":"https:\/\/ezsecur.elsnerdev.com\/fr\/product\/armoire-industrielle-heavy-avec-deshumidificateur-deshydratant-pour-sechage-rapide-de-vetements-acier-16ga-60x84x24-standard-iz-copy\/","title":{"rendered":"Armoire industrielle heavy avec d\u00e9shumidificateur d\u00e9shydratant pour s\u00e9chage rapide de v\u00eatements &#8211; Acier 16ga &#8211; 60x84x24 &#8211; STANDARD IZ"},"content":{"rendered":"<p>Armoire industrielle de s\u00e9chage en acier 12ga avec d\u00e9shumidificateur d\u00e9shydratant et \u00e9l\u00e9ment chauffant \u00e0 40C pour chauffer et ass\u00e9cher l&rsquo;air int\u00e9rieur \u00e0 85%, incluant:<br \/>\n&#8211; 1 d\u00e9shumidificateur d\u00e9shydratant avec mat\u00e9riaux de s\u00e9chage Zeolite et filtre anti poussi\u00e8re (l&rsquo;humidit\u00e9 est s\u00e9par\u00e9e du flux d&rsquo;air et dispers\u00e9e dans le tube d&rsquo;\u00e9vacuation d&rsquo;air), 61 CFM, 115 VAC, 350W, (CE, ETL, cETL);<br \/>\n&#8211; \u00c9l\u00e9ment chauffant industriel \u00e0 ailette 120 VAC, 2175W, (UL recognised);<br \/>\n&#8211; 1 panneau d&rsquo;alimentation et de contr\u00f4le, avec 1 bouton On, 1 bouton Off et 1 thermostat de contr\u00f4le de temp\u00e9rature \u00e0 40C;<br \/>\n&#8211; 2 p\u00f4les superpos\u00e9s pour suspendre un total de 25 cintres (inclus);<br \/>\n&#8211; Syst\u00e8me d&rsquo;\u00e9tanch\u00e9it\u00e9 des portes;<br \/>\n&#8211; 1 filtre \u00e0 poussi\u00e8re d&rsquo;entr\u00e9e d&rsquo;air;<br \/>\n&#8211; 1 boitier technique int\u00e9rieur de protection de l&rsquo;\u00e9l\u00e9ment chauffant et du d\u00e9shumidificateur, avec un tuyau d&rsquo;\u00e9vacuation humide et cap de protection de l&rsquo;\u00e9vacuation;<br \/>\nFonctionnement:<br \/>\n&#8211; Armoire \u00e9tanche;<br \/>\n&#8211; Entr\u00e9e d&rsquo;air filtr\u00e9e;<br \/>\n&#8211; Chauffage de l&rsquo;air int\u00e9rieur;<br \/>\n&#8211; Circulation et d\u00e9shydratation de l&rsquo;air int\u00e9rieur \u00e0 travers le d\u00e9shumidificateur;<br \/>\n&#8211; Expulsion de l&rsquo;air charg\u00e9 d&rsquo;humidit\u00e9 par un conduit d&rsquo;\u00e9vacuation;<br \/>\n&#8211; Contr\u00f4le de la temp\u00e9rature \u00e0 40C;<br \/>\n&#8211; Bouton On et Off;<br \/>\n&#8211; Fonctionnement 24\/7.<br \/>\nPrix pour 1 unit\u00e9= 15 595$<br \/>\nPrix unitaire pour lot de 2: 13 595$<br \/>\nPrix unitaire pour un lot de 5: 11 595$<\/p>\n","protected":false},"excerpt":{"rendered":"<p>Armoire industrielle de s\u00e9chage en acier 12ga avec d\u00e9shumidificateur d\u00e9shydratant et \u00e9l\u00e9ment chauffant \u00e0 40C pour chauffer et ass\u00e9cher l&rsquo;air int\u00e9rieur \u00e0 85%, incluant: &#8211; 1<span class=\"excerpt-hellip\"> [\u2026]<\/span><\/p>\n","protected":false},"featured_media":27989,"template":"","meta":[],"product_brand":[],"product_cat":[446,458],"product_tag":[],"class_list":{"0":"post-24258","1":"product","2":"type-product","3":"status-publish","4":"has-post-thumbnail","6":"product_cat-amelioration-continue","7":"product_cat-compteurs-armoires","9":"first","10":"instock","11":"taxable","12":"shipping-taxable","13":"purchasable","14":"product-type-simple"},"_links":{"self":[{"href":"https:\/\/ezsecur.elsnerdev.com\/fr\/wp-json\/wp\/v2\/product\/24258","targetHints":{"allow":["GET"]}}],"collection":[{"href":"https:\/\/ezsecur.elsnerdev.com\/fr\/wp-json\/wp\/v2\/product"}],"about":[{"href":"https:\/\/ezsecur.elsnerdev.com\/fr\/wp-json\/wp\/v2\/types\/product"}],"wp:featuredmedia":[{"embeddable":true,"href":"https:\/\/ezsecur.elsnerdev.com\/fr\/wp-json\/wp\/v2\/media\/27989"}],"wp:attachment":[{"href":"https:\/\/ezsecur.elsnerdev.com\/fr\/wp-json\/wp\/v2\/media?parent=24258"}],"wp:term":[{"taxonomy":"product_brand","embeddable":true,"href":"https:\/\/ezsecur.elsnerdev.com\/fr\/wp-json\/wp\/v2\/product_brand?post=24258"},{"taxonomy":"product_cat","embeddable":true,"href":"https:\/\/ezsecur.elsnerdev.com\/fr\/wp-json\/wp\/v2\/product_cat?post=24258"},{"taxonomy":"product_tag","embeddable":true,"href":"https:\/\/ezsecur.elsnerdev.com\/fr\/wp-json\/wp\/v2\/product_tag?post=24258"}],"curies":[{"name":"wp","href":"https:\/\/api.w.org\/{rel}","templated":true}]}}