{"id":24332,"date":"2025-09-11T11:21:19","date_gmt":"2025-09-11T15:21:19","guid":{"rendered":"https:\/\/ezsecur.elsnerdev.com\/?post_type=product&#038;p=24332"},"modified":"2026-03-03T01:25:02","modified_gmt":"2026-03-03T06:25:02","slug":"boitier-5s-murale-cadenassage-36x24x10-standard-iz","status":"publish","type":"product","link":"https:\/\/ezsecur.elsnerdev.com\/fr\/product\/boitier-5s-murale-cadenassage-36x24x10-standard-iz\/","title":{"rendered":"Boitier 5S &#8211; Murale &#8211; Cadenassage &#8211; 36x24x10 &#8211; STANDARD IZ"},"content":{"rendered":"<p>Boitier pour accessoires de cadenassage<br \/>\nDimensions 36X24X10<br \/>\nAluminium 0.125<br \/>\nPeinture cuite jaune<br \/>\nIncluant:<br \/>\nUn maximum de 30 crochets pour cadenas et 30 crochets pour cl\u00e9s;<br \/>\n2 portes en acrylique 1\/4 clair avec 4 pentures en acier chrom\u00e9 \u00e0 fermeture forc\u00e9e,<br \/>\n2 poign\u00e9es et 1 barrure,<br \/>\nFond avec Visuel sur vinyle imprim\u00e9 lamin\u00e9 glac\u00e9;<\/p>\n<p>Kit de fixation murale.<br \/>\nPeut-\u00eatre install\u00e9 sur SKU: STD-BAS-BOI-MUR-5S-CAD-ALU-36x10x42<br \/>\n***Fixation murale obligatoire***<br \/>\n*** Boitier sans cap de s\u00e9curit\u00e9 ***<\/p>\n","protected":false},"excerpt":{"rendered":"<p>Boitier pour accessoires de cadenassage Dimensions 36X24X10 Aluminium 0.125 Peinture cuite jaune Incluant: Un maximum de 30 crochets pour cadenas et 30 crochets pour cl\u00e9s; 2<span class=\"excerpt-hellip\"> [\u2026]<\/span><\/p>\n","protected":false},"featured_media":27993,"template":"","meta":[],"product_brand":[],"product_cat":[425,430],"product_tag":[],"class_list":{"0":"post-24332","1":"product","2":"type-product","3":"status-publish","4":"has-post-thumbnail","6":"product_cat-securite-machine-verrouillage-cadenassage","7":"product_cat-stations-de-verrouillage","8":"pa_sku-std-boi-5s-cad-alu-36x24x10","9":"pa_unit-pc","11":"first","12":"instock","13":"taxable","14":"shipping-taxable","15":"purchasable","16":"product-type-simple"},"_links":{"self":[{"href":"https:\/\/ezsecur.elsnerdev.com\/fr\/wp-json\/wp\/v2\/product\/24332","targetHints":{"allow":["GET"]}}],"collection":[{"href":"https:\/\/ezsecur.elsnerdev.com\/fr\/wp-json\/wp\/v2\/product"}],"about":[{"href":"https:\/\/ezsecur.elsnerdev.com\/fr\/wp-json\/wp\/v2\/types\/product"}],"wp:featuredmedia":[{"embeddable":true,"href":"https:\/\/ezsecur.elsnerdev.com\/fr\/wp-json\/wp\/v2\/media\/27993"}],"wp:attachment":[{"href":"https:\/\/ezsecur.elsnerdev.com\/fr\/wp-json\/wp\/v2\/media?parent=24332"}],"wp:term":[{"taxonomy":"product_brand","embeddable":true,"href":"https:\/\/ezsecur.elsnerdev.com\/fr\/wp-json\/wp\/v2\/product_brand?post=24332"},{"taxonomy":"product_cat","embeddable":true,"href":"https:\/\/ezsecur.elsnerdev.com\/fr\/wp-json\/wp\/v2\/product_cat?post=24332"},{"taxonomy":"product_tag","embeddable":true,"href":"https:\/\/ezsecur.elsnerdev.com\/fr\/wp-json\/wp\/v2\/product_tag?post=24332"}],"curies":[{"name":"wp","href":"https:\/\/api.w.org\/{rel}","templated":true}]}}