{"id":24353,"date":"2025-09-11T15:00:21","date_gmt":"2025-09-11T19:00:21","guid":{"rendered":"https:\/\/ezsecur.elsnerdev.com\/?post_type=product&#038;p=24353"},"modified":"2026-03-03T01:25:05","modified_gmt":"2026-03-03T06:25:05","slug":"viau-5s-crochet-piece-stainless-dia-0-75x7","status":"publish","type":"product","link":"https:\/\/ezsecur.elsnerdev.com\/fr\/product\/viau-5s-crochet-piece-stainless-dia-0-75x7\/","title":{"rendered":"VIAU &#8211; 5S &#8211; Crochet pi\u00e8ce &#8211; STAINLESS &#8211; DIA 0.75&#215;7"},"content":{"rendered":"<p>Support pin et guide pi\u00e8ce, Stainless 304, diam\u00e8tre 0.75 po, longueur 7 po, comprenant:<br \/>\n&#8211; Pin diam\u00e8tre 0.75 po, longueur 7 po en stainless 304;<br \/>\n&#8211; Rondelle d&rsquo;arr\u00eat de charge en stainless 304;<br \/>\n&#8211; Visserie en stainless 304.<\/p>\n<p>*** Installation sur Chariot 5S pr\u00e9-perfor\u00e9, sku: VIAU-5S-CHAR-STANLESS-96x58x24 ***<\/p>\n","protected":false},"excerpt":{"rendered":"<p>Support pin et guide pi\u00e8ce, Stainless 304, diam\u00e8tre 0.75 po, longueur 7 po, comprenant: &#8211; Pin diam\u00e8tre 0.75 po, longueur 7 po en stainless 304; &#8211;<span class=\"excerpt-hellip\"> [\u2026]<\/span><\/p>\n","protected":false},"featured_media":-1,"template":"","meta":[],"product_brand":[],"product_cat":[425,430],"product_tag":[],"class_list":{"0":"post-24353","1":"product","2":"type-product","3":"status-publish","4":"has-post-thumbnail","6":"product_cat-securite-machine-verrouillage-cadenassage","7":"product_cat-stations-de-verrouillage","8":"pa_sku-std-croch-boi-5s-cad-dia5-16x5","9":"pa_unit-pc","11":"first","12":"instock","13":"taxable","14":"shipping-taxable","15":"purchasable","16":"product-type-simple"},"_links":{"self":[{"href":"https:\/\/ezsecur.elsnerdev.com\/fr\/wp-json\/wp\/v2\/product\/24353","targetHints":{"allow":["GET"]}}],"collection":[{"href":"https:\/\/ezsecur.elsnerdev.com\/fr\/wp-json\/wp\/v2\/product"}],"about":[{"href":"https:\/\/ezsecur.elsnerdev.com\/fr\/wp-json\/wp\/v2\/types\/product"}],"wp:featuredmedia":[{"embeddable":true,"href":"https:\/\/ezsecur.elsnerdev.com\/fr\/wp-json\/"}],"wp:attachment":[{"href":"https:\/\/ezsecur.elsnerdev.com\/fr\/wp-json\/wp\/v2\/media?parent=24353"}],"wp:term":[{"taxonomy":"product_brand","embeddable":true,"href":"https:\/\/ezsecur.elsnerdev.com\/fr\/wp-json\/wp\/v2\/product_brand?post=24353"},{"taxonomy":"product_cat","embeddable":true,"href":"https:\/\/ezsecur.elsnerdev.com\/fr\/wp-json\/wp\/v2\/product_cat?post=24353"},{"taxonomy":"product_tag","embeddable":true,"href":"https:\/\/ezsecur.elsnerdev.com\/fr\/wp-json\/wp\/v2\/product_tag?post=24353"}],"curies":[{"name":"wp","href":"https:\/\/api.w.org\/{rel}","templated":true}]}}