{"id":24363,"date":"2025-09-11T15:43:36","date_gmt":"2025-09-11T19:43:36","guid":{"rendered":"https:\/\/ezsecur.elsnerdev.com\/?post_type=product&#038;p=24363"},"modified":"2026-03-03T01:25:06","modified_gmt":"2026-03-03T06:25:06","slug":"verrouillage-bas-de-station-aluminium-peinture-cuite-jaune-48x24x20-standard-iz","status":"publish","type":"product","link":"https:\/\/ezsecur.elsnerdev.com\/fr\/product\/verrouillage-bas-de-station-aluminium-peinture-cuite-jaune-48x24x20-standard-iz\/","title":{"rendered":"Verrouillage &#8211; Bas de Station &#8211; Aluminium &#8211; Peinture cuite jaune &#8211; 48x24x20 &#8211; STANDARD"},"content":{"rendered":"<p>Bas de station en aluminium incluant:<br \/>\nCadre en tubes d&rsquo;aluminium 1.5&#215;1.5; &#8211; Cappage en aluminium 0.064 peinture cuite jaune;<br \/>\n2 tablettes \u00e9critoires 21.75&#215;26.25, 2 tiroirs 21.75&#215;5.875, 2 tiroirs 21.75&#215;12, face en PVC 1\/2 noir, 1\/2, poign\u00e9es en aluminium fini bross\u00e9.<br \/>\n2 poign\u00e9es de mobilit\u00e9 aluminium fini bross\u00e9.<\/p>\n<p>Option disponible, ajout de 4 roues: 2 folles et 2 fixes<\/p>\n","protected":false},"excerpt":{"rendered":"<p>Bas de station en aluminium incluant: Cadre en tubes d&rsquo;aluminium 1.5&#215;1.5; &#8211; Cappage en aluminium 0.064 peinture cuite jaune; 2 tablettes \u00e9critoires 21.75&#215;26.25, 2 tiroirs 21.75&#215;5.875,<span class=\"excerpt-hellip\"> [\u2026]<\/span><\/p>\n","protected":false},"featured_media":27999,"template":"","meta":[],"product_brand":[],"product_cat":[425,430],"product_tag":[],"class_list":{"0":"post-24363","1":"product","2":"type-product","3":"status-publish","4":"has-post-thumbnail","6":"product_cat-securite-machine-verrouillage-cadenassage","7":"product_cat-stations-de-verrouillage","8":"pa_sku-std-ver-cab-alu-48x24x20","9":"pa_unit-pc","11":"first","12":"instock","13":"taxable","14":"shipping-taxable","15":"purchasable","16":"product-type-simple"},"_links":{"self":[{"href":"https:\/\/ezsecur.elsnerdev.com\/fr\/wp-json\/wp\/v2\/product\/24363","targetHints":{"allow":["GET"]}}],"collection":[{"href":"https:\/\/ezsecur.elsnerdev.com\/fr\/wp-json\/wp\/v2\/product"}],"about":[{"href":"https:\/\/ezsecur.elsnerdev.com\/fr\/wp-json\/wp\/v2\/types\/product"}],"wp:featuredmedia":[{"embeddable":true,"href":"https:\/\/ezsecur.elsnerdev.com\/fr\/wp-json\/wp\/v2\/media\/27999"}],"wp:attachment":[{"href":"https:\/\/ezsecur.elsnerdev.com\/fr\/wp-json\/wp\/v2\/media?parent=24363"}],"wp:term":[{"taxonomy":"product_brand","embeddable":true,"href":"https:\/\/ezsecur.elsnerdev.com\/fr\/wp-json\/wp\/v2\/product_brand?post=24363"},{"taxonomy":"product_cat","embeddable":true,"href":"https:\/\/ezsecur.elsnerdev.com\/fr\/wp-json\/wp\/v2\/product_cat?post=24363"},{"taxonomy":"product_tag","embeddable":true,"href":"https:\/\/ezsecur.elsnerdev.com\/fr\/wp-json\/wp\/v2\/product_tag?post=24363"}],"curies":[{"name":"wp","href":"https:\/\/api.w.org\/{rel}","templated":true}]}}